{"id":17579,"date":"2025-07-08T16:19:49","date_gmt":"2025-07-08T13:19:49","guid":{"rendered":"https:\/\/packstera.lt\/?post_type=product&#038;p=17579"},"modified":"2025-07-08T16:42:05","modified_gmt":"2025-07-08T13:42:05","slug":"automatinis-rankenu-aplikatorius-ha-serija","status":"publish","type":"product","link":"https:\/\/packstera.lt\/lv\/p\/automatinis-rankenu-aplikatorius-ha-serija\/","title":{"rendered":"Automatinis ranken\u0173 aplikatorius HA serija"},"content":{"rendered":"<div data-elementor-type=\"wp-post\" data-elementor-id=\"17579\" class=\"elementor elementor-17579\">\n\t\t\t\t\t\t<section class=\"elementor-section elementor-top-section elementor-element elementor-element-25c89cf3 elementor-section-boxed elementor-section-height-default elementor-section-height-default\" data-id=\"25c89cf3\" data-element_type=\"section\" data-e-type=\"section\">\n\t\t\t\t\t\t<div class=\"elementor-container elementor-column-gap-default\">\n\t\t\t\t\t<div class=\"elementor-column elementor-col-100 elementor-top-column elementor-element elementor-element-14fdbee6\" data-id=\"14fdbee6\" data-element_type=\"column\" data-e-type=\"column\">\n\t\t\t<div class=\"elementor-widget-wrap elementor-element-populated\">\n\t\t\t\t\t\t<div class=\"elementor-element elementor-element-44ed75fa elementor-widget elementor-widget-text-editor\" data-id=\"44ed75fa\" data-element_type=\"widget\" data-e-type=\"widget\" data-widget_type=\"text-editor.default\">\n\t\t\t\t<div class=\"elementor-widget-container\">\n\t\t\t\t\t\t\t\t\t<table dir=\"ltr\" border=\"1\" cellspacing=\"0\" cellpadding=\"0\" data-sheets-root=\"1\" data-sheets-baot=\"1\"><colgroup><col width=\"100\" \/><col width=\"100\" \/><\/colgroup><tbody><tr><td>Specifik\u0101cija<\/td><td>Noz\u012bme<\/td><\/tr><tr><td>Performance<\/td><td>Iki 25, 40, 60 arba 80 pakuo\u010di\u0173\/minut\u0119<\/td><\/tr><tr><td>Juostos ilgis ritinyje<\/td><td>3500 m<\/td><\/tr><tr><td>Maksimalus ritinio i\u0161orinis skersmuo<\/td><td>350 mm<\/td><\/tr><tr><td>Minimalus ritinio \u0161erdies skersmuo<\/td><td>6 coli\u0173<\/td><\/tr><tr><td>Maksimalus ritinio plotis<\/td><td>180 mm<\/td><\/tr><tr><td>Laikiklio talpa (vnt.)<\/td><td>Nuo 2000 iki 35000 (priklausomai nuo modelio)<\/td><\/tr><tr><td>Spausdinimas ant rankenos<\/td><td>Flekso (flexo)<\/td><\/tr><tr><td>Taikomi pakuo\u010di\u0173 tipai<\/td><td>Susitraukian\u010dios pl\u0117vel\u0117s pakuot\u0117s, kartonin\u0117s d\u0117\u017e\u0117s, briketai, popieriaus ritiniai, kietos pakuot\u0117s<\/td><\/tr><tr><td>Darbo re\u017eimai<\/td><td>Ranken\u0173 klijavimas arba \u201elaisvo pralaidumo\u201c re\u017eimas<\/td><\/tr><tr><td>\u201eIndustry 4.0\u201c atitikimas<\/td><td>J\u0101<\/td><\/tr><\/tbody><\/table>\t\t\t\t\t\t\t\t<\/div>\n\t\t\t\t<\/div>\n\t\t\t\t\t<\/div>\n\t\t<\/div>\n\t\t\t\t\t<\/div>\n\t\t<\/section>\n\t\t\t\t<section class=\"elementor-section elementor-top-section elementor-element elementor-element-30e8a38 elementor-section-boxed elementor-section-height-default elementor-section-height-default\" data-id=\"30e8a38\" data-element_type=\"section\" data-e-type=\"section\">\n\t\t\t\t\t\t<div class=\"elementor-container elementor-column-gap-default\">\n\t\t\t\t\t<div class=\"elementor-column elementor-col-66 elementor-top-column elementor-element elementor-element-0129562\" data-id=\"0129562\" data-element_type=\"column\" data-e-type=\"column\">\n\t\t\t<div class=\"elementor-widget-wrap elementor-element-populated\">\n\t\t\t\t\t\t<div class=\"elementor-element elementor-element-24fb148 elementor-widget elementor-widget-video\" data-id=\"24fb148\" data-element_type=\"widget\" data-e-type=\"widget\" data-settings=\"{&quot;youtube_url&quot;:&quot;https:\\\/\\\/www.youtube.com\\\/watch?v=uAxFnvPwqWM&quot;,&quot;video_type&quot;:&quot;youtube&quot;,&quot;controls&quot;:&quot;yes&quot;}\" data-widget_type=\"video.default\">\n\t\t\t\t<div class=\"elementor-widget-container\">\n\t\t\t\t\t\t\t<div class=\"elementor-wrapper elementor-open-inline\">\n\t\t\t<div class=\"elementor-video\"><\/div>\t\t<\/div>\n\t\t\t\t\t\t<\/div>\n\t\t\t\t<\/div>\n\t\t\t\t\t<\/div>\n\t\t<\/div>\n\t\t\t\t<div class=\"elementor-column elementor-col-33 elementor-top-column elementor-element elementor-element-872edc8\" data-id=\"872edc8\" data-element_type=\"column\" data-e-type=\"column\">\n\t\t\t<div class=\"elementor-widget-wrap elementor-element-populated\">\n\t\t\t\t\t\t<div class=\"elementor-element elementor-element-9bbd7d5 btn-position-bottom elementor-widget elementor-widget-razzi-image-button\" data-id=\"9bbd7d5\" data-element_type=\"widget\" data-e-type=\"widget\" data-widget_type=\"razzi-image-button.default\">\n\t\t\t\t<div class=\"elementor-widget-container\">\n\t\t\t\t\t<div class=\"razzi-image-button\"><img fetchpriority=\"high\" decoding=\"async\" width=\"640\" height=\"640\" src=\"https:\/\/packstera.lt\/wp-content\/uploads\/2025\/07\/HA-funzionam-1024x1024.jpg\" class=\"attachment-large size-large wp-image-17644\" alt=\"\" srcset=\"https:\/\/packstera.lt\/wp-content\/uploads\/2025\/07\/HA-funzionam-1024x1024.jpg 1024w, https:\/\/packstera.lt\/wp-content\/uploads\/2025\/07\/HA-funzionam-600x600.jpg 600w, https:\/\/packstera.lt\/wp-content\/uploads\/2025\/07\/HA-funzionam-150x150.jpg 150w, https:\/\/packstera.lt\/wp-content\/uploads\/2025\/07\/HA-funzionam-300x300.jpg 300w, https:\/\/packstera.lt\/wp-content\/uploads\/2025\/07\/HA-funzionam-768x768.jpg 768w\" sizes=\"(max-width: 640px) 100vw, 640px\" \/><a href=\"https:\/\/packstera.lt\/wp-content\/uploads\/2025\/06\/serie-ha-en-es-pt.pdf\" target=\"_blank\" rel=\"nofollow\" class=\"razzi-image-button__link\"><\/a><a href=\"https:\/\/packstera.lt\/wp-content\/uploads\/2025\/06\/serie-ha-en-es-pt.pdf\" target=\"_blank\" rel=\"nofollow\" class=\"razzi-image-button__position razzi-image-button__button\">Ra\u017eot\u0101ja apraksts <span class=\"razzi-svg-icon\"><svg aria-hidden=\"true\" role=\"img\" focusable=\"false\" xmlns=\"http:\/\/www.w3.org\/2000\/svg\" width=\"24\" height=\"24\" viewbox=\"0 0 24 24\" fill=\"none\" stroke=\"currentColor\" stroke-width=\"2\" stroke-linecap=\"round\" stroke-linejoin=\"round\"><line x1=\"0\" y1=\"12\" x2=\"19\" y2=\"12\"><\/line><polyline points=\"12 5 19 12 12 19\"><\/polyline><\/svg><\/span><\/a><\/div>\t\t\t\t<\/div>\n\t\t\t\t<\/div>\n\t\t\t\t\t<\/div>\n\t\t<\/div>\n\t\t\t\t\t<\/div>\n\t\t<\/section>\n\t\t\t\t<\/div>","protected":false},"excerpt":{"rendered":"<p style=\"text-align: justify;\">Automatinis ranken\u0173 aplikatorius HA serija yra automatiniai ranken\u0173 klijavimo \u012frenginiai, skirti klijuoti susitraukian\u010dios pl\u0117vel\u0117s pakuotes, kartonines d\u0117\u017ees, brikus, popieriaus ritin\u0117lius ar bet kokio tipo stand\u017eias pakuotes. HA serijos ma\u0161inos gali klijuoti \u012fvairi\u0173 tip\u0173 rankenas kartu su skaidria lipnia juosta ir yra pagamintos i\u0161: i\u0161 anksto supjaustyt\u0173 kartonini\u0173 etike\u010di\u0173, i\u0161 anksto apdorot\u0173 lipnios juostos ritin\u0117li\u0173, popieriaus ir polipropileno ranken\u0173 ant ritin\u0117li\u0173.<\/p>\n<p>\u0160iuo metu galimi modeliai: HA 25, HA 40, HA 60, HA 80, kuri\u0173 paskutinis skai\u010dius rodo maksimal\u0173 ma\u0161inos greit\u012f pakuot\u0117mis per minut\u0119.<\/p>","protected":false},"featured_media":17602,"template":"","meta":[],"product_cat":[567,559],"product_tag":[],"class_list":{"0":"post-17579","1":"product","2":"type-product","3":"status-publish","4":"has-post-thumbnail","6":"product_brand-smipack","7":"product_cat-pakavimo-i-termo-plevele-irenginiai","8":"product_cat-deziu-formavimo-irenginiai","10":"first","11":"instock","12":"shipping-taxable","13":"product-type-simple"},"_links":{"self":[{"href":"https:\/\/packstera.lt\/lv\/wp-json\/wp\/v2\/product\/17579","targetHints":{"allow":["GET"]}}],"collection":[{"href":"https:\/\/packstera.lt\/lv\/wp-json\/wp\/v2\/product"}],"about":[{"href":"https:\/\/packstera.lt\/lv\/wp-json\/wp\/v2\/types\/product"}],"version-history":[{"count":7,"href":"https:\/\/packstera.lt\/lv\/wp-json\/wp\/v2\/product\/17579\/revisions"}],"predecessor-version":[{"id":17647,"href":"https:\/\/packstera.lt\/lv\/wp-json\/wp\/v2\/product\/17579\/revisions\/17647"}],"wp:featuredmedia":[{"embeddable":true,"href":"https:\/\/packstera.lt\/lv\/wp-json\/wp\/v2\/media\/17602"}],"wp:attachment":[{"href":"https:\/\/packstera.lt\/lv\/wp-json\/wp\/v2\/media?parent=17579"}],"wp:term":[{"taxonomy":"product_cat","embeddable":true,"href":"https:\/\/packstera.lt\/lv\/wp-json\/wp\/v2\/product_cat?post=17579"},{"taxonomy":"product_tag","embeddable":true,"href":"https:\/\/packstera.lt\/lv\/wp-json\/wp\/v2\/product_tag?post=17579"}],"curies":[{"name":"wp","href":"https:\/\/api.w.org\/{rel}","templated":true}]}}