{"id":17673,"date":"2025-10-10T15:54:37","date_gmt":"2025-10-10T12:54:37","guid":{"rendered":"https:\/\/packstera.lt\/?post_type=product&#038;p=17673"},"modified":"2025-10-10T16:05:20","modified_gmt":"2025-10-10T13:05:20","slug":"maiseliu-formavimo-ir-uzpildymo-irenginys","status":"publish","type":"product","link":"https:\/\/packstera.lt\/lv\/p\/maiseliu-formavimo-ir-uzpildymo-irenginys\/","title":{"rendered":"Simplicita Bag Smart mai\u0161eli\u0173 formavimo ir u\u017epildymo \u012frenginys"},"content":{"rendered":"<div data-elementor-type=\"wp-post\" data-elementor-id=\"17673\" class=\"elementor elementor-17673\">\n\t\t\t\t\t\t<section class=\"elementor-section elementor-top-section elementor-element elementor-element-25c89cf3 elementor-section-boxed elementor-section-height-default elementor-section-height-default\" data-id=\"25c89cf3\" data-element_type=\"section\" data-e-type=\"section\">\n\t\t\t\t\t\t<div class=\"elementor-container elementor-column-gap-default\">\n\t\t\t\t\t<div class=\"elementor-column elementor-col-100 elementor-top-column elementor-element elementor-element-14fdbee6\" data-id=\"14fdbee6\" data-element_type=\"column\" data-e-type=\"column\">\n\t\t\t<div class=\"elementor-widget-wrap elementor-element-populated\">\n\t\t\t\t\t\t<div class=\"elementor-element elementor-element-918146c elementor-widget elementor-widget-text-editor\" data-id=\"918146c\" data-element_type=\"widget\" data-e-type=\"widget\" data-widget_type=\"text-editor.default\">\n\t\t\t\t<div class=\"elementor-widget-container\">\n\t\t\t\t\t\t\t\t\t<p style=\"text-align: justify;\" data-start=\"22\" data-end=\"779\"><strong>Simplicita Bag Smart<\/strong> yra universalus mai\u0161eli\u0173 formavimo ir u\u017epildymo \u012frenginys. Jis formuoja mai\u0161elius i\u0161 vieno ritinio vamzdinio pl\u0117vel\u0117s, leid\u017eia gaminti mai\u0161elius begalinio ilgio ir juos u\u017epildyti rankomis, pusiau automati\u0161kai arba pilnai automatizuotai. Pagrindin\u0117s savyb\u0117s: ritinio keitimas ma\u017eiau nei 60 s, darbinis ciklo greitis iki 42 mai\u0161eli\u0173 per minut\u0119, reguliuojama produkto \u012fd\u0117jimo anga, mai\u0161elio galimyb\u0117 i\u0161eiti bet kuria kryptimi, darbinio pavir\u0161iaus auk\u0161tis 870 mm, darbo konfig\u016bracij\u0173 i\u0161saugojimas ir greitas atk\u016brimas, Ethernet jungtis nuotolinei pagalbai, mobilus HMI lietimui jautrus ekranas. \u012erenginys turi tvirt\u0105 konstrukcij\u0105 i\u0161 elektros suvirinto ir milteliniu b\u016bdu dengto plieno su ABS dang\u010diais.<\/p>\t\t\t\t\t\t\t\t<\/div>\n\t\t\t\t<\/div>\n\t\t\t\t<div class=\"elementor-element elementor-element-44ed75fa elementor-widget elementor-widget-text-editor\" data-id=\"44ed75fa\" data-element_type=\"widget\" data-e-type=\"widget\" data-widget_type=\"text-editor.default\">\n\t\t\t\t<div class=\"elementor-widget-container\">\n\t\t\t\t\t\t\t\t\t<table><thead><tr><th>Parametrs<\/th><th>Simplicita Bag Smart 220 EM<\/th><th>Simplicita Bag Smart 400H<\/th><th>Simplicita Bag Smart 600H<\/th><\/tr><\/thead><tbody><tr><td>Ritinin\u0117s pl\u0117vel\u0117s plotis<\/td><td>80 \/ 220 mm<\/td><td>80 \/ 400 mm<\/td><td>80 \/ 600 mm<\/td><\/tr><tr><td>Gamybos greitis (mai\u0161.\/min)<\/td><td>60 bpm<\/td><td>40 bpm<\/td><td>30 bpm<\/td><\/tr><tr><td>Mai\u0161elio ilgis<\/td><td>min. 50 mm, max. neribotas<\/td><td>min. 50 mm, max. neribotas<\/td><td>min. 50 mm, max. neribotas<\/td><\/tr><tr><td>Maks. ritinio diametras<\/td><td>300 mm<\/td><td>300 mm<\/td><td>300 mm<\/td><\/tr><tr><td>Maks. ritinio svoris<\/td><td>18 kg<\/td><td>18 kg<\/td><td>18 kg<\/td><\/tr><tr><td>bar\u012bba<\/td><td>110\/220 VAC, 50\/60 Hz (1 kW be pried\u0173)<\/td><td>110\/220 VAC, 50\/60 Hz (1 kW be pried\u0173)<\/td><td>110\/220 VAC, 50\/60 Hz (1 kW be pried\u0173)<\/td><\/tr><tr><td>Darbinis oro sl\u0117gis ir suvartojimas<\/td><td>4\/8 bar, 1,5 L \/ ciklas (priklausomai nuo konfig\u016bracijos)<\/td><td>4\/8 bar, 1,5 L \/ ciklas (priklausomai nuo konfig\u016bracijos)<\/td><td>4\/8 bar, 1,5 L \/ ciklas (priklausomai nuo konfig\u016bracijos)<\/td><\/tr><tr><td>Komunikacijos<\/td><td>Standartas: Modbus TCP\/IP, galimos kitos jungtys pagal poreik\u012f<\/td><td>Standartas: Modbus TCP\/IP, galimos kitos jungtys pagal poreik\u012f<\/td><td>Standartas: Modbus TCP\/IP, galimos kitos jungtys pagal poreik\u012f<\/td><\/tr><tr><td>Ma\u0161inos i\u0161matavimai (L x P x H)<\/td><td>640 x 1000 x h.1170 mm<\/td><td>555 x 930 x h.430 mm<\/td><td>1020 x 1160 x h.1170 mm<\/td><\/tr><\/tbody><\/table><p>\u00a0<\/p>\t\t\t\t\t\t\t\t<\/div>\n\t\t\t\t<\/div>\n\t\t\t\t\t<\/div>\n\t\t<\/div>\n\t\t\t\t\t<\/div>\n\t\t<\/section>\n\t\t\t\t<section class=\"elementor-section elementor-top-section elementor-element elementor-element-edcd653 elementor-section-boxed elementor-section-height-default elementor-section-height-default\" data-id=\"edcd653\" data-element_type=\"section\" data-e-type=\"section\">\n\t\t\t\t\t\t<div class=\"elementor-container elementor-column-gap-default\">\n\t\t\t\t\t<div class=\"elementor-column elementor-col-100 elementor-top-column elementor-element elementor-element-ecc666d\" data-id=\"ecc666d\" data-element_type=\"column\" data-e-type=\"column\">\n\t\t\t<div class=\"elementor-widget-wrap elementor-element-populated\">\n\t\t\t\t\t\t<div class=\"elementor-element elementor-element-bf552b2 elementor-widget elementor-widget-text-editor\" data-id=\"bf552b2\" data-element_type=\"widget\" data-e-type=\"widget\" data-widget_type=\"text-editor.default\">\n\t\t\t\t<div class=\"elementor-widget-container\">\n\t\t\t\t\t\t\t\t\t<p style=\"text-align: justify;\" data-start=\"1854\" data-end=\"2284\"><b>Darbo principas ir pritaikymas:<\/b><br \/>Simplicita Bag Smart naudoja vamzdin\u0119 pl\u0117vel\u0119. Ma\u0161ina suformuoja mai\u0161el\u012f ir laiko j\u012f atvert\u0105 su anga \u012f vir\u0161\u0173. J\u016bs dedate produkt\u0105, ma\u0161ina sandarina mai\u0161el\u012f ir paruo\u0161ia kit\u0105. Sistema suma\u017eina kritimo auk\u0161t\u012f ir leid\u017eia dirbti rankomis, jei mai\u0161elio dydis tai leid\u017eia. Konstrukcija leid\u017eia integruoti ma\u0161in\u0105 \u012f esam\u0105 linij\u0105 arba naudoti atskirose pakuot\u0117s stotyse.\u00a0<\/p><p style=\"text-align: justify;\" data-start=\"2286\" data-end=\"3051\"><b>Pieejamie aksesu\u0101ri:<\/b><br \/>Ravizza si\u016blo daug pried\u0173, kad pritaikytum\u0117te ma\u0161in\u0105 konkre\u010diam produktui ir darbo eigai. Da\u017eniausi priedai: ratukai su stabd\u017eiais, oro reduktoriai ir oro paruo\u0161imo grup\u0117s, mai\u0161eli\u0173 purtytuvai, anti-gludumo \u012frenginiai, tiesioginio termino spausdintuvai, sv\u0117rimo dozavimo moduliai su konvejeriu, ritinio pabaigos davikliai, Euroslot rinkinys, pl\u0117vel\u0117s prasukimo stabdys su enkoderiu, piltuvai su mobiliomis pertvaromis, konvejeriai ir dir\u017eeliai sunkiems produktams, dvigub\u0173 mai\u0161eli\u0173 komplektas, mikroperforatoriai, kalibruoti mandreliai, keli\u0173 ritini\u0173 konfiguratoriai, \u017eym\u0117jimo ir atpa\u017einimo sensoriai, ma\u0161inos atrama su atvyniojimu. Pried\u0173 s\u0105ra\u0161as leid\u017eia automatizuoti \u012fd\u0117jim\u0105, \u017eenklinim\u0105 ir mai\u0161eli\u0173 tvarkym\u0105.\u00a0<\/p><p style=\"text-align: justify;\" data-start=\"3053\" data-end=\"3453\"><b>Valdymas ir ergonomika:<\/b><br \/>Ma\u0161ina turi integruot\u0105 valdymo pult\u0105 su daugiafunkciniais meniu ir trij\u0173 lygi\u0173 prieiga su slapta\u017eod\u017eiais. Yra atmintis darbo konfig\u016bracijoms, Ethernet jungtis nuotolinei prie\u017ei\u016brai ir galimybei atnaujinti programin\u0119 \u012frang\u0105. Darbo auk\u0161tis 870 mm leid\u017eia operatoriui dirbti stovint arba s\u0117dint. Ma\u0161in\u0105 galima u\u017esakyti su ratukais mobilumui.\u00a0<\/p>\t\t\t\t\t\t\t\t<\/div>\n\t\t\t\t<\/div>\n\t\t\t\t\t<\/div>\n\t\t<\/div>\n\t\t\t\t\t<\/div>\n\t\t<\/section>\n\t\t\t\t<section class=\"elementor-section elementor-top-section elementor-element elementor-element-30e8a38 elementor-section-boxed elementor-section-height-default elementor-section-height-default\" data-id=\"30e8a38\" data-element_type=\"section\" data-e-type=\"section\">\n\t\t\t\t\t\t<div class=\"elementor-container elementor-column-gap-default\">\n\t\t\t\t\t<div class=\"elementor-column elementor-col-66 elementor-top-column elementor-element elementor-element-0129562\" data-id=\"0129562\" data-element_type=\"column\" data-e-type=\"column\">\n\t\t\t<div class=\"elementor-widget-wrap elementor-element-populated\">\n\t\t\t\t\t\t<div class=\"elementor-element elementor-element-24fb148 elementor-widget elementor-widget-video\" data-id=\"24fb148\" data-element_type=\"widget\" data-e-type=\"widget\" data-settings=\"{&quot;youtube_url&quot;:&quot;https:\\\/\\\/www.youtube.com\\\/watch?v=JYX9Teetu-E&quot;,&quot;video_type&quot;:&quot;youtube&quot;,&quot;controls&quot;:&quot;yes&quot;}\" data-widget_type=\"video.default\">\n\t\t\t\t<div class=\"elementor-widget-container\">\n\t\t\t\t\t\t\t<div class=\"elementor-wrapper elementor-open-inline\">\n\t\t\t<div class=\"elementor-video\"><\/div>\t\t<\/div>\n\t\t\t\t\t\t<\/div>\n\t\t\t\t<\/div>\n\t\t\t\t\t<\/div>\n\t\t<\/div>\n\t\t\t\t<div class=\"elementor-column elementor-col-33 elementor-top-column elementor-element elementor-element-872edc8\" data-id=\"872edc8\" data-element_type=\"column\" data-e-type=\"column\">\n\t\t\t<div class=\"elementor-widget-wrap elementor-element-populated\">\n\t\t\t\t\t\t<div class=\"elementor-element elementor-element-9bbd7d5 btn-position-bottom elementor-widget elementor-widget-razzi-image-button\" data-id=\"9bbd7d5\" data-element_type=\"widget\" data-e-type=\"widget\" data-widget_type=\"razzi-image-button.default\">\n\t\t\t\t<div class=\"elementor-widget-container\">\n\t\t\t\t\t<div class=\"razzi-image-button\"><img fetchpriority=\"high\" decoding=\"async\" width=\"640\" height=\"640\" src=\"https:\/\/packstera.lt\/wp-content\/uploads\/2025\/10\/Screenshot_9-1024x1024.jpg\" class=\"attachment-large size-large wp-image-17679\" alt=\"\" srcset=\"https:\/\/packstera.lt\/wp-content\/uploads\/2025\/10\/Screenshot_9-1024x1024.jpg 1024w, https:\/\/packstera.lt\/wp-content\/uploads\/2025\/10\/Screenshot_9-600x600.jpg 600w, https:\/\/packstera.lt\/wp-content\/uploads\/2025\/10\/Screenshot_9-150x150.jpg 150w, https:\/\/packstera.lt\/wp-content\/uploads\/2025\/10\/Screenshot_9-300x300.jpg 300w, https:\/\/packstera.lt\/wp-content\/uploads\/2025\/10\/Screenshot_9-768x768.jpg 768w\" sizes=\"(max-width: 640px) 100vw, 640px\" \/><a href=\"https:\/\/ravizzapackaging.com\/wp-content\/uploads\/2022\/05\/depliant_simplicita_2022_GB_compressed.pdf\" target=\"_blank\" rel=\"nofollow noopener\" class=\"razzi-image-button__link\"><\/a><a href=\"https:\/\/ravizzapackaging.com\/wp-content\/uploads\/2022\/05\/depliant_simplicita_2022_GB_compressed.pdf\" target=\"_blank\" rel=\"nofollow noopener\" class=\"razzi-image-button__position razzi-image-button__button\">Ra\u017eot\u0101ja apraksts <span class=\"razzi-svg-icon\"><svg aria-hidden=\"true\" role=\"img\" focusable=\"false\" xmlns=\"http:\/\/www.w3.org\/2000\/svg\" width=\"24\" height=\"24\" viewbox=\"0 0 24 24\" fill=\"none\" stroke=\"currentColor\" stroke-width=\"2\" stroke-linecap=\"round\" stroke-linejoin=\"round\"><line x1=\"0\" y1=\"12\" x2=\"19\" y2=\"12\"><\/line><polyline points=\"12 5 19 12 12 19\"><\/polyline><\/svg><\/span><\/a><\/div>\t\t\t\t<\/div>\n\t\t\t\t<\/div>\n\t\t\t\t\t<\/div>\n\t\t<\/div>\n\t\t\t\t\t<\/div>\n\t\t<\/section>\n\t\t\t\t<\/div>","protected":false},"excerpt":{"rendered":"<p style=\"text-align: justify;\">Simplicita Bag Smart yra universalus mai\u0161eli\u0173 formavimo ir u\u017epildymo \u012frenginys, gaminantis mai\u0161elius i\u0161 vieno ritinio vamzdin\u0117s pl\u0117vel\u0117s. Modeliai 220 EM, 400H ir 600H skiriasi ritinio plo\u010diu, ciklo grei\u010diu ir i\u0161matavimais, tod\u0117l galite pasirinkti sprendim\u0105 pagal produkto dyd\u012f ir na\u0161um\u0105. Ma\u0161ina formuoja atvirus mai\u0161elius, leid\u017eia rankin\u012f arba automatizuot\u0105 u\u017epildym\u0105, sandarina mai\u0161elius ir paruo\u0161ia kit\u0105. Pagrindin\u0117s savyb\u0117s: greitas ritinio keitimas, darbo konfig\u016bracij\u0173 atmintis, reguliuojama \u012fd\u0117jimo anga, Ethernet nuotolinei pagalbai ir platus pried\u0173 pasirinkimas. Tinka smulkiems ir sunkesniems komponentams, avalynei, farmacijai ir kitoms pramon\u0117s \u0161akoms.<\/p>","protected":false},"featured_media":17677,"template":"","meta":[],"product_cat":[575],"product_tag":[],"class_list":{"0":"post-17673","1":"product","2":"type-product","3":"status-publish","4":"has-post-thumbnail","6":"product_brand-simplicita","7":"product_cat-ispilstymo-ir-uzdarymo-i-maiselius-irenginiai","9":"first","10":"instock","11":"shipping-taxable","12":"product-type-simple"},"_links":{"self":[{"href":"https:\/\/packstera.lt\/lv\/wp-json\/wp\/v2\/product\/17673","targetHints":{"allow":["GET"]}}],"collection":[{"href":"https:\/\/packstera.lt\/lv\/wp-json\/wp\/v2\/product"}],"about":[{"href":"https:\/\/packstera.lt\/lv\/wp-json\/wp\/v2\/types\/product"}],"version-history":[{"count":8,"href":"https:\/\/packstera.lt\/lv\/wp-json\/wp\/v2\/product\/17673\/revisions"}],"predecessor-version":[{"id":17685,"href":"https:\/\/packstera.lt\/lv\/wp-json\/wp\/v2\/product\/17673\/revisions\/17685"}],"wp:featuredmedia":[{"embeddable":true,"href":"https:\/\/packstera.lt\/lv\/wp-json\/wp\/v2\/media\/17677"}],"wp:attachment":[{"href":"https:\/\/packstera.lt\/lv\/wp-json\/wp\/v2\/media?parent=17673"}],"wp:term":[{"taxonomy":"product_cat","embeddable":true,"href":"https:\/\/packstera.lt\/lv\/wp-json\/wp\/v2\/product_cat?post=17673"},{"taxonomy":"product_tag","embeddable":true,"href":"https:\/\/packstera.lt\/lv\/wp-json\/wp\/v2\/product_tag?post=17673"}],"curies":[{"name":"wp","href":"https:\/\/api.w.org\/{rel}","templated":true}]}}