{"id":15904,"date":"2023-04-04T13:40:36","date_gmt":"2023-04-04T10:40:36","guid":{"rendered":"http:\/\/packstera.lt\/?page_id=15904"},"modified":"2023-04-04T16:42:57","modified_gmt":"2023-04-04T13:42:57","slug":"%d0%bf%d0%be%d0%b4%d0%b3%d0%be%d1%82%d0%be%d0%b2%d0%ba%d0%b0-%d1%82%d0%b5%d1%85%d0%bd%d0%b8%d1%87%d0%b5%d1%81%d0%ba%d0%be%d0%b3%d0%be-%d0%b7%d0%b0%d0%b4%d0%b0%d0%bd%d0%b8%d1%8f","status":"publish","type":"page","link":"https:\/\/packstera.lt\/ru\/techniniu-specifikaciju-ruosimas\/","title":{"rendered":"\u041f\u043e\u0434\u0433\u043e\u0442\u043e\u0432\u043a\u0430 \u0442\u0435\u0445\u043d\u0438\u0447\u0435\u0441\u043a\u043e\u0433\u043e \u0437\u0430\u0434\u0430\u043d\u0438\u044f"},"content":{"rendered":"\t\t<div data-elementor-type=\"wp-page\" data-elementor-id=\"15904\" class=\"elementor elementor-15904\">\n\t\t\t\t\t\t<section class=\"elementor-section elementor-top-section elementor-element elementor-element-02a68f0 elementor-section-boxed elementor-section-height-default elementor-section-height-default\" data-id=\"02a68f0\" data-element_type=\"section\" data-e-type=\"section\">\n\t\t\t\t\t\t<div class=\"elementor-container elementor-column-gap-default\">\n\t\t\t\t\t<div class=\"elementor-column elementor-col-50 elementor-top-column elementor-element elementor-element-abfdf83\" data-id=\"abfdf83\" data-element_type=\"column\" data-e-type=\"column\">\n\t\t\t<div class=\"elementor-widget-wrap elementor-element-populated\">\n\t\t\t\t\t\t<div class=\"elementor-element elementor-element-8e46664 elementor-widget elementor-widget-razzi-heading\" data-id=\"8e46664\" data-element_type=\"widget\" data-e-type=\"widget\" data-widget_type=\"razzi-heading.default\">\n\t\t\t\t<div class=\"elementor-widget-container\">\n\t\t\t\t\t<div class=\"razzi-heading-wrapper\"><h2 class=\"razzi-heading-title\"><small>Pakavimo \u012frangos pirkimo<\/small> Technini\u0173 specifikacij\u0173 ruo\u0161imas<\/h2><\/div>\t\t\t\t<\/div>\n\t\t\t\t<\/div>\n\t\t\t\t<div class=\"elementor-element elementor-element-07ac4e4 elementor-widget elementor-widget-text-editor\" data-id=\"07ac4e4\" data-element_type=\"widget\" data-e-type=\"widget\" data-widget_type=\"text-editor.default\">\n\t\t\t\t<div class=\"elementor-widget-container\">\n\t\t\t\t\t\t\t\t\t<p>Packstera gali Jums pad\u0117ti ruo\u0161iant technines specifikacijas pakavimo \u012frangos pirkimui. Puikiai suprantame, kad teisingos \u012frangos pasirinkimas gali b\u016bti sud\u0117tingas u\u017edavinys, ypa\u010d kai kalbama apie pakavimo linijas. M\u016bs\u0173 specialistai gali pad\u0117ti i\u0161siai\u0161kinti J\u016bs\u0173 poreikius ir aplenkti galimas pasirinkimo klaidas, parengdami i\u0161sami\u0105 technin\u0119 specifikacij\u0105, kurioje b\u016bt\u0173 nurodytos visos b\u016btinos detal\u0117s Jums tinkamai \u012frangai. Pasitik\u0117dami m\u016bs\u0173 kompetencija, galite b\u016bti tikri, kad gausite reikiam\u0105 \u012frang\u0105, atitinkan\u010di\u0105 J\u016bs\u0173 pakavimo poreikius.<\/p>\n<p>Trumpai apra\u0161ykite kokios \u012frangos pirkimui reikalinga specifikacija ir netrukus Packstera specialistai su Jumis susisieks d\u0117l tolesni\u0173 detali\u0173.<\/p>\t\t\t\t\t\t\t\t<\/div>\n\t\t\t\t<\/div>\n\t\t\t\t\t<\/div>\n\t\t<\/div>\n\t\t\t\t<div class=\"elementor-column elementor-col-50 elementor-top-column elementor-element elementor-element-53de1db\" data-id=\"53de1db\" data-element_type=\"column\" data-e-type=\"column\">\n\t\t\t<div class=\"elementor-widget-wrap elementor-element-populated\">\n\t\t\t\t\t\t<div class=\"elementor-element elementor-element-14777e8 elementor-widget elementor-widget-text-editor\" data-id=\"14777e8\" data-element_type=\"widget\" data-e-type=\"widget\" data-widget_type=\"text-editor.default\">\n\t\t\t\t<div class=\"elementor-widget-container\">\n\t\t\t\t\t\t\t\t\t<p><script data-b24-form=\"inline\/15\/xkbdae\" data-skip-moving=\"true\">\r\n(function(w,d,u){\r\nvar s=d.createElement('script');s.async=true;s.src=u+'?'+(Date.now()\/180000|0);\r\nvar h=d.getElementsByTagName('script')[0];h.parentNode.insertBefore(s,h);\r\n})(window,document,'https:\/\/cdn.bitrix24.eu\/b23451613\/crm\/form\/loader_15.js');\r\n<\/script><\/p>\t\t\t\t\t\t\t\t<\/div>\n\t\t\t\t<\/div>\n\t\t\t\t\t<\/div>\n\t\t<\/div>\n\t\t\t\t\t<\/div>\n\t\t<\/section>\n\t\t\t\t<\/div>\n\t\t","protected":false},"excerpt":{"rendered":"<p>Pakavimo \u012frangos pirkimo Technini\u0173 specifikacij\u0173 ruo\u0161imas Packstera gali Jums pad\u0117ti ruo\u0161iant technines specifikacijas pakavimo \u012frangos pirkimui. Puikiai suprantame, kad teisingos \u012frangos pasirinkimas gali b\u016bti sud\u0117tingas u\u017edavinys, ypa\u010d kai kalbama apie pakavimo linijas. M\u016bs\u0173 specialistai gali pad\u0117ti i\u0161siai\u0161kinti J\u016bs\u0173 poreikius ir aplenkti galimas pasirinkimo klaidas, parengdami i\u0161sami\u0105 technin\u0119 specifikacij\u0105, kurioje b\u016bt\u0173 nurodytos visos b\u016btinos detal\u0117s Jums [&hellip;]<\/p>\n","protected":false},"author":2,"featured_media":0,"parent":0,"menu_order":0,"comment_status":"closed","ping_status":"closed","template":"","meta":{"footnotes":""},"class_list":["post-15904","page","type-page","status-publish","hentry"],"_links":{"self":[{"href":"https:\/\/packstera.lt\/ru\/wp-json\/wp\/v2\/pages\/15904","targetHints":{"allow":["GET"]}}],"collection":[{"href":"https:\/\/packstera.lt\/ru\/wp-json\/wp\/v2\/pages"}],"about":[{"href":"https:\/\/packstera.lt\/ru\/wp-json\/wp\/v2\/types\/page"}],"author":[{"embeddable":true,"href":"https:\/\/packstera.lt\/ru\/wp-json\/wp\/v2\/users\/2"}],"replies":[{"embeddable":true,"href":"https:\/\/packstera.lt\/ru\/wp-json\/wp\/v2\/comments?post=15904"}],"version-history":[{"count":19,"href":"https:\/\/packstera.lt\/ru\/wp-json\/wp\/v2\/pages\/15904\/revisions"}],"predecessor-version":[{"id":15927,"href":"https:\/\/packstera.lt\/ru\/wp-json\/wp\/v2\/pages\/15904\/revisions\/15927"}],"wp:attachment":[{"href":"https:\/\/packstera.lt\/ru\/wp-json\/wp\/v2\/media?parent=15904"}],"curies":[{"name":"WP","href":"https:\/\/api.w.org\/{rel}","templated":true}]}}