{"id":584,"date":"2020-10-13T06:47:01","date_gmt":"2020-10-13T03:47:01","guid":{"rendered":"http:\/\/localhost\/razzi\/?page_id=584"},"modified":"2025-03-04T11:26:03","modified_gmt":"2025-03-04T09:26:03","slug":"%d0%ba%d0%be%d0%bd%d1%82%d0%b0%d0%ba%d1%82%d1%8b","status":"publish","type":"page","link":"https:\/\/packstera.lt\/ru\/kontaktai\/","title":{"rendered":"\u041a\u043e\u043d\u0442\u0430\u043a\u0442\u044b"},"content":{"rendered":"\t\t<div data-elementor-type=\"wp-page\" data-elementor-id=\"584\" class=\"elementor elementor-584\">\n\t\t\t\t\t\t<section class=\"elementor-section elementor-top-section elementor-element elementor-element-2daafed1 elementor-section-boxed elementor-section-height-default elementor-section-height-default\" data-id=\"2daafed1\" data-element_type=\"section\" data-e-type=\"section\">\n\t\t\t\t\t\t<div class=\"elementor-container elementor-column-gap-wider\">\n\t\t\t\t\t<div class=\"elementor-column elementor-col-50 elementor-top-column elementor-element elementor-element-1269bbf\" data-id=\"1269bbf\" data-element_type=\"column\" data-e-type=\"column\">\n\t\t\t<div class=\"elementor-widget-wrap elementor-element-populated\">\n\t\t\t\t\t\t<div class=\"elementor-element elementor-element-3bb003ac elementor-position-left elementor-vertical-align-middle elementor-view-stacked elementor-shape-circle elementor-widget elementor-widget-razzi-icon-box\" data-id=\"3bb003ac\" data-element_type=\"widget\" data-e-type=\"widget\" data-widget_type=\"razzi-icon-box.default\">\n\t\t\t\t<div class=\"elementor-widget-container\">\n\t\t\t\t\t\t\t<div class=\"razzi-icon-box\">\r\n\t\t\t\t\t\t<div class=\"razzi-icon-box__icon\">\r\n\t\t\t\t<span class=\"razzi-svg-icon razzi-icon__icon elementor-animation-\" >\r\n\t\t\t\t<i aria-hidden=\"true\" class=\"fas fa-address-book\"><\/i>\t\t\t\t<\/span>\r\n\t\t\t<\/div>\r\n\t\t\t\t\t\t<div class=\"razzi-icon-box__content\">\r\n\t\t\t\t<div class=\"razzi-icon-box__item\">\r\n\t\t\t\t\t<h2 class=\"razzi-icon-box__title\">\r\n\t\t\t\t\t\t<span  >\r\n\t\t\t\t\t\t\tKontaktai:\t\t\t\t\t\t<\/span>\r\n\t\t\t\t\t<\/h2>\r\n\t\t\t\t\t\t\t\t\t<\/div>\r\n\t\t\t\t\t\t\t<\/div>\r\n\t\t<\/div>\r\n\t\t\t\t\t\t<\/div>\n\t\t\t\t<\/div>\n\t\t\t\t<div class=\"elementor-element elementor-element-7b02b2a9 elementor-widget elementor-widget-heading\" data-id=\"7b02b2a9\" data-element_type=\"widget\" data-e-type=\"widget\" data-widget_type=\"heading.default\">\n\t\t\t\t<div class=\"elementor-widget-container\">\n\t\t\t\t\t<h5 class=\"elementor-heading-title elementor-size-default\">Pardavim\u0173 komanda:<\/h5>\t\t\t\t<\/div>\n\t\t\t\t<\/div>\n\t\t\t\t<div class=\"elementor-element elementor-element-5cb1b120 elementor-widget elementor-widget-text-editor\" data-id=\"5cb1b120\" data-element_type=\"widget\" data-e-type=\"widget\" data-widget_type=\"text-editor.default\">\n\t\t\t\t<div class=\"elementor-widget-container\">\n\t\t\t\t\t\t\t\t\t<p><span style=\"color: #000000;\"><a style=\"font-family: var( --e-global-typography-text-font-family ), Sans-serif; font-weight: var( --e-global-typography-text-font-weight ); background-color: #ffffff; color: #000000;\" href=\"mailto:info@packstera.lt\">info@packstera.lt<\/a><span style=\"font-family: var( --e-global-typography-text-font-family ), Sans-serif; font-weight: var( --e-global-typography-text-font-weight );\"><br \/><a href=\"tel:+37065940938\">+370 659 40938<\/a><\/span><\/span><\/p>\t\t\t\t\t\t\t\t<\/div>\n\t\t\t\t<\/div>\n\t\t\t\t<div class=\"elementor-element elementor-element-e1f0dc3 elementor-widget elementor-widget-heading\" data-id=\"e1f0dc3\" data-element_type=\"widget\" data-e-type=\"widget\" data-widget_type=\"heading.default\">\n\t\t\t\t<div class=\"elementor-widget-container\">\n\t\t\t\t\t<h5 class=\"elementor-heading-title elementor-size-default\">Servisas:<\/h5>\t\t\t\t<\/div>\n\t\t\t\t<\/div>\n\t\t\t\t<div class=\"elementor-element elementor-element-9bdd185 elementor-widget elementor-widget-text-editor\" data-id=\"9bdd185\" data-element_type=\"widget\" data-e-type=\"widget\" data-widget_type=\"text-editor.default\">\n\t\t\t\t<div class=\"elementor-widget-container\">\n\t\t\t\t\t\t\t\t\t<p><br \/><span style=\"color: #000000;\"><a style=\"color: #000000;\" href=\"mailto:servisas@packstera.lt\">servisas@packstera.lt<\/a><\/span><br \/><a href=\"tel:+37069911537\"><span style=\"color: #000000;\">+370 699 11537<\/span><\/a><\/p>\t\t\t\t\t\t\t\t<\/div>\n\t\t\t\t<\/div>\n\t\t\t\t\t<\/div>\n\t\t<\/div>\n\t\t\t\t<div class=\"elementor-column elementor-col-50 elementor-top-column elementor-element elementor-element-5963a39\" data-id=\"5963a39\" data-element_type=\"column\" data-e-type=\"column\">\n\t\t\t<div class=\"elementor-widget-wrap elementor-element-populated\">\n\t\t\t\t\t\t<div class=\"elementor-element elementor-element-919357a elementor-position-left elementor-vertical-align-middle elementor-view-stacked elementor-shape-circle elementor-widget elementor-widget-razzi-icon-box\" data-id=\"919357a\" data-element_type=\"widget\" data-e-type=\"widget\" data-widget_type=\"razzi-icon-box.default\">\n\t\t\t\t<div class=\"elementor-widget-container\">\n\t\t\t\t\t\t\t<div class=\"razzi-icon-box\">\r\n\t\t\t\t\t\t<div class=\"razzi-icon-box__icon\">\r\n\t\t\t\t<span class=\"razzi-svg-icon razzi-icon__icon elementor-animation-\" >\r\n\t\t\t\t<i aria-hidden=\"true\" class=\"fas fa-envelope\"><\/i>\t\t\t\t<\/span>\r\n\t\t\t<\/div>\r\n\t\t\t\t\t\t<div class=\"razzi-icon-box__content\">\r\n\t\t\t\t<div class=\"razzi-icon-box__item\">\r\n\t\t\t\t\t<h2 class=\"razzi-icon-box__title\">\r\n\t\t\t\t\t\t<span  >\r\n\t\t\t\t\t\t\tPara\u0161ykite mums:\t\t\t\t\t\t<\/span>\r\n\t\t\t\t\t<\/h2>\r\n\t\t\t\t\t\t\t\t\t<\/div>\r\n\t\t\t\t\t\t\t<\/div>\r\n\t\t<\/div>\r\n\t\t\t\t\t\t<\/div>\n\t\t\t\t<\/div>\n\t\t\t\t<div class=\"elementor-element elementor-element-fa39889 elementor-widget elementor-widget-text-editor\" data-id=\"fa39889\" data-element_type=\"widget\" data-e-type=\"widget\" data-widget_type=\"text-editor.default\">\n\t\t\t\t<div class=\"elementor-widget-container\">\n\t\t\t\t\t\t\t\t\t<script data-b24-form=\"inline\/13\/7eakws\" data-skip-moving=\"true\">\r\n(function(w,d,u){\r\nvar s=d.createElement('script');s.async=true;s.src=u+'?'+(Date.now()\/180000|0);\r\nvar h=d.getElementsByTagName('script')[0];h.parentNode.insertBefore(s,h);\r\n})(window,document,'https:\/\/cdn.bitrix24.eu\/b23451613\/crm\/form\/loader_13.js');\r\n<\/script>\t\t\t\t\t\t\t\t<\/div>\n\t\t\t\t<\/div>\n\t\t\t\t\t<\/div>\n\t\t<\/div>\n\t\t\t\t\t<\/div>\n\t\t<\/section>\n\t\t\t\t<section class=\"elementor-section elementor-top-section elementor-element elementor-element-8448ef7 elementor-section-boxed elementor-section-height-default elementor-section-height-default\" data-id=\"8448ef7\" data-element_type=\"section\" data-e-type=\"section\">\n\t\t\t\t\t\t<div class=\"elementor-container elementor-column-gap-wider\">\n\t\t\t\t\t<div class=\"elementor-column elementor-col-33 elementor-top-column elementor-element elementor-element-87f5431\" data-id=\"87f5431\" data-element_type=\"column\" data-e-type=\"column\">\n\t\t\t<div class=\"elementor-widget-wrap elementor-element-populated\">\n\t\t\t\t\t\t<div class=\"elementor-element elementor-element-bbcf109 elementor-position-left elementor-view-default elementor-vertical-align-top elementor-widget elementor-widget-razzi-icon-box\" data-id=\"bbcf109\" data-element_type=\"widget\" data-e-type=\"widget\" data-widget_type=\"razzi-icon-box.default\">\n\t\t\t\t<div class=\"elementor-widget-container\">\n\t\t\t\t\t\t\t<div class=\"razzi-icon-box\">\r\n\t\t\t\t\t\t<div class=\"razzi-icon-box__icon\">\r\n\t\t\t\t<span class=\"razzi-svg-icon razzi-icon__icon elementor-animation-\" >\r\n\t\t\t\t<i aria-hidden=\"true\" class=\"fas fa-info\"><\/i>\t\t\t\t<\/span>\r\n\t\t\t<\/div>\r\n\t\t\t\t\t\t<div class=\"razzi-icon-box__content\">\r\n\t\t\t\t<div class=\"razzi-icon-box__item\">\r\n\t\t\t\t\t<div class=\"razzi-icon-box__title\">\r\n\t\t\t\t\t\t<span  >\r\n\t\t\t\t\t\t\t<span style=\"font-family: Roboto; letter-spacing: normal;\">Rekvizitai<\/span>:\t\t\t\t\t\t<\/span>\r\n\t\t\t\t\t<\/div>\r\n\t\t\t\t\t\t\t\t\t<\/div>\r\n\t\t\t\t\t\t\t<\/div>\r\n\t\t<\/div>\r\n\t\t\t\t\t\t<\/div>\n\t\t\t\t<\/div>\n\t\t\t\t<div class=\"elementor-element elementor-element-8e66fa8 elementor-widget elementor-widget-text-editor\" data-id=\"8e66fa8\" data-element_type=\"widget\" data-e-type=\"widget\" data-widget_type=\"text-editor.default\">\n\t\t\t\t<div class=\"elementor-widget-container\">\n\t\t\t\t\t\t\t\t\t<p>Labostera, UAB<br \/>\u012emon\u0117s kodas: <b>300084574<\/b><br \/>PVM kodas: <b>LT100001804416<\/b><\/p>\t\t\t\t\t\t\t\t<\/div>\n\t\t\t\t<\/div>\n\t\t\t\t\t<\/div>\n\t\t<\/div>\n\t\t\t\t<div class=\"elementor-column elementor-col-33 elementor-top-column elementor-element elementor-element-58ed953\" data-id=\"58ed953\" data-element_type=\"column\" data-e-type=\"column\">\n\t\t\t<div class=\"elementor-widget-wrap elementor-element-populated\">\n\t\t\t\t\t\t<div class=\"elementor-element elementor-element-b8573b3 elementor-position-left elementor-vertical-align-middle elementor-view-stacked elementor-shape-circle elementor-widget elementor-widget-razzi-icon-box\" data-id=\"b8573b3\" data-element_type=\"widget\" data-e-type=\"widget\" data-widget_type=\"razzi-icon-box.default\">\n\t\t\t\t<div class=\"elementor-widget-container\">\n\t\t\t\t\t\t\t<div class=\"razzi-icon-box\">\r\n\t\t\t\t\t\t<div class=\"razzi-icon-box__icon\">\r\n\t\t\t\t<span class=\"razzi-svg-icon razzi-icon__icon elementor-animation-\" >\r\n\t\t\t\t<i aria-hidden=\"true\" class=\"fas fa-map-marker-alt\"><\/i>\t\t\t\t<\/span>\r\n\t\t\t<\/div>\r\n\t\t\t\t\t\t<div class=\"razzi-icon-box__content\">\r\n\t\t\t\t<div class=\"razzi-icon-box__item\">\r\n\t\t\t\t\t<h2 class=\"razzi-icon-box__title\">\r\n\t\t\t\t\t\t<span  >\r\n\t\t\t\t\t\t\tMus rasite:\t\t\t\t\t\t<\/span>\r\n\t\t\t\t\t<\/h2>\r\n\t\t\t\t\t\t\t\t\t<\/div>\r\n\t\t\t\t\t\t\t<\/div>\r\n\t\t<\/div>\r\n\t\t\t\t\t\t<\/div>\n\t\t\t\t<\/div>\n\t\t\t\t<div class=\"elementor-element elementor-element-fec73e3 elementor-widget elementor-widget-text-editor\" data-id=\"fec73e3\" data-element_type=\"widget\" data-e-type=\"widget\" data-widget_type=\"text-editor.default\">\n\t\t\t\t<div class=\"elementor-widget-container\">\n\t\t\t\t\t\t\t\t\t<p>Chemijos g. 13, LT-51327 Kaunas<br \/><br \/>Darbo laikas nuo 8:30 iki 17:30,<br \/>Pirmadienis &#8211; Penktadienis.<\/p>\t\t\t\t\t\t\t\t<\/div>\n\t\t\t\t<\/div>\n\t\t\t\t\t<\/div>\n\t\t<\/div>\n\t\t\t\t<div class=\"elementor-column elementor-col-33 elementor-top-column elementor-element elementor-element-2b0c344\" data-id=\"2b0c344\" data-element_type=\"column\" data-e-type=\"column\">\n\t\t\t<div class=\"elementor-widget-wrap elementor-element-populated\">\n\t\t\t\t\t\t<div class=\"elementor-element elementor-element-c9eb5cb elementor-widget elementor-widget-google_maps\" data-id=\"c9eb5cb\" data-element_type=\"widget\" data-e-type=\"widget\" data-widget_type=\"google_maps.default\">\n\t\t\t\t<div class=\"elementor-widget-container\">\n\t\t\t\t\t\t\t<div class=\"elementor-custom-embed\">\n\t\t\t<iframe loading=\"lazy\"\n\t\t\t\t\tsrc=\"https:\/\/maps.google.com\/maps?q=Chemijos%20g%2013&#038;t=m&#038;z=14&#038;output=embed&#038;iwloc=near\"\n\t\t\t\t\ttitle=\"Chemijos g 13\"\n\t\t\t\t\taria-label=\"Chemijos g 13\"\n\t\t\t><\/iframe>\n\t\t<\/div>\n\t\t\t\t\t\t<\/div>\n\t\t\t\t<\/div>\n\t\t\t\t\t<\/div>\n\t\t<\/div>\n\t\t\t\t\t<\/div>\n\t\t<\/section>\n\t\t\t\t<\/div>\n\t\t","protected":false},"excerpt":{"rendered":"<p>Kontaktai: Pardavim\u0173 komanda: info@packstera.lt+370 659 40938 Servisas: servisas@packstera.lt+370 699 11537 Para\u0161ykite mums: Rekvizitai: Labostera, UAB\u012emon\u0117s kodas: 300084574PVM kodas: LT100001804416 Mus rasite: Chemijos g. 13, LT-51327 Kaunas Darbo laikas nuo 8:30 iki 17:30,Pirmadienis &#8211; Penktadienis.<\/p>","protected":false},"author":2,"featured_media":0,"parent":0,"menu_order":0,"comment_status":"closed","ping_status":"closed","template":"","meta":{"footnotes":""},"class_list":["post-584","page","type-page","status-publish","hentry"],"_links":{"self":[{"href":"https:\/\/packstera.lt\/ru\/wp-json\/wp\/v2\/pages\/584","targetHints":{"allow":["GET"]}}],"collection":[{"href":"https:\/\/packstera.lt\/ru\/wp-json\/wp\/v2\/pages"}],"about":[{"href":"https:\/\/packstera.lt\/ru\/wp-json\/wp\/v2\/types\/page"}],"author":[{"embeddable":true,"href":"https:\/\/packstera.lt\/ru\/wp-json\/wp\/v2\/users\/2"}],"replies":[{"embeddable":true,"href":"https:\/\/packstera.lt\/ru\/wp-json\/wp\/v2\/comments?post=584"}],"version-history":[{"count":55,"href":"https:\/\/packstera.lt\/ru\/wp-json\/wp\/v2\/pages\/584\/revisions"}],"predecessor-version":[{"id":17084,"href":"https:\/\/packstera.lt\/ru\/wp-json\/wp\/v2\/pages\/584\/revisions\/17084"}],"wp:attachment":[{"href":"https:\/\/packstera.lt\/ru\/wp-json\/wp\/v2\/media?parent=584"}],"curies":[{"name":"WP","href":"https:\/\/api.w.org\/{rel}","templated":true}]}}