{"id":8141,"date":"2019-02-04T19:33:51","date_gmt":"2019-02-04T17:33:51","guid":{"rendered":"http:\/\/packstera.lt\/?page_id=8141"},"modified":"2024-09-24T09:38:41","modified_gmt":"2024-09-24T06:38:41","slug":"%d0%be-%d0%bd%d0%b0%d1%81","status":"publish","type":"page","link":"https:\/\/packstera.lt\/ru\/apie-mus\/","title":{"rendered":"\u041e \u043d\u0430\u0441"},"content":{"rendered":"<div data-elementor-type=\"wp-page\" data-elementor-id=\"8141\" class=\"elementor elementor-8141\">\n\t\t\t\t\t\t<section class=\"elementor-section elementor-top-section elementor-element elementor-element-4bd54c23 elementor-section-boxed elementor-section-height-default elementor-section-height-default\" data-id=\"4bd54c23\" data-element_type=\"section\" data-e-type=\"section\">\n\t\t\t\t\t\t<div class=\"elementor-container elementor-column-gap-default\">\n\t\t\t\t\t<div class=\"elementor-column elementor-col-100 elementor-top-column elementor-element elementor-element-49dadb2a\" data-id=\"49dadb2a\" data-element_type=\"column\" data-e-type=\"column\">\n\t\t\t<div class=\"elementor-widget-wrap elementor-element-populated\">\n\t\t\t\t\t\t<div class=\"elementor-element elementor-element-7a231901 elementor-widget elementor-widget-text-editor\" data-id=\"7a231901\" data-element_type=\"widget\" data-e-type=\"widget\" data-widget_type=\"text-editor.default\">\n\t\t\t\t<div class=\"elementor-widget-container\">\n\t\t\t\t\t\t\t\t\t<p><b>\u041f\u0430\u043a\u0441\u0442\u0435\u0440 <\/b>\u2013 \u0438\u043d\u043d\u043e\u0432\u0430\u0446\u0438\u043e\u043d\u043d\u0430\u044f \u0438 \u043d\u0430\u0434\u0435\u0436\u043d\u0430\u044f \u043a\u043e\u043c\u043f\u0430\u043d\u0438\u044f \u043f\u043e \u043f\u043e\u0441\u0442\u0430\u0432\u043a\u0435 \u0443\u043f\u0430\u043a\u043e\u0432\u043e\u0447\u043d\u043e\u0433\u043e \u043e\u0431\u043e\u0440\u0443\u0434\u043e\u0432\u0430\u043d\u0438\u044f, \u0446\u0435\u043b\u044c\u044e \u043a\u043e\u0442\u043e\u0440\u043e\u0439 \u044f\u0432\u043b\u044f\u0435\u0442\u0441\u044f \u043f\u043e\u0432\u044b\u0448\u0435\u043d\u0438\u0435 \u044d\u0444\u0444\u0435\u043a\u0442\u0438\u0432\u043d\u043e\u0441\u0442\u0438 \u0438 \u043a\u043e\u043d\u043a\u0443\u0440\u0435\u043d\u0442\u043e\u0441\u043f\u043e\u0441\u043e\u0431\u043d\u043e\u0441\u0442\u0438 \u043b\u0438\u0442\u043e\u0432\u0441\u043a\u0438\u0445 \u043f\u0440\u0435\u0434\u043f\u0440\u0438\u044f\u0442\u0438\u0439. \u041c\u044b \u0432\u043d\u0435\u0434\u0440\u044f\u0435\u043c \u0441\u0430\u043c\u044b\u0435 \u043f\u0435\u0440\u0435\u0434\u043e\u0432\u044b\u0435 \u0442\u0435\u0445\u043d\u043e\u043b\u043e\u0433\u0438\u0438 \u0443\u043f\u0430\u043a\u043e\u0432\u043a\u0438, \u0430\u0432\u0442\u043e\u043c\u0430\u0442\u0438\u0437\u0430\u0446\u0438\u0438 \u0438 \u043a\u043e\u043d\u0442\u0440\u043e\u043b\u044f \u043a\u0430\u0447\u0435\u0441\u0442\u0432\u0430 \u0432 \u0440\u0430\u0437\u043b\u0438\u0447\u043d\u044b\u0445 \u043e\u0442\u0440\u0430\u0441\u043b\u044f\u0445 \u043f\u0440\u043e\u043c\u044b\u0448\u043b\u0435\u043d\u043d\u043e\u0441\u0442\u0438, \u0430\u043a\u0442\u0438\u0432\u043d\u043e \u0443\u0447\u0430\u0441\u0442\u0432\u0443\u044f \u0432 \u043f\u0440\u043e\u0446\u0435\u0441\u0441\u0430\u0445 \u0440\u0430\u0437\u0432\u0438\u0442\u0438\u044f \u0418\u043d\u0434\u0443\u0441\u0442\u0440\u0438\u0438 4.0.<\/p>\n<p><b>\u041d\u0430\u0448\u0430 \u043a\u043e\u043c\u0430\u043d\u0434\u0430<\/b> - \u044d\u0442\u043e \u043a\u0432\u0430\u043b\u0438\u0444\u0438\u0446\u0438\u0440\u043e\u0432\u0430\u043d\u043d\u044b\u0435 \u0441\u043f\u0435\u0446\u0438\u0430\u043b\u0438\u0441\u0442\u044b \u0441 \u043c\u043d\u043e\u0433\u043e\u043b\u0435\u0442\u043d\u0438\u043c \u043e\u043f\u044b\u0442\u043e\u043c \u0440\u0430\u0431\u043e\u0442\u044b, \u0433\u043e\u0442\u043e\u0432\u044b\u0435 \u043f\u0440\u043e\u043a\u043e\u043d\u0441\u0443\u043b\u044c\u0442\u0438\u0440\u043e\u0432\u0430\u0442\u044c, \u043f\u0440\u043e\u043a\u043e\u043d\u0441\u0443\u043b\u044c\u0442\u0438\u0440\u043e\u0432\u0430\u0442\u044c \u0438 \u043e\u0431\u0435\u0441\u043f\u0435\u0447\u0438\u0442\u044c \u0431\u0435\u0437\u0443\u043f\u0440\u0435\u0447\u043d\u0443\u044e \u0440\u0435\u0430\u043b\u0438\u0437\u0430\u0446\u0438\u044e \u0432\u0430\u0448\u0438\u0445 \u043f\u0440\u043e\u0435\u043a\u0442\u043e\u0432. \u041f\u043e\u0441\u0442\u043e\u044f\u043d\u043d\u043e \u0441\u043e\u0432\u0435\u0440\u0448\u0435\u043d\u0441\u0442\u0432\u0443\u044f\u0441\u044c \u0438 \u0430\u0434\u0430\u043f\u0442\u0438\u0440\u0443\u044f\u0441\u044c \u043a \u043c\u0435\u043d\u044f\u044e\u0449\u0435\u043c\u0443\u0441\u044f \u0440\u044b\u043d\u043a\u0443, \u043c\u044b \u0441\u0442\u0440\u0435\u043c\u0438\u043c\u0441\u044f \u043d\u0435 \u0442\u043e\u043b\u044c\u043a\u043e \u043e\u043f\u0440\u0430\u0432\u0434\u0430\u0442\u044c, \u043d\u043e \u0438 \u043f\u0440\u0435\u0432\u0437\u043e\u0439\u0442\u0438 \u0432\u0430\u0448\u0438 \u043e\u0436\u0438\u0434\u0430\u043d\u0438\u044f.<\/p>\n<p><b>\u0423\u043d\u0438\u043a\u0430\u043b\u044c\u043d\u043e\u0441\u0442\u044c Packster<\/b> \u2013 \u044d\u0442\u043e \u043d\u0430\u0448\u0430 \u0433\u0438\u0431\u043a\u043e\u0441\u0442\u044c, \u043e\u0442\u0432\u0435\u0442\u0441\u0442\u0432\u0435\u043d\u043d\u043e\u0441\u0442\u044c \u0437\u0430 \u043f\u0440\u0438\u043d\u044f\u0442\u044b\u0435 \u043e\u0431\u044f\u0437\u0430\u0442\u0435\u043b\u044c\u0441\u0442\u0432\u0430 \u0438 \u043f\u0440\u043e\u0444\u0435\u0441\u0441\u0438\u043e\u043d\u0430\u043b\u044c\u043d\u043e\u0435 \u043e\u0431\u0441\u043b\u0443\u0436\u0438\u0432\u0430\u043d\u0438\u0435 \u043a\u043b\u0438\u0435\u043d\u0442\u043e\u0432. \u041c\u044b \u0441\u043e\u0437\u0434\u0430\u0435\u043c \u043f\u0440\u043e\u0447\u043d\u044b\u0435, \u0434\u043e\u043b\u0433\u043e\u0441\u0440\u043e\u0447\u043d\u044b\u0435 \u043e\u0442\u043d\u043e\u0448\u0435\u043d\u0438\u044f \u0441\u043e\u0442\u0440\u0443\u0434\u043d\u0438\u0447\u0435\u0441\u0442\u0432\u0430, \u0432\u0435\u0434\u044c \u0443\u0432\u0430\u0436\u0435\u043d\u0438\u0435 \u043a \u043a\u043b\u0438\u0435\u043d\u0442\u0430\u043c \u0438 \u0434\u0435\u043b\u043e\u0432\u044b\u043c \u043f\u0430\u0440\u0442\u043d\u0435\u0440\u0430\u043c \u2013 \u043e\u0434\u0438\u043d \u0438\u0437 \u043e\u0441\u043d\u043e\u0432\u043d\u044b\u0445 \u043f\u0440\u0438\u043d\u0446\u0438\u043f\u043e\u0432 \u043d\u0430\u0448\u0435\u0439 \u0434\u0435\u044f\u0442\u0435\u043b\u044c\u043d\u043e\u0441\u0442\u0438.<\/p>\n<p><b>\u0414\u043e\u0432\u0435\u0440\u044c\u0442\u0435\u0441\u044c \u043d\u0430\u043c, \u0438 \u0432\u043c\u0435\u0441\u0442\u0435 \u043c\u044b \u0441\u043e\u0437\u0434\u0430\u0434\u0438\u043c \u0438\u043d\u043d\u043e\u0432\u0430\u0446\u0438\u043e\u043d\u043d\u044b\u0435 \u0440\u0435\u0448\u0435\u043d\u0438\u044f, \u0432\u044b\u0439\u0434\u044f \u043d\u0430 \u043d\u043e\u0432\u044b\u0435 \u0433\u043e\u0440\u0438\u0437\u043e\u043d\u0442\u044b \u0443\u043f\u0430\u043a\u043e\u0432\u043e\u0447\u043d\u044b\u0445 \u0442\u0435\u0445\u043d\u043e\u043b\u043e\u0433\u0438\u0439 \u0438 \u0430\u0432\u0442\u043e\u043c\u0430\u0442\u0438\u0437\u0430\u0446\u0438\u0438.<\/b><\/p>\n<p style=\"text-align: center;\"><a href=\"http:\/\/packstera.lt\/wp-content\/uploads\/2022\/05\/0001-scaled.jpg\"><img decoding=\"async\" class=\"alignnone size-medium wp-image-14259\" src=\"http:\/\/packstera.lt\/wp-content\/uploads\/2022\/05\/0001-1-300x143.jpg\" alt=\"\" width=\"300\" height=\"143\" srcset=\"https:\/\/packstera.lt\/wp-content\/uploads\/2022\/05\/0001-1-300x143.jpg 300w, https:\/\/packstera.lt\/wp-content\/uploads\/2022\/05\/0001-1-1024x487.jpg 1024w, https:\/\/packstera.lt\/wp-content\/uploads\/2022\/05\/0001-1-768x365.jpg 768w, https:\/\/packstera.lt\/wp-content\/uploads\/2022\/05\/0001-1-18x9.jpg 18w, https:\/\/packstera.lt\/wp-content\/uploads\/2022\/05\/0001-1-570x271.jpg 570w, https:\/\/packstera.lt\/wp-content\/uploads\/2022\/05\/0001-1-600x285.jpg 600w, https:\/\/packstera.lt\/wp-content\/uploads\/2022\/05\/0001-1-130x62.jpg 130w, https:\/\/packstera.lt\/wp-content\/uploads\/2022\/05\/0001-1.jpg 1043w\" sizes=\"(max-width: 300px) 100vw, 300px\" \/><\/a><\/p>\t\t\t\t\t\t\t\t<\/div>\n\t\t\t\t<\/div>\n\t\t\t\t\t<\/div>\n\t\t<\/div>\n\t\t\t\t\t<\/div>\n\t\t<\/section>\n\t\t\t\t<\/div>","protected":false},"excerpt":{"rendered":"<p>Packstera \u2013 tai inovatyvi ir patikima pakavimo \u012frangos tiekimo \u012fmon\u0117, siekianti didinti Lietuvos \u012fmoni\u0173 efektyvum\u0105 ir konkurencingum\u0105. Diegiame pa\u017eangiausias pakavimo, automatizavimo ir kokyb\u0117s kontrol\u0117s technologijas \u012fvairiose pramon\u0117s srityse, aktyviai dalyvaudami Pramon\u0117 4.0 raidos procesuose. M\u016bs\u0173 komanda \u2013 tai kvalifikuoti specialistai, turintys ilgamet\u0119 patirt\u012f, pasiruo\u0161\u0119 patarti, konsultuoti ir u\u017etikrinti, kad j\u016bs\u0173 projektai b\u016bt\u0173 \u012fgyvendinti nepriekai\u0161tingai. Nuolat [&hellip;]<\/p>\n","protected":false},"author":1,"featured_media":0,"parent":0,"menu_order":0,"comment_status":"closed","ping_status":"closed","template":"","meta":{"footnotes":""},"class_list":["post-8141","page","type-page","status-publish","hentry"],"_links":{"self":[{"href":"https:\/\/packstera.lt\/ru\/wp-json\/wp\/v2\/pages\/8141","targetHints":{"allow":["GET"]}}],"collection":[{"href":"https:\/\/packstera.lt\/ru\/wp-json\/wp\/v2\/pages"}],"about":[{"href":"https:\/\/packstera.lt\/ru\/wp-json\/wp\/v2\/types\/page"}],"author":[{"embeddable":true,"href":"https:\/\/packstera.lt\/ru\/wp-json\/wp\/v2\/users\/1"}],"replies":[{"embeddable":true,"href":"https:\/\/packstera.lt\/ru\/wp-json\/wp\/v2\/comments?post=8141"}],"version-history":[{"count":20,"href":"https:\/\/packstera.lt\/ru\/wp-json\/wp\/v2\/pages\/8141\/revisions"}],"predecessor-version":[{"id":17068,"href":"https:\/\/packstera.lt\/ru\/wp-json\/wp\/v2\/pages\/8141\/revisions\/17068"}],"wp:attachment":[{"href":"https:\/\/packstera.lt\/ru\/wp-json\/wp\/v2\/media?parent=8141"}],"curies":[{"name":"WP","href":"https:\/\/api.w.org\/{rel}","templated":true}]}}