{"id":12973,"date":"2020-07-13T11:04:56","date_gmt":"2020-07-13T08:04:56","guid":{"rendered":"http:\/\/packstera.lt\/p\/manual-l-seal\/"},"modified":"2025-07-08T11:11:24","modified_gmt":"2025-07-08T08:11:24","slug":"%d1%80%d1%83%d1%87%d0%bd%d0%be%d0%b5-%d1%83%d1%81%d1%82%d1%80%d0%be%d0%b9%d1%81%d1%82%d0%b2%d0%be-%d0%b4%d0%bb%d1%8f-%d1%83%d0%bf%d0%b0%d0%ba%d0%be%d0%b2%d0%ba%d0%b8-%d0%b2-%d1%82%d0%b5%d1%80%d0%bc","status":"publish","type":"product","link":"https:\/\/packstera.lt\/ru\/p\/rankinis-terminio-pakavimo-i-plevele-irenginys\/","title":{"rendered":"Rankinis terminio pakavimo \u012f pl\u0117vel\u0119 \u012frenginys SL serija"},"content":{"rendered":"<div data-elementor-type=\"wp-post\" data-elementor-id=\"12973\" class=\"elementor elementor-12973\">\n\t\t\t\t\t\t<section class=\"elementor-section elementor-top-section elementor-element elementor-element-25c89cf3 elementor-section-boxed elementor-section-height-default elementor-section-height-default\" data-id=\"25c89cf3\" data-element_type=\"section\" data-e-type=\"section\">\n\t\t\t\t\t\t<div class=\"elementor-container elementor-column-gap-default\">\n\t\t\t\t\t<div class=\"elementor-column elementor-col-100 elementor-top-column elementor-element elementor-element-14fdbee6\" data-id=\"14fdbee6\" data-element_type=\"column\" data-e-type=\"column\">\n\t\t\t<div class=\"elementor-widget-wrap elementor-element-populated\">\n\t\t\t\t\t\t<div class=\"elementor-element elementor-element-44ed75fa elementor-widget elementor-widget-text-editor\" data-id=\"44ed75fa\" data-element_type=\"widget\" data-e-type=\"widget\" data-widget_type=\"text-editor.default\">\n\t\t\t\t<div class=\"elementor-widget-container\">\n\t\t\t\t\t\t\t\t\t<table>\r\n<tbody>\r\n<tr>\r\n<td width=\"264\">\u0421\u0440\u0435\u0434\u043d\u044f\u044f \u043f\u0440\u043e\u0438\u0437\u0432\u043e\u0434\u0438\u0442\u0435\u043b\u044c\u043d\u043e\u0441\u0442\u044c<\/td>\r\n<td width=\"360\">\u0414\u043e 300 \u0446\u0438\u043a\u043b\u043e\u0432\/\u0447\u0430\u0441. \u0412 \u0437\u0430\u0432\u0438\u0441\u0438\u043c\u043e\u0441\u0442\u0438 \u043e\u0442 \u043f\u0430\u043a\u0435\u0442\u0430 \u0438 \u043e\u043f\u0435\u0440\u0430\u0442\u043e\u0440\u0430.<\/td>\r\n<\/tr>\r\n<tr>\r\n<td width=\"264\">\u0420\u0430\u0437\u043c\u0435\u0440 \u0440\u0430\u043c\u043a\u0438 \u043d\u0430\u043b\u043e\u0436\u0435\u043d\u0438\u044f<\/td>\r\n<td width=\"360\">560 \u0445 430 \u043c\u043c<\/td>\r\n<\/tr>\r\n<tr>\r\n<td width=\"264\">\u041c\u0430\u043a\u0441\u0438\u043c\u0430\u043b\u044c\u043d\u0430\u044f \u0432\u044b\u0441\u043e\u0442\u0430 \u043f\u0440\u043e\u0434\u0443\u043a\u0442\u0430<\/td>\r\n<td width=\"360\">260 \u043c\u043c<\/td>\r\n<\/tr>\r\n<tr>\r\n<td width=\"264\">\u041c\u0430\u043a\u0441\u0438\u043c\u0430\u043b\u044c\u043d\u044b\u0439 \u0440\u0430\u0437\u043c\u0435\u0440 \u0440\u0443\u043b\u043e\u043d\u0430 \u043f\u043b\u0435\u043d\u043a\u0438<\/td>\r\n<td width=\"360\">\u0414\u0438\u0430\u043c\u0435\u0442\u0440 600 \u043c\u043c, \u0434\u0438\u0430\u043c\u0435\u0442\u0440 \u0441\u0435\u0440\u0434\u0435\u0447\u043d\u0438\u043a\u0430 250 \u043c\u043c.<\/td>\r\n<\/tr>\r\n<tr>\r\n<td width=\"264\">\u0420\u0430\u0437\u043c\u0435\u0440\u044b \u0443\u0441\u0442\u0440\u043e\u0439\u0441\u0442\u0432\u0430 \u0441 \u043f\u043e\u0434\u0441\u0442\u0430\u0432\u043a\u043e\u0439<\/td>\r\n<td width=\"360\">(\u0414 \u0445 \u0428 \u0445 \u0412) 1240 \u0445 805 \u0445 1102 \u043c\u043c<\/td>\r\n<\/tr>\r\n<tr>\r\n<td width=\"264\">\u043a\u043e\u0440\u043c\u0438\u0442\u044c<\/td>\r\n<td width=\"360\">220-240 \u0412, 50\/60 \u0413\u0446, 1 \u0424\u041d -N - PE<\/td>\r\n<\/tr>\r\n<tr>\r\n<td width=\"264\">\u0412\u043b\u0430\u0441\u0442\u044c<\/td>\r\n<td width=\"360\">3700 \u0412\u0442<\/td>\r\n<\/tr>\r\n<tr>\r\n<td width=\"264\">\u041c\u0430\u0441\u0441\u0430<\/td>\r\n<td width=\"360\">\u041e\u043a\u043e\u043b\u043e 106 \u043a\u0433<\/td>\r\n<\/tr>\r\n<tr>\r\n<td width=\"264\">\u0418\u0441\u043f\u043e\u043b\u044c\u0437\u0443\u0435\u0442\u0441\u044f \u043f\u043b\u0435\u043d\u043a\u0430<\/td>\r\n<td width=\"360\">\u0414\u043e 30 \u043c\u043a\u043c<\/td>\r\n<\/tr>\r\n<\/tbody>\r\n<\/table>\t\t\t\t\t\t\t\t<\/div>\n\t\t\t\t<\/div>\n\t\t\t\t\t<\/div>\n\t\t<\/div>\n\t\t\t\t\t<\/div>\n\t\t<\/section>\n\t\t\t\t<section class=\"elementor-section elementor-top-section elementor-element elementor-element-30e8a38 elementor-section-boxed elementor-section-height-default elementor-section-height-default\" data-id=\"30e8a38\" data-element_type=\"section\" data-e-type=\"section\">\n\t\t\t\t\t\t<div class=\"elementor-container elementor-column-gap-default\">\n\t\t\t\t\t<div class=\"elementor-column elementor-col-66 elementor-top-column elementor-element elementor-element-0129562\" data-id=\"0129562\" data-element_type=\"column\" data-e-type=\"column\">\n\t\t\t<div class=\"elementor-widget-wrap elementor-element-populated\">\n\t\t\t\t\t\t<div class=\"elementor-element elementor-element-24fb148 elementor-widget elementor-widget-video\" data-id=\"24fb148\" data-element_type=\"widget\" data-e-type=\"widget\" data-settings=\"{&quot;youtube_url&quot;:&quot;https:\\\/\\\/www.youtube.com\\\/watch?v=jvJ5bEZTYo0&amp;ab_channel=smipacktube&quot;,&quot;video_type&quot;:&quot;youtube&quot;,&quot;controls&quot;:&quot;yes&quot;}\" data-widget_type=\"video.default\">\n\t\t\t\t<div class=\"elementor-widget-container\">\n\t\t\t\t\t\t\t<div class=\"elementor-wrapper elementor-open-inline\">\n\t\t\t<div class=\"elementor-video\"><\/div>\t\t<\/div>\n\t\t\t\t\t\t<\/div>\n\t\t\t\t<\/div>\n\t\t\t\t\t<\/div>\n\t\t<\/div>\n\t\t\t\t<div class=\"elementor-column elementor-col-33 elementor-top-column elementor-element elementor-element-872edc8\" data-id=\"872edc8\" data-element_type=\"column\" data-e-type=\"column\">\n\t\t\t<div class=\"elementor-widget-wrap elementor-element-populated\">\n\t\t\t\t\t\t<div class=\"elementor-element elementor-element-9bbd7d5 btn-position-bottom elementor-widget elementor-widget-razzi-image-button\" data-id=\"9bbd7d5\" data-element_type=\"widget\" data-e-type=\"widget\" data-widget_type=\"razzi-image-button.default\">\n\t\t\t\t<div class=\"elementor-widget-container\">\n\t\t\t\t\t<div class=\"razzi-image-button\"><img fetchpriority=\"high\" decoding=\"async\" width=\"640\" height=\"320\" src=\"https:\/\/packstera.lt\/wp-content\/uploads\/2023\/03\/procesas-1024x512.jpg\" class=\"attachment-large size-large wp-image-15832\" alt=\"\" srcset=\"https:\/\/packstera.lt\/wp-content\/uploads\/2023\/03\/procesas-1024x512.jpg 1024w, https:\/\/packstera.lt\/wp-content\/uploads\/2023\/03\/procesas-300x150.jpg 300w, https:\/\/packstera.lt\/wp-content\/uploads\/2023\/03\/procesas-768x384.jpg 768w, https:\/\/packstera.lt\/wp-content\/uploads\/2023\/03\/procesas-18x9.jpg 18w, https:\/\/packstera.lt\/wp-content\/uploads\/2023\/03\/procesas-570x285.jpg 570w, https:\/\/packstera.lt\/wp-content\/uploads\/2023\/03\/procesas-600x300.jpg 600w, https:\/\/packstera.lt\/wp-content\/uploads\/2023\/03\/procesas-130x65.jpg 130w, https:\/\/packstera.lt\/wp-content\/uploads\/2023\/03\/procesas.jpg 1200w\" sizes=\"(max-width: 640px) 100vw, 640px\" \/><a href=\"http:\/\/packstera.lt\/wp-content\/uploads\/2023\/03\/serie-s-en-es-pt.pdf\" target=\"_blank\" rel=\"nofollow\" class=\"razzi-image-button__link\"><\/a><a href=\"http:\/\/packstera.lt\/wp-content\/uploads\/2023\/03\/serie-s-en-es-pt.pdf\" target=\"_blank\" rel=\"nofollow\" class=\"razzi-image-button__position razzi-image-button__button\">\u041e\u043f\u0438\u0441\u0430\u043d\u0438\u0435 \u043f\u0440\u043e\u0438\u0437\u0432\u043e\u0434\u0438\u0442\u0435\u043b\u044f <span class=\"razzi-svg-icon\"><svg aria-hidden=\"true\" role=\"img\" focusable=\"false\" xmlns=\"http:\/\/www.w3.org\/2000\/svg\" width=\"24\" height=\"24\" viewbox=\"0 0 24 24\" fill=\"none\" stroke=\"currentColor\" stroke-width=\"2\" stroke-linecap=\"round\" stroke-linejoin=\"round\"><line x1=\"0\" y1=\"12\" x2=\"19\" y2=\"12\"><\/line><polyline points=\"12 5 19 12 12 19\"><\/polyline><\/svg><\/span><\/a><\/div>\t\t\t\t<\/div>\n\t\t\t\t<\/div>\n\t\t\t\t\t<\/div>\n\t\t<\/div>\n\t\t\t\t\t<\/div>\n\t\t<\/section>\n\t\t\t\t<\/div>","protected":false},"excerpt":{"rendered":"<p style=\"text-align: justify;\">\u041e\u0431\u043e\u0440\u0443\u0434\u043e\u0432\u0430\u043d\u0438\u0435 \u0434\u043b\u044f \u0442\u0435\u0440\u043c\u043e\u0441\u0432\u0430\u0440\u0438\u0432\u0430\u043d\u0438\u044f \u0438 \u043b\u0430\u043c\u0438\u043d\u0438\u0440\u043e\u0432\u0430\u043d\u0438\u044f Smipack \u044f\u0432\u043b\u044f\u0435\u0442\u0441\u044f \u0438\u0434\u0435\u0430\u043b\u044c\u043d\u044b\u043c \u0440\u0435\u0448\u0435\u043d\u0438\u0435\u043c \u0434\u043b\u044f \u044d\u043a\u043e\u043d\u043e\u043c\u0438\u0447\u043d\u043e\u0439 \u0443\u043f\u0430\u043a\u043e\u0432\u043a\u0438 \u043f\u0440\u043e\u0434\u0443\u043a\u0446\u0438\u0438. \u0423\u0441\u0442\u0440\u043e\u0439\u0441\u0442\u0432\u043e \u043a\u043e\u043d\u0442\u0440\u043e\u043b\u0438\u0440\u0443\u0435\u0442\u0441\u044f \u043e\u043f\u0435\u0440\u0430\u0442\u043e\u0440\u043e\u043c, \u043f\u043e\u0441\u043b\u0435 \u0440\u0430\u0437\u043c\u0435\u0449\u0435\u043d\u0438\u044f \u043f\u0440\u043e\u0434\u0443\u043a\u0442\u0430 \u043f\u0440\u043e\u0438\u0441\u0445\u043e\u0434\u0438\u0442 \u0435\u0433\u043e \u043e\u0431\u043e\u0440\u0430\u0447\u0438\u0432\u0430\u043d\u0438\u0435 \u043f\u043b\u0435\u043d\u043a\u043e\u0439. \u0418\u0434\u0435\u0430\u043b\u044c\u043d\u043e \u043f\u043e\u0434\u0445\u043e\u0434\u0438\u0442 \u0434\u043b\u044f \u0433\u0440\u0443\u043f\u043f\u0438\u0440\u043e\u0432\u043a\u0438 \u043f\u0440\u043e\u0434\u0443\u043a\u0442\u043e\u0432, \u0441\u043e\u0441\u0442\u0430\u0432\u043b\u0435\u043d\u0438\u044f \u043d\u0430\u0431\u043e\u0440\u043e\u0432, \u0434\u043b\u044f \u0433\u0438\u0431\u043a\u043e\u0441\u0442\u0438 \u0443\u043f\u0430\u043a\u043e\u0432\u043a\u0438 \u0440\u0430\u0437\u043b\u0438\u0447\u043d\u044b\u0445 \u043f\u0440\u043e\u0434\u0443\u043a\u0442\u043e\u0432.<\/p>\n<p style=\"text-align: justify;\">\u041e\u0431\u043e\u0440\u0443\u0434\u043e\u0432\u0430\u043d\u0438\u0435 \u0440\u0430\u0441\u0441\u0447\u0438\u0442\u0430\u043d\u043e \u043d\u0430 \u0443\u043f\u0430\u043a\u043e\u0432\u043a\u0443 \u043d\u0435 \u0431\u043e\u043b\u0435\u0435 300 \u0443\u043f\u0430\u043a\u043e\u0432\u043e\u043a\/\u0447\u0430\u0441. \u041c\u044b \u0442\u0430\u043a\u0436\u0435 \u043c\u043e\u0436\u0435\u043c \u043f\u0440\u0435\u0434\u043b\u043e\u0436\u0438\u0442\u044c \u0434\u0440\u0443\u0433\u0438\u0435 \u0440\u0435\u0448\u0435\u043d\u0438\u044f \u0434\u043b\u044f \u0431\u043e\u043b\u0435\u0435 \u0432\u044b\u0441\u043e\u043a\u0438\u0445 \u0442\u0440\u0435\u0431\u043e\u0432\u0430\u043d\u0438\u0439 \u043a \u043f\u0440\u043e\u0438\u0437\u0432\u043e\u0434\u0438\u0442\u0435\u043b\u044c\u043d\u043e\u0441\u0442\u0438 \u0443\u043f\u0430\u043a\u043e\u0432\u043a\u0438.<\/p>","protected":false},"featured_media":15830,"template":"","meta":[],"product_cat":[767,567],"product_tag":[],"class_list":{"0":"post-12973","1":"product","2":"type-product","3":"status-publish","4":"has-post-thumbnail","6":"product_brand-smipack","7":"product_cat-pakavimo-irangos-nuoma","8":"product_cat-pakavimo-i-termo-plevele-irenginiai","10":"first","11":"instock","12":"shipping-taxable","13":"product-type-simple"},"_links":{"self":[{"href":"https:\/\/packstera.lt\/ru\/wp-json\/wp\/v2\/product\/12973","targetHints":{"allow":["GET"]}}],"collection":[{"href":"https:\/\/packstera.lt\/ru\/wp-json\/wp\/v2\/product"}],"about":[{"href":"https:\/\/packstera.lt\/ru\/wp-json\/wp\/v2\/types\/product"}],"version-history":[{"count":6,"href":"https:\/\/packstera.lt\/ru\/wp-json\/wp\/v2\/product\/12973\/revisions"}],"predecessor-version":[{"id":17481,"href":"https:\/\/packstera.lt\/ru\/wp-json\/wp\/v2\/product\/12973\/revisions\/17481"}],"wp:featuredmedia":[{"embeddable":true,"href":"https:\/\/packstera.lt\/ru\/wp-json\/wp\/v2\/media\/15830"}],"wp:attachment":[{"href":"https:\/\/packstera.lt\/ru\/wp-json\/wp\/v2\/media?parent=12973"}],"wp:term":[{"taxonomy":"product_cat","embeddable":true,"href":"https:\/\/packstera.lt\/ru\/wp-json\/wp\/v2\/product_cat?post=12973"},{"taxonomy":"product_tag","embeddable":true,"href":"https:\/\/packstera.lt\/ru\/wp-json\/wp\/v2\/product_tag?post=12973"}],"curies":[{"name":"WP","href":"https:\/\/api.w.org\/{rel}","templated":true}]}}