{"id":13125,"date":"2024-09-12T11:40:24","date_gmt":"2024-09-12T08:40:24","guid":{"rendered":"http:\/\/packstera.lt\/p\/automatic-side-seal-strapping-machine\/"},"modified":"2024-09-20T15:53:05","modified_gmt":"2024-09-20T12:53:05","slug":"%d0%b0%d0%b2%d1%82%d0%be%d0%bc%d0%b0%d1%82%d0%b8%d1%87%d0%b5%d1%81%d0%ba%d0%be%d0%b5-%d1%83%d1%81%d1%82%d1%80%d0%be%d0%b9%d1%81%d1%82%d0%b2%d0%be-%d0%b7%d0%b2%d1%83%d0%ba%d0%be%d0%b2%d0%be%d0%b9","status":"publish","type":"product","link":"https:\/\/packstera.lt\/ru\/p\/automatinis-soninio-surisimo-irenginys\/","title":{"rendered":"\u0410\u0432\u0442\u043e\u043c\u0430\u0442\u0438\u0447\u0435\u0441\u043a\u043e\u0435 \u0443\u0441\u0442\u0440\u043e\u0439\u0441\u0442\u0432\u043e \u0431\u043e\u043a\u043e\u0432\u043e\u0439 \u043f\u0435\u0440\u0435\u043f\u043b\u0435\u0442\u043a\u0438"},"content":{"rendered":"\t\t<div data-elementor-type=\"wp-post\" data-elementor-id=\"13125\" class=\"elementor elementor-13125\">\n\t\t\t\t\t\t<section class=\"elementor-section elementor-top-section elementor-element elementor-element-6718a3ef elementor-section-boxed elementor-section-height-default elementor-section-height-default\" data-id=\"6718a3ef\" data-element_type=\"section\" data-e-type=\"section\">\n\t\t\t\t\t\t<div class=\"elementor-container elementor-column-gap-default\">\n\t\t\t\t\t<div class=\"elementor-column elementor-col-100 elementor-top-column elementor-element elementor-element-1be43f85\" data-id=\"1be43f85\" data-element_type=\"column\" data-e-type=\"column\">\n\t\t\t<div class=\"elementor-widget-wrap elementor-element-populated\">\n\t\t\t\t\t\t<div class=\"elementor-element elementor-element-7754af0c elementor-widget elementor-widget-text-editor\" data-id=\"7754af0c\" data-element_type=\"widget\" data-e-type=\"widget\" data-widget_type=\"text-editor.default\">\n\t\t\t\t<div class=\"elementor-widget-container\">\n\t\t\t\t\t\t\t\t\t<table><tbody><tr><td width=\"312\">Na\u0161umas<\/td><td width=\"312\">Iki 52 cikl\u0173 per minut\u0119 (550 mm x 500 mm)<\/td><\/tr><tr><td width=\"312\">Lanko dyd\u017eiai [P x A]<\/td><td width=\"312\">450 mm x 400 mm; <br \/>550 mm x 500 mm; <br \/>650 mm x 600 mm; <br \/>900 mm x 600 mm \/ 1400 mm \/ 1800 mm; <br \/>1300 mm x 600 mm \/ 1000 mm \/ 1400 mm \/ 1800 mm \/ 2200 mm; <br \/>1650 mm x 600 mm \/ 1800 mm<\/td><\/tr><tr><td width=\"312\">Darbinis auk\u0161tis<\/td><td width=\"312\">nuo 310 mm iki 560 mm (standartinis); <br \/>nuo 360 mm iki 1110 mm (pasirinktinai padidintas darbinis auk\u0161tis)<\/td><\/tr><tr><td width=\"312\">Naudojamos juostos<\/td><td width=\"312\">5 &#8211; 15 mm plo\u010dio, 0,4 \u2013 0,9 mm storio PP juostos; <br \/>9,5 \u2013 15 mm plo\u010dio, 0,54 \u2013 0,8 mm storio PET juostos; <br \/>\u012eranga sureguliuota pagal vien\u0105 i\u0161 min\u0117t\u0173 juost\u0173<\/td><\/tr><tr><td width=\"312\">Juostos rulono dozatorius<\/td><td width=\"312\">Rulono vidinis diametras: 200 mm (pasirinktinai 406 mm PET); <br \/>Rulono plotis: 190 mm (pasirinktinai 150 mm PET)<\/td><\/tr><tr><td width=\"312\">Maitinimas<\/td><td width=\"312\">100\u2013240 V, 50 \/ 60 Hz, 1L + N + PE; Energijos s\u0105naudos: apytiksl. 0,2 kW<\/td><\/tr><tr><td width=\"312\">Svoris<\/td><td width=\"312\">205 kg &#8211; 300 kg<\/td><\/tr><\/tbody><\/table><p>\u00a0<\/p>\t\t\t\t\t\t\t\t<\/div>\n\t\t\t\t<\/div>\n\t\t\t\t\t<\/div>\n\t\t<\/div>\n\t\t\t\t\t<\/div>\n\t\t<\/section>\n\t\t\t\t<section class=\"elementor-section elementor-top-section elementor-element elementor-element-61ec4b8 elementor-section-boxed elementor-section-height-default elementor-section-height-default\" data-id=\"61ec4b8\" data-element_type=\"section\" data-e-type=\"section\">\n\t\t\t\t\t\t<div class=\"elementor-container elementor-column-gap-default\">\n\t\t\t\t\t<div class=\"elementor-column elementor-col-66 elementor-top-column elementor-element elementor-element-593f56f\" data-id=\"593f56f\" data-element_type=\"column\" data-e-type=\"column\">\n\t\t\t<div class=\"elementor-widget-wrap elementor-element-populated\">\n\t\t\t\t\t\t<div class=\"elementor-element elementor-element-447db08 elementor-widget elementor-widget-video\" data-id=\"447db08\" data-element_type=\"widget\" data-e-type=\"widget\" data-settings=\"{&quot;youtube_url&quot;:&quot;https:\\\/\\\/www.youtube.com\\\/watch?v=gAublsR3CHw&amp;ab_channel=MOSCAGmbH&quot;,&quot;video_type&quot;:&quot;youtube&quot;,&quot;controls&quot;:&quot;yes&quot;}\" data-widget_type=\"video.default\">\n\t\t\t\t<div class=\"elementor-widget-container\">\n\t\t\t\t\t\t\t<div class=\"elementor-wrapper elementor-open-inline\">\n\t\t\t<div class=\"elementor-video\"><\/div>\t\t<\/div>\n\t\t\t\t\t\t<\/div>\n\t\t\t\t<\/div>\n\t\t\t\t\t<\/div>\n\t\t<\/div>\n\t\t\t\t<div class=\"elementor-column elementor-col-33 elementor-top-column elementor-element elementor-element-1a96e19\" data-id=\"1a96e19\" data-element_type=\"column\" data-e-type=\"column\">\n\t\t\t<div class=\"elementor-widget-wrap elementor-element-populated\">\n\t\t\t\t\t\t<div class=\"elementor-element elementor-element-714e4a5 btn-position-bottom elementor-widget elementor-widget-razzi-image-button\" data-id=\"714e4a5\" data-element_type=\"widget\" data-e-type=\"widget\" data-widget_type=\"razzi-image-button.default\">\n\t\t\t\t<div class=\"elementor-widget-container\">\n\t\t\t\t\t<div class=\"razzi-image-button\"><img fetchpriority=\"high\" decoding=\"async\" width=\"751\" height=\"563\" src=\"https:\/\/packstera.lt\/wp-content\/uploads\/2023\/01\/Capture-1.jpg\" class=\"attachment-full size-full wp-image-15339\" alt=\"\" srcset=\"https:\/\/packstera.lt\/wp-content\/uploads\/2023\/01\/Capture-1.jpg 751w, https:\/\/packstera.lt\/wp-content\/uploads\/2023\/01\/Capture-1-300x225.jpg 300w, https:\/\/packstera.lt\/wp-content\/uploads\/2023\/01\/Capture-1-16x12.jpg 16w, https:\/\/packstera.lt\/wp-content\/uploads\/2023\/01\/Capture-1-570x427.jpg 570w, https:\/\/packstera.lt\/wp-content\/uploads\/2023\/01\/Capture-1-600x450.jpg 600w, https:\/\/packstera.lt\/wp-content\/uploads\/2023\/01\/Capture-1-130x97.jpg 130w\" sizes=\"(max-width: 751px) 100vw, 751px\" \/><a href=\"http:\/\/packstera.lt\/wp-content\/uploads\/2023\/01\/EN_SoniXs_MS-6_09-2022.pdf\" target=\"_blank\" rel=\"nofollow\" class=\"razzi-image-button__link\"><\/a><a href=\"http:\/\/packstera.lt\/wp-content\/uploads\/2023\/01\/EN_SoniXs_MS-6_09-2022.pdf\" target=\"_blank\" rel=\"nofollow\" class=\"razzi-image-button__position razzi-image-button__button\">Gamintojo apra\u0161ymas <span class=\"razzi-svg-icon \"><svg aria-hidden=\"true\" role=\"img\" focusable=\"false\" xmlns=\"http:\/\/www.w3.org\/2000\/svg\" width=\"24\" height=\"24\" viewBox=\"0 0 24 24\" fill=\"none\" stroke=\"currentColor\" stroke-width=\"2\" stroke-linecap=\"round\" stroke-linejoin=\"round\"><line x1=\"0\" y1=\"12\" x2=\"19\" y2=\"12\"><\/line><polyline points=\"12 5 19 12 12 19\"><\/polyline><\/svg><\/span><\/a><\/div>\t\t\t\t<\/div>\n\t\t\t\t<\/div>\n\t\t\t\t\t<\/div>\n\t\t<\/div>\n\t\t\t\t\t<\/div>\n\t\t<\/section>\n\t\t\t\t<\/div>\n\t\t","protected":false},"excerpt":{"rendered":"<p><strong>\u042d\u0412\u041e\u041b\u042e\u0426\u0418\u042f \u0421\u041e\u041d\u0418\u041a\u0421 \u041c\u0421-6<\/strong><\/p>\n<ul>\n<li>\u0423\u043b\u044c\u0442\u0440\u0430\u0437\u0432\u0443\u043a\u043e\u0432\u0430\u044f \u0441\u0438\u0441\u0442\u0435\u043c\u0430 \u0441\u043e\u0435\u0434\u0438\u043d\u0435\u043d\u0438\u044f \u043b\u0435\u043d\u0442 \u0441 \u044d\u043b\u0435\u043a\u0442\u0440\u043e\u043d\u043d\u043e\u0439 \u0441\u0430\u043c\u043e\u043a\u0430\u043b\u0438\u0431\u0440\u043e\u0432\u043a\u043e\u0439<\/li>\n<li>\u041c\u043e\u0436\u0435\u0442 \u0431\u044b\u0442\u044c \u0438\u043d\u0442\u0435\u0433\u0440\u0438\u0440\u043e\u0432\u0430\u043d \u0432 \u0431\u043e\u043b\u044c\u0448\u0438\u043d\u0441\u0442\u0432\u043e \u043f\u0440\u043e\u0438\u0437\u0432\u043e\u0434\u0441\u0442\u0432\u0435\u043d\u043d\u044b\u0445 \u043b\u0438\u043d\u0438\u0439.<\/li>\n<li>\u041b\u0435\u0433\u043a\u0438\u0439 \u0434\u043e\u0441\u0442\u0443\u043f \u0438 \u0440\u0430\u0437\u0431\u043e\u0440\u043a\u0430 \u043a\u043e\u043c\u043f\u043e\u043d\u0435\u043d\u0442\u043e\u0432 \u043b\u0435\u043d\u0442\u043e\u0447\u043d\u043e\u0439 \u0433\u0443\u0441\u0435\u043d\u0438\u0446\u044b \u0431\u0435\u0437 \u0438\u043d\u0441\u0442\u0440\u0443\u043c\u0435\u043d\u0442\u043e\u0432.<\/li>\n<li>\u041d\u0430\u0442\u044f\u0436\u0435\u043d\u0438\u0435 \u0440\u0435\u043c\u043d\u044f \u0440\u0435\u0433\u0443\u043b\u0438\u0440\u0443\u0435\u0442\u0441\u044f \u0441 \u043f\u0430\u043d\u0435\u043b\u0438 \u0443\u043f\u0440\u0430\u0432\u043b\u0435\u043d\u0438\u044f.<\/li>\n<li>\u041f\u0440\u043e\u0441\u0442\u043e\u0435 \u0443\u043f\u0440\u0430\u0432\u043b\u0435\u043d\u0438\u0435 \u0431\u043b\u0430\u0433\u043e\u0434\u0430\u0440\u044f \u0446\u0438\u0444\u0440\u043e\u0432\u043e\u043c\u0443 \u0434\u0438\u0441\u043f\u043b\u0435\u044e \u043d\u0430 \u043f\u0430\u043d\u0435\u043b\u0438 \u0443\u043f\u0440\u0430\u0432\u043b\u0435\u043d\u0438\u044f.<\/li>\n<li>\u0420\u0443\u0447\u043d\u0430\u044f \u0440\u0430\u0437\u0431\u043b\u043e\u043a\u0438\u0440\u043e\u0432\u043a\u0430 \u0440\u0435\u043c\u043d\u044f \u0441 \u043f\u043e\u043c\u043e\u0449\u044c\u044e \u043a\u043d\u043e\u043f\u043a\u0438 \u043d\u0430 \u043f\u0430\u043d\u0435\u043b\u0438 \u0443\u043f\u0440\u0430\u0432\u043b\u0435\u043d\u0438\u044f.<\/li>\n<li>\u0427\u0440\u0435\u0437\u0432\u044b\u0447\u0430\u0439\u043d\u043e \u043d\u0438\u0437\u043a\u043e\u0435 \u044d\u043d\u0435\u0440\u0433\u043e\u043f\u043e\u0442\u0440\u0435\u0431\u043b\u0435\u043d\u0438\u0435<\/li>\n<li>\u0414\u0438\u0441\u043f\u0435\u043d\u0441\u0435\u0440 \u043b\u0435\u043d\u0442\u044b \u043c\u043e\u0436\u043d\u043e \u0443\u0441\u0442\u0430\u043d\u043e\u0432\u0438\u0442\u044c \u0432 \u043d\u0435\u0441\u043a\u043e\u043b\u044c\u043a\u0438\u0445 \u043f\u043e\u043b\u043e\u0436\u0435\u043d\u0438\u044f\u0445.<\/li>\n<li>4 \u043a\u043e\u043b\u0435\u0441\u0430<\/li>\n<\/ul>","protected":false},"featured_media":15343,"template":"","meta":[],"product_cat":[578],"product_tag":[],"class_list":{"0":"post-13125","1":"product","2":"type-product","3":"status-publish","4":"has-post-thumbnail","6":"product_brand-mosca","7":"product_cat-automatinis-aprisimo-irenginys","9":"first","10":"instock","11":"shipping-taxable","12":"product-type-simple"},"_links":{"self":[{"href":"https:\/\/packstera.lt\/ru\/wp-json\/wp\/v2\/product\/13125","targetHints":{"allow":["GET"]}}],"collection":[{"href":"https:\/\/packstera.lt\/ru\/wp-json\/wp\/v2\/product"}],"about":[{"href":"https:\/\/packstera.lt\/ru\/wp-json\/wp\/v2\/types\/product"}],"version-history":[{"count":6,"href":"https:\/\/packstera.lt\/ru\/wp-json\/wp\/v2\/product\/13125\/revisions"}],"predecessor-version":[{"id":15346,"href":"https:\/\/packstera.lt\/ru\/wp-json\/wp\/v2\/product\/13125\/revisions\/15346"}],"wp:featuredmedia":[{"embeddable":true,"href":"https:\/\/packstera.lt\/ru\/wp-json\/wp\/v2\/media\/15343"}],"wp:attachment":[{"href":"https:\/\/packstera.lt\/ru\/wp-json\/wp\/v2\/media?parent=13125"}],"wp:term":[{"taxonomy":"product_cat","embeddable":true,"href":"https:\/\/packstera.lt\/ru\/wp-json\/wp\/v2\/product_cat?post=13125"},{"taxonomy":"product_tag","embeddable":true,"href":"https:\/\/packstera.lt\/ru\/wp-json\/wp\/v2\/product_tag?post=13125"}],"curies":[{"name":"WP","href":"https:\/\/api.w.org\/{rel}","templated":true}]}}