{"id":16577,"date":"2024-02-23T13:57:32","date_gmt":"2024-02-23T11:57:32","guid":{"rendered":"http:\/\/packstera.lt\/?post_type=product&#038;p=16577"},"modified":"2025-06-10T14:31:44","modified_gmt":"2025-06-10T11:31:44","slug":"%d0%b7%d0%b0%d0%bf%d0%b0%d0%b9%d1%89%d0%b8%d0%ba-%d0%bb%d0%be%d1%82%d0%ba%d0%be%d0%b2-%d0%bc3","status":"publish","type":"product","link":"https:\/\/packstera.lt\/ru\/p\/indeliu-uzlydymo-irenginys-tray-sealer-m3\/","title":{"rendered":"\u0417\u0430\u043f\u0430\u0439\u0449\u0438\u043a \u043b\u043e\u0442\u043a\u043e\u0432 \u041c3"},"content":{"rendered":"<p>\u0417\u0430\u043f\u0430\u0439\u0449\u0438\u043a \u043b\u043e\u0442\u043a\u043e\u0432 \u041c3 <strong data-start=\"151\" data-end=\"234\">\u2013 <\/strong><strong data-start=\"806\" data-end=\"923\">kompakti\u0161kas ir patikimas pusiau automatinis \u012frenginys su tiksliu pl\u0117vel\u0117s u\u017elydymu ir pjovimu<\/strong><\/p>\n<p data-start=\"925\" data-end=\"1248\">\u201eM3\u201c modelis \u2013 tai pusiau automatinis indeli\u0173 u\u017elydymo \u012frenginys, skirtas kokybi\u0161kam ir tiksliam pakavimui \u012f i\u0161 anksto suformuotus pad\u0117klus. \u012erenginys sukurtas \u012fmon\u0117ms, kurios ie\u0161ko <strong data-start=\"1107\" data-end=\"1145\">ekonomi\u0161ko, bet patikimo sprendimo<\/strong>, u\u017etikrinan\u010dio profesional\u0173 rezultat\u0105, kai reikia u\u017elydyti pl\u0117vel\u0119 ir j\u0105 nupjauti pagal pad\u0117klo form\u0105.<\/p>\n<p data-start=\"1250\" data-end=\"1704\"><strong data-start=\"1250\" data-end=\"1294\">Pagamintas Italijoje \u2013 kokyb\u0117s garantija<\/strong><br data-start=\"1294\" data-end=\"1297\" \/>Visa \u201eM3\u201c konstrukcija yra <strong data-start=\"1324\" data-end=\"1353\">100 % pagaminta Italijoje<\/strong>, naudojant tik auk\u0161tos kokyb\u0117s med\u017eiagas. \u012erenginys surenkamas i\u0161 <strong data-start=\"1420\" data-end=\"1443\">ner\u016bdijan\u010dio plieno<\/strong>, tod\u0117l yra <strong data-start=\"1455\" data-end=\"1500\">higieni\u0161kas, ilgaam\u017eis ir lengvai valomas<\/strong>, atitinka visus maisto pramon\u0117s standartus. D\u0117l <strong data-start=\"1549\" data-end=\"1608\">auk\u0161tos surinkimo kokyb\u0117s ir ma\u017eo judan\u010di\u0173 dali\u0173 kiekio<\/strong>, \u201eM3\u201c reikalauja minimalios technin\u0117s prie\u017ei\u016bros, o jo eksploatacija \u2013 ilgamet\u0117 ir be r\u016bpes\u010di\u0173.<\/p>\n<p data-start=\"1706\" data-end=\"2136\"><strong data-start=\"1706\" data-end=\"1739\">Tikslus u\u017elydymas ir pjovimas<\/strong><br data-start=\"1739\" data-end=\"1742\" \/>\u012erenginys skirtas ne tik u\u017elydyti pl\u0117vel\u0119, bet ir j\u0105 tiksliai nupjauti aplink pad\u0117klo kont\u016br\u0105. Tai leid\u017eia pasiekti <strong data-start=\"1858\" data-end=\"1908\">esteti\u0161kai patraukl\u0173 ir profesional\u0173 rezultat\u0105<\/strong>, kuris tinka tiek ma\u017emeninei prekybai, tiek gastronomijos poreikiams. \u201eM3\u201c naudoja <strong data-start=\"1992\" data-end=\"2039\">pagal individual\u0173 u\u017esakym\u0105 gaminamas formas<\/strong>, kurios gali b\u016bti tiek su precut (i\u0161ankstiniu pjovimu), tiek be jo \u2013 pagal konkre\u010dius poreikius.<\/p>\n<p data-start=\"2138\" data-end=\"2208\"><strong data-start=\"2138\" data-end=\"2158\">Tikslus valdymas<\/strong><br data-start=\"2158\" data-end=\"2161\" \/>U\u017elydymo procesas yra visi\u0161kai kontroliuojamas:<\/p>\n<ul data-start=\"2209\" data-end=\"2510\">\n<li data-start=\"2209\" data-end=\"2373\">\n<p data-start=\"2211\" data-end=\"2373\"><strong data-start=\"2211\" data-end=\"2226\">Temperat\u016bra<\/strong> reguliuojama naudojant temperat\u016bros valdikl\u012f su <strong data-start=\"2275\" data-end=\"2306\">PT100 termoporiniu davikliu<\/strong>, u\u017etikrinan\u010diu stabil\u0173 ir pastov\u0173 \u0161ilumos kiek\u012f kiekvienam ciklui.<\/p>\n<\/li>\n<li data-start=\"2374\" data-end=\"2510\">\n<p data-start=\"2376\" data-end=\"2510\"><strong data-start=\"2376\" data-end=\"2386\">Laikas<\/strong> nustatomas analoginiu laikma\u010diu, leid\u017eian\u010diu operatoriui precizi\u0161kai pritaikyti u\u017elydymo trukm\u0119 pagal naudojamas med\u017eiagas.<\/p>\n<\/li>\n<\/ul>\n<p data-start=\"2512\" data-end=\"2866\"><strong data-start=\"2512\" data-end=\"2561\">Pritaikomas \u012fvairiems produktams ir formatams<\/strong><br data-start=\"2561\" data-end=\"2564\" \/>\u201eM3\u201c puikiai tinka \u012fvairi\u0173 maisto produkt\u0173 \u2013 nuo m\u0117sos, s\u016brio ar \u017euvies iki dar\u017eovi\u0173 ar paruo\u0161t\u0173 patiekal\u0173 \u2013 pakavimui. D\u0117l individualiai gaminam\u0173 form\u0173, \u012frengin\u012f galima lengvai pritaikyti prie specifini\u0173 pad\u0117kl\u0173 ar indeli\u0173 matmen\u0173, o pl\u0117vel\u0117s u\u017elydymas ir pjovimas atliekamas tiksliai, be deformacij\u0173.<\/p>\n<p data-start=\"2868\" data-end=\"2898\"><strong data-start=\"2868\" data-end=\"2896\">Pagrindiniai privalumai:<\/strong><\/p>\n<ul data-start=\"2899\" data-end=\"3214\">\n<li data-start=\"2899\" data-end=\"2928\">\n<p data-start=\"2901\" data-end=\"2928\">100 % <strong data-start=\"2907\" data-end=\"2926\">Itali\u0161ka gamyba<\/strong><\/p>\n<\/li>\n<li data-start=\"2929\" data-end=\"2972\">\n<p data-start=\"2931\" data-end=\"2972\">Konstrukcija i\u0161 <strong data-start=\"2947\" data-end=\"2970\">ner\u016bdijan\u010dio plieno<\/strong><\/p>\n<\/li>\n<li data-start=\"2973\" data-end=\"3010\">\n<p data-start=\"2975\" data-end=\"3010\"><strong data-start=\"2975\" data-end=\"3008\">Tikslus u\u017elydymas ir pjovimas<\/strong><\/p>\n<\/li>\n<li data-start=\"3011\" data-end=\"3058\">\n<p data-start=\"3013\" data-end=\"3058\"><strong data-start=\"3013\" data-end=\"3038\">Temperat\u016bros kontrol\u0117<\/strong> su PT100 sensoriu<\/p>\n<\/li>\n<li data-start=\"3059\" data-end=\"3115\">\n<p data-start=\"3061\" data-end=\"3115\"><strong data-start=\"3061\" data-end=\"3085\">Analoginis laikmatis<\/strong> u\u017elydymo trukmei reguliuoti<\/p>\n<\/li>\n<li data-start=\"3116\" data-end=\"3177\">\n<p data-start=\"3118\" data-end=\"3177\"><strong data-start=\"3118\" data-end=\"3140\">Form\u0173 pasirinkimas<\/strong>: su i\u0161ankstiniu pjovimu arba be jo<\/p>\n<\/li>\n<li data-start=\"3178\" data-end=\"3214\">\n<p data-start=\"3180\" data-end=\"3214\"><strong data-start=\"3180\" data-end=\"3214\">Minimalus aptarnavimo poreikis<\/strong><\/p>\n<\/li>\n<\/ul>\n<p data-start=\"3216\" data-end=\"3400\">\u0160is \u012frenginys \u2013 puikus pasirinkimas \u012fmon\u0117ms, ie\u0161kan\u010dioms ekonomi\u0161ko, patikimo ir kokybi\u0161ko sprendimo, galin\u010dio u\u017etikrinti profesional\u0173 pakavimo rezultat\u0105 su pusiau automatine kontrole.<\/p>","protected":false},"excerpt":{"rendered":"<p>\u0417\u0430\u043f\u0430\u0439\u0449\u0438\u043a \u043b\u043e\u0442\u043a\u043e\u0432 \u041c3 <strong data-start=\"151\" data-end=\"234\">\u2013 pusiau automatinis indeli\u0173 u\u017elydymo \u012frenginys su auk\u0161to tikslumo pjovimu<\/strong><br data-start=\"234\" data-end=\"237\" \/>\u201eM3\u201c \u2013 tai patikimas ir ilgaam\u017eis pusiau automatinis \u012frenginys, skirtas <strong data-start=\"309\" data-end=\"345\">pl\u0117vel\u0117s u\u017elydymui ir nupjovimui<\/strong> ant i\u0161 anksto suformuot\u0173 pad\u0117kl\u0173. Visi\u0161kai pagamintas Italijoje, i\u0161 <strong data-start=\"414\" data-end=\"437\">ner\u016bdijan\u010dio plieno<\/strong>, \u012frenginys pasi\u017eymi <strong data-start=\"458\" data-end=\"491\">minimaliu prie\u017ei\u016bros poreikiu<\/strong> ir ilgalaikiu patikimumu. \u201eM3\u201c naudoja <strong data-start=\"531\" data-end=\"566\">individualiai pagamintas formas<\/strong>, kurios gali b\u016bti tiek su i\u0161ankstiniu pjovimu, tiek be jo. Komplektacijoje \u2013 <strong data-start=\"644\" data-end=\"677\">tikslus temperat\u016bros valdymas<\/strong> su valdikliu ir PT100 davikliu bei analoginis <strong data-start=\"724\" data-end=\"755\">u\u017elydymo laiko reguliavimas<\/strong>.<\/p>\n<div id=\"gtx-trans\" style=\"position: absolute; left: -17px; top: -9.50391px;\">\n<div class=\"gtx-trans-icon\"><\/div>\n<\/div>","protected":false},"featured_media":16610,"template":"","meta":[],"product_cat":[755],"product_tag":[],"class_list":{"0":"post-16577","1":"product","2":"type-product","3":"status-publish","4":"has-post-thumbnail","6":"product_cat-pusiau-automatiniai-indeliu-uzlydymui","8":"first","9":"instock","10":"shipping-taxable","11":"product-type-simple"},"_links":{"self":[{"href":"https:\/\/packstera.lt\/ru\/wp-json\/wp\/v2\/product\/16577","targetHints":{"allow":["GET"]}}],"collection":[{"href":"https:\/\/packstera.lt\/ru\/wp-json\/wp\/v2\/product"}],"about":[{"href":"https:\/\/packstera.lt\/ru\/wp-json\/wp\/v2\/types\/product"}],"version-history":[{"count":4,"href":"https:\/\/packstera.lt\/ru\/wp-json\/wp\/v2\/product\/16577\/revisions"}],"predecessor-version":[{"id":17469,"href":"https:\/\/packstera.lt\/ru\/wp-json\/wp\/v2\/product\/16577\/revisions\/17469"}],"wp:featuredmedia":[{"embeddable":true,"href":"https:\/\/packstera.lt\/ru\/wp-json\/wp\/v2\/media\/16610"}],"wp:attachment":[{"href":"https:\/\/packstera.lt\/ru\/wp-json\/wp\/v2\/media?parent=16577"}],"wp:term":[{"taxonomy":"product_cat","embeddable":true,"href":"https:\/\/packstera.lt\/ru\/wp-json\/wp\/v2\/product_cat?post=16577"},{"taxonomy":"product_tag","embeddable":true,"href":"https:\/\/packstera.lt\/ru\/wp-json\/wp\/v2\/product_tag?post=16577"}],"curies":[{"name":"WP","href":"https:\/\/api.w.org\/{rel}","templated":true}]}}