{"id":16578,"date":"2024-02-23T13:57:35","date_gmt":"2024-02-23T11:57:35","guid":{"rendered":"http:\/\/packstera.lt\/?post_type=product&#038;p=16578"},"modified":"2025-06-10T14:44:10","modified_gmt":"2025-06-10T11:44:10","slug":"%d0%b7%d0%b0%d0%bf%d0%b0%d0%b9%d1%89%d0%b8%d0%ba-%d0%bb%d0%be%d1%82%d0%ba%d0%be%d0%b2-%d0%be%d0%bb%d0%b8%d0%bc%d0%bf%d0%b8%d1%8f","status":"publish","type":"product","link":"https:\/\/packstera.lt\/ru\/p\/indeliu-uzlydymo-irenginys-tray-sealer-olympia\/","title":{"rendered":"\u0417\u0430\u043f\u0430\u0439\u0449\u0438\u043a \u043b\u043e\u0442\u043a\u043e\u0432 \u041e\u043b\u0438\u043c\u043f\u0438\u044f"},"content":{"rendered":"<p>\u0417\u0430\u043f\u0430\u0439\u0449\u0438\u043a \u043b\u043e\u0442\u043a\u043e\u0432 \u041e\u043b\u0438\u043c\u043f\u0438\u044f <strong data-start=\"855\" data-end=\"944\">\u2013 kompakti\u0161kas, pusiau automatinis tray sealer su MAP ir \u201eSKIN\u201c funkcijomis<\/strong><\/p>\n<p data-start=\"946\" data-end=\"1368\">Pusiau automatinis \u201eOlympia\u201c modelis \u2013 tai \u012frenginys, sukurtas specialiai <strong data-start=\"1020\" data-end=\"1082\">maisto produkt\u0173 pakavimui \u012f i\u0161 anksto suformuotus pad\u0117klus<\/strong>, atliekant tik u\u017elydym\u0105, pakavim\u0105 <strong data-start=\"1117\" data-end=\"1152\">modifikuotoje atmosferoje (MAP)<\/strong> arba naudojant <strong data-start=\"1168\" data-end=\"1185\">\u201eSKIN\u201c efekt\u0105<\/strong>. D\u0117l savo kompakti\u0161ko dyd\u017eio ir intuityvaus valdymo, \u0161is modelis idealiai tinka tiek ma\u017eoms, tiek augan\u010dioms \u012fmon\u0117ms, kurios siekia prad\u0117ti ar i\u0161pl\u0117sti profesionali\u0105 pakavimo veikl\u0105.<\/p>\n<p data-start=\"1370\" data-end=\"1430\"><strong data-start=\"1370\" data-end=\"1428\">Trys pakavimo re\u017eimai \u2013 lankstumas viename \u012frenginyje:<\/strong><\/p>\n<ul data-start=\"1431\" data-end=\"1781\">\n<li data-start=\"1431\" data-end=\"1522\">\n<p data-start=\"1433\" data-end=\"1522\"><strong data-start=\"1433\" data-end=\"1461\">U\u017elydymas (sealing only)<\/strong> \u2013 greitas ir paprastas sprendimas trumpalaikiam pakavimui.<\/p>\n<\/li>\n<li data-start=\"1523\" data-end=\"1645\">\n<p data-start=\"1525\" data-end=\"1645\"><strong data-start=\"1525\" data-end=\"1556\">Modifikuota atmosfera (MAP)<\/strong> \u2013 apsaugo produktus nuo oksidacijos ir bakterij\u0173 poveikio, prat\u0119siant galiojimo laik\u0105.<\/p>\n<\/li>\n<li data-start=\"1646\" data-end=\"1781\">\n<p data-start=\"1648\" data-end=\"1781\"><strong data-start=\"1648\" data-end=\"1666\">\u201eSKIN\u201c efektas<\/strong> \u2013 vakuuminis pakavimas, kur pl\u0117vel\u0117 glaud\u017eiai priglunda prie produkto pavir\u0161iaus, pabr\u0117\u017eiant jo form\u0105 ir i\u0161vaizd\u0105.<\/p>\n<\/li>\n<\/ul>\n<p data-start=\"1783\" data-end=\"2111\"><strong data-start=\"1783\" data-end=\"1834\">Konstrukcija, skirta ilgaam\u017ei\u0161kumui ir higienai<\/strong><br data-start=\"1834\" data-end=\"1837\" \/>Visas \u012frenginio korpusas pagamintas i\u0161 <strong data-start=\"1876\" data-end=\"1899\">ner\u016bdijan\u010dio plieno<\/strong>, kuris atitinka grie\u017e\u010diausius higienos ir maisto saugos reikalavimus. D\u0117l auk\u0161tos kokyb\u0117s konstrukcijos, \u201eOlympia\u201c yra atspari dr\u0117gmei, da\u017enam plovimui bei agresyvioms darbo s\u0105lygoms maisto perdirbimo aplinkoje.<\/p>\n<p data-start=\"2113\" data-end=\"2328\"><strong data-start=\"2113\" data-end=\"2167\">Auk\u0161tos kokyb\u0117s komponentai \u2013 patikimumo pagrindas<\/strong><br data-start=\"2167\" data-end=\"2170\" \/>\u012erenginys sukomplektuotas i\u0161 <strong data-start=\"2199\" data-end=\"2233\">auk\u0161\u010diausios klas\u0117s komponent\u0173<\/strong>, kurie u\u017etikrina <strong data-start=\"2251\" data-end=\"2295\">ilgaam\u017e\u012f veikim\u0105 ir stabilius rezultatus<\/strong> net intensyvaus darbo s\u0105lygomis.<\/p>\n<p data-start=\"2330\" data-end=\"2813\"><strong data-start=\"2330\" data-end=\"2402\">Individualiai gaminamos aliuminio formos \u2013 maksimali pakavimo kokyb\u0117<\/strong><br data-start=\"2402\" data-end=\"2405\" \/>Visos formos gaminamos i\u0161 auk\u0161tos kokyb\u0117s aliuminio, <strong data-start=\"2458\" data-end=\"2497\">tiksliai pagal kliento reikalavimus<\/strong>, u\u017etikrinant nepriekai\u0161ting\u0105 pakavimo kont\u016br\u0105 ir sandarum\u0105. Tai leid\u017eia i\u0161vengti deformacij\u0173, nuot\u0117kio ir u\u017etikrina estetin\u0119 pakuot\u0117s i\u0161vaizd\u0105. Be to, galima u\u017esakyti formas, <strong data-start=\"2673\" data-end=\"2717\">suderinamas su automatiniais \u012frenginiais<\/strong>, kas suteikia galimyb\u0119 ateityje efektyviai pereiti prie pilnai automatizuotos pakavimo linijos.<\/p>\n<p data-start=\"2815\" data-end=\"2851\"><strong data-start=\"2815\" data-end=\"2849\">Kod\u0117l verta rinktis \u201eOlympia\u201c?<\/strong><\/p>\n<ul data-start=\"2852\" data-end=\"3159\">\n<li data-start=\"2852\" data-end=\"2893\">\n<p data-start=\"2854\" data-end=\"2893\">3 pakavimo re\u017eimai viename \u012frenginyje<\/p>\n<\/li>\n<li data-start=\"2894\" data-end=\"2940\">\n<p data-start=\"2896\" data-end=\"2940\">Tvirta konstrukcija i\u0161 ner\u016bdijan\u010dio plieno<\/p>\n<\/li>\n<li data-start=\"2941\" data-end=\"3000\">\n<p data-start=\"2943\" data-end=\"3000\">Auk\u0161tos kokyb\u0117s komponentai \u2013 minimalus gedim\u0173 skai\u010dius<\/p>\n<\/li>\n<li data-start=\"3001\" data-end=\"3040\">\n<p data-start=\"3003\" data-end=\"3040\">Kompakti\u0161kas dizainas \u2013 taupo viet\u0105<\/p>\n<\/li>\n<li data-start=\"3041\" data-end=\"3105\">\n<p data-start=\"3043\" data-end=\"3105\">Aliuminin\u0117s formos \u2013 tiksliai pritaikytos pagal j\u016bs\u0173 pakuot\u0119<\/p>\n<\/li>\n<li data-start=\"3106\" data-end=\"3159\">\n<p data-start=\"3108\" data-end=\"3159\">Galimas form\u0173 pritaikymas automatiniams \u012frenginiams<\/p>\n<\/li>\n<\/ul>\n<p data-start=\"3161\" data-end=\"3256\"><strong data-start=\"3161\" data-end=\"3256\">\u201eOlympia\u201c \u2013 patikimas sprendimas profesionaliam pakavimui, kuris auga kartu su j\u016bs\u0173 verslu.<\/strong><\/p>","protected":false},"excerpt":{"rendered":"<p>Indeli\u0173 u\u017elydymo \u012frenginys tray sealer Olympia \u2013 tai kompakti\u0161kas pusiau automatinis \u012frenginys, skirtas maisto produkt\u0173 pakavimui <strong data-start=\"296\" data-end=\"342\">u\u017elydymui, modifikuotoje atmosferoje (MAP)<\/strong> arba su <strong data-start=\"351\" data-end=\"368\">\u201eSKIN\u201c efektu<\/strong>. D\u0117l paprasto valdymo ir nedidelio dyd\u017eio, tai idealus sprendimas \u012fmon\u0117ms, \u017eengian\u010dioms pirmuosius \u017eingsnius profesionalaus pakavimo srityje. \u012erenginys visi\u0161kai pagamintas i\u0161 <strong data-start=\"544\" data-end=\"567\">ner\u016bdijan\u010dio plieno<\/strong> ir apr\u016bpintas auk\u0161tos kokyb\u0117s komponentais, u\u017etikrinan\u010diais na\u0161um\u0105 ir ilgaam\u017ei\u0161kum\u0105. Kiekviena <strong data-start=\"663\" data-end=\"705\">aliuminio forma gaminama individualiai<\/strong>, siekiant tikslumo. Taip pat galima pasirinkti <strong data-start=\"753\" data-end=\"804\">form\u0173 suderinamum\u0105 su automatiniais \u012frenginiais<\/strong>.<\/p>","protected":false},"featured_media":16609,"template":"","meta":[],"product_cat":[755],"product_tag":[],"class_list":{"0":"post-16578","1":"product","2":"type-product","3":"status-publish","4":"has-post-thumbnail","6":"product_cat-pusiau-automatiniai-indeliu-uzlydymui","8":"first","9":"instock","10":"shipping-taxable","11":"product-type-simple"},"_links":{"self":[{"href":"https:\/\/packstera.lt\/ru\/wp-json\/wp\/v2\/product\/16578","targetHints":{"allow":["GET"]}}],"collection":[{"href":"https:\/\/packstera.lt\/ru\/wp-json\/wp\/v2\/product"}],"about":[{"href":"https:\/\/packstera.lt\/ru\/wp-json\/wp\/v2\/types\/product"}],"version-history":[{"count":4,"href":"https:\/\/packstera.lt\/ru\/wp-json\/wp\/v2\/product\/16578\/revisions"}],"predecessor-version":[{"id":17471,"href":"https:\/\/packstera.lt\/ru\/wp-json\/wp\/v2\/product\/16578\/revisions\/17471"}],"wp:featuredmedia":[{"embeddable":true,"href":"https:\/\/packstera.lt\/ru\/wp-json\/wp\/v2\/media\/16609"}],"wp:attachment":[{"href":"https:\/\/packstera.lt\/ru\/wp-json\/wp\/v2\/media?parent=16578"}],"wp:term":[{"taxonomy":"product_cat","embeddable":true,"href":"https:\/\/packstera.lt\/ru\/wp-json\/wp\/v2\/product_cat?post=16578"},{"taxonomy":"product_tag","embeddable":true,"href":"https:\/\/packstera.lt\/ru\/wp-json\/wp\/v2\/product_tag?post=16578"}],"curies":[{"name":"WP","href":"https:\/\/api.w.org\/{rel}","templated":true}]}}