{"id":16579,"date":"2024-02-23T13:57:39","date_gmt":"2024-02-23T11:57:39","guid":{"rendered":"http:\/\/packstera.lt\/?post_type=product&#038;p=16579"},"modified":"2025-06-10T14:31:03","modified_gmt":"2025-06-10T11:31:03","slug":"%d0%b7%d0%b0%d0%bf%d0%b0%d0%b9%d1%89%d0%b8%d0%ba-%d0%bb%d0%be%d1%82%d0%ba%d0%be%d0%b2-%d0%be%d0%bb%d0%b8%d0%bc%d0%bf%d0%b8%d1%8f-%d0%bf%d1%80%d0%be","status":"publish","type":"product","link":"https:\/\/packstera.lt\/ru\/p\/indeliu-uzlydymo-irenginys-tray-sealer-olympia-pro\/","title":{"rendered":"\u0417\u0430\u043f\u0430\u0439\u0449\u0438\u043a \u043b\u043e\u0442\u043a\u043e\u0432 \u041e\u043b\u0438\u043c\u043f\u0438\u044f \u041f\u0420\u041e"},"content":{"rendered":"<p>\u0417\u0430\u043f\u0430\u0439\u0449\u0438\u043a \u043b\u043e\u0442\u043a\u043e\u0432 \u041e\u043b\u0438\u043c\u043f\u0438\u044f \u041f\u0420\u041e <strong data-start=\"852\" data-end=\"949\">\u2013 patikimas pusiau automatinis tray sealer su rotaciniu stalu ir dviguba kamera<\/strong><\/p>\n<p data-start=\"953\" data-end=\"1282\">\u201eOlympia PRO\u201c \u2013 tai profesionalus pusiau automatinis indeli\u0173 u\u017elydymo \u012frenginys, sukurtas palengvinti ir pagreitinti maisto produkt\u0173 pakavim\u0105 <strong data-start=\"1095\" data-end=\"1131\">\u012f i\u0161 anksto suformuotus pad\u0117klus<\/strong>. \u0160is modelis skirtas \u012fmon\u0117ms, kurios ie\u0161ko <strong data-start=\"1175\" data-end=\"1224\">produktyvumo ir efektyvumo didinimo sprendimo<\/strong>, neper\u017eengdamos pilnai automatizuotos \u012frangos ka\u0161t\u0173 rib\u0173.<\/p>\n<p data-start=\"1284\" data-end=\"1703\"><strong data-start=\"1284\" data-end=\"1318\">Dviguba kamera \u2013 dviguba nauda<\/strong><br data-start=\"1318\" data-end=\"1321\" \/>Vienas i\u0161 pagrindini\u0173 \u201eOlympia PRO\u201c privalum\u0173 \u2013 tai <strong data-start=\"1373\" data-end=\"1401\">dviguba vakuumin\u0117 kamera<\/strong>, integruota \u012f rotacin\u012f stal\u0105. Toks sprendimas leid\u017eia dirbti cikli\u0161kai: kol viena kamera vykdo u\u017elydymo proces\u0105, operatorius gali <strong data-start=\"1532\" data-end=\"1558\">pakrauti arba i\u0161krauti<\/strong> antr\u0105j\u0105 kamer\u0105. Tai leid\u017eia i\u0161naudoti laik\u0105 maksimaliai efektyviai ir <strong data-start=\"1629\" data-end=\"1663\">realiai padidina bendr\u0105 na\u0161um\u0105<\/strong>, lyginant su vienos kameros sistemomis.<\/p>\n<p data-start=\"1705\" data-end=\"2103\"><strong data-start=\"1705\" data-end=\"1752\">Rotacinis stalas \u2013 nuolatinis darbo srautas<\/strong><br data-start=\"1752\" data-end=\"1755\" \/>Rotacinio stalo konstrukcija u\u017etikrina nepertraukiam\u0105 darbo eig\u0105, nes operatoriui nereikia laukti, kol viena kamera baigs darb\u0105 \u2013 jis gali tuo metu ruo\u0161ti kit\u0105 cikl\u0105. \u0160is funkcionalumas suteikia \u201eOlympia PRO\u201c prana\u0161um\u0105 prie\u0161 kitus pusiau automatinius modelius, leid\u017eiant grei\u010diau \u012fgyvendinti pakavimo u\u017eduotis be papildomo darbo j\u0117gos ar \u012frengini\u0173.<\/p>\n<p data-start=\"2105\" data-end=\"2459\"><strong data-start=\"2105\" data-end=\"2143\">Intuityvus valdymas ir patikimumas<\/strong><br data-start=\"2143\" data-end=\"2146\" \/>\u012erenginys suprojektuotas taip, kad b\u016bt\u0173 <strong data-start=\"2186\" data-end=\"2238\">lengvai valdomas net ir nepatyrusiam operatoriui<\/strong>. Visi pagrindiniai nustatymai atliekami per ai\u0161k\u0173 valdymo skydel\u012f, o pati sistema veikia stabiliai ir nusp\u0117jamai. \u201eOlympia PRO\u201c taip pat pasi\u017eymi <strong data-start=\"2385\" data-end=\"2411\">itin auk\u0161tu patikimumu<\/strong>, kas labai svarbu nuolatiniam gamybos procesui.<\/p>\n<p data-start=\"2461\" data-end=\"2752\"><strong data-start=\"2461\" data-end=\"2491\">Tinka \u012fvairiems produktams<\/strong><br data-start=\"2491\" data-end=\"2494\" \/>\u201eOlympia PRO\u201c puikiai tinka pakuoti \u012fvairius \u0161vie\u017eius arba perdirbtus maisto produktus \u2013 nuo m\u0117sos, \u017euvies, pieno gamini\u0173 iki dar\u017eovi\u0173 ar gatav\u0173 patiekal\u0173. D\u0117l lankstaus form\u0173 pasirinkimo \u0161\u012f \u012frengin\u012f galima pritaikyti prie daugelio skirting\u0173 pad\u0117kl\u0173 format\u0173.<\/p>\n<p data-start=\"2754\" data-end=\"2794\"><strong data-start=\"2754\" data-end=\"2792\">Kod\u0117l verta rinktis \u201eOlympia PRO\u201c?<\/strong><\/p>\n<ul data-start=\"2795\" data-end=\"3133\">\n<li data-start=\"2795\" data-end=\"2844\">\n<p data-start=\"2797\" data-end=\"2844\"><strong data-start=\"2797\" data-end=\"2815\">Dviguba kamera<\/strong> \u2013 padidintas produktyvumas<\/p>\n<\/li>\n<li data-start=\"2845\" data-end=\"2894\">\n<p data-start=\"2847\" data-end=\"2894\"><strong data-start=\"2847\" data-end=\"2867\">Rotacinis stalas<\/strong> \u2013 nepertraukiamas darbas<\/p>\n<\/li>\n<li data-start=\"2895\" data-end=\"2938\">\n<p data-start=\"2897\" data-end=\"2938\"><strong data-start=\"2897\" data-end=\"2917\">Lengvas valdymas<\/strong> \u2013 intuityvi s\u0105saja<\/p>\n<\/li>\n<li data-start=\"2939\" data-end=\"3022\">\n<p data-start=\"2941\" data-end=\"3022\"><strong data-start=\"2941\" data-end=\"2970\">Pusiau automatin\u0117 sistema<\/strong> \u2013 puikus per\u0117jimo variantas nuo rankinio pakavimo<\/p>\n<\/li>\n<li data-start=\"3023\" data-end=\"3074\">\n<p data-start=\"3025\" data-end=\"3074\"><strong data-start=\"3025\" data-end=\"3047\">Kompakti\u0161kas dydis<\/strong> \u2013 tinka ribotoms erdv\u0117ms<\/p>\n<\/li>\n<li data-start=\"3075\" data-end=\"3133\">\n<p data-start=\"3077\" data-end=\"3133\"><strong data-start=\"3077\" data-end=\"3102\">Patikima konstrukcija<\/strong> \u2013 ma\u017eesn\u0117s prie\u017ei\u016bros s\u0105naudos<\/p>\n<\/li>\n<\/ul>\n<p data-start=\"3135\" data-end=\"3419\">Jeigu j\u016bs\u0173 \u012fmon\u0117 ie\u0161ko sprendimo, kaip padidinti pakavimo na\u0161um\u0105 ir suma\u017einti rankinio darbo apimtis, \u201eOlympia PRO\u201c yra puikus pasirinkimas. Tai idealus sprendimas tiems, kurie nori \u017eengti \u017eingsn\u012f link automatizacijos, bet dar n\u0117ra pasiruo\u0161\u0119 investuoti \u012f visi\u0161kai automatines linijas.<\/p>","protected":false},"excerpt":{"rendered":"<p>\u0417\u0430\u043f\u0430\u0439\u0449\u0438\u043a \u043b\u043e\u0442\u043a\u043e\u0432 \u041e\u043b\u0438\u043c\u043f\u0438\u044f \u041f\u0420\u041e <strong data-start=\"151\" data-end=\"247\">\u2013 pusiau automatinis u\u017elydymo \u012frenginys su dviguba kamera efektyvesnei gamybai<\/strong><br data-start=\"247\" data-end=\"250\" \/>\u201eOlympia PRO\u201c \u2013 tai pa\u017eangus pusiau automatinis indeli\u0173 u\u017elydymo \u012frenginys, sukurtas specialiai maisto pakavimui \u012f i\u0161 anksto suformuotus pad\u0117klus. \u012erenginys turi <strong data-start=\"412\" data-end=\"462\">rotacin\u012f stal\u0105 su dviem vakuumin\u0117mis kameromis<\/strong>, leid\u017eian\u010diomis tuo pa\u010diu metu pakuoti vien\u0105 partij\u0105 ir paruo\u0161ti kit\u0105. Tokia konstrukcija leid\u017eia <strong data-start=\"561\" data-end=\"596\">\u017eenkliai padidinti produktyvum\u0105<\/strong>, o pats \u012frenginys i\u0161lieka <strong data-start=\"623\" data-end=\"662\">itin patikimas ir paprastas naudoti<\/strong>. D\u0117l \u0161i\u0173 savybi\u0173 \u201eOlympia PRO\u201c yra puikus pasirinkimas \u012fmon\u0117ms, siekian\u010dioms pereiti nuo rankinio pakavimo prie pusiau automatin\u0117s gamybos.<\/p>","protected":false},"featured_media":16608,"template":"","meta":[],"product_cat":[755],"product_tag":[],"class_list":{"0":"post-16579","1":"product","2":"type-product","3":"status-publish","4":"has-post-thumbnail","6":"product_cat-pusiau-automatiniai-indeliu-uzlydymui","8":"first","9":"instock","10":"shipping-taxable","11":"product-type-simple"},"_links":{"self":[{"href":"https:\/\/packstera.lt\/ru\/wp-json\/wp\/v2\/product\/16579","targetHints":{"allow":["GET"]}}],"collection":[{"href":"https:\/\/packstera.lt\/ru\/wp-json\/wp\/v2\/product"}],"about":[{"href":"https:\/\/packstera.lt\/ru\/wp-json\/wp\/v2\/types\/product"}],"version-history":[{"count":4,"href":"https:\/\/packstera.lt\/ru\/wp-json\/wp\/v2\/product\/16579\/revisions"}],"predecessor-version":[{"id":17467,"href":"https:\/\/packstera.lt\/ru\/wp-json\/wp\/v2\/product\/16579\/revisions\/17467"}],"wp:featuredmedia":[{"embeddable":true,"href":"https:\/\/packstera.lt\/ru\/wp-json\/wp\/v2\/media\/16608"}],"wp:attachment":[{"href":"https:\/\/packstera.lt\/ru\/wp-json\/wp\/v2\/media?parent=16579"}],"wp:term":[{"taxonomy":"product_cat","embeddable":true,"href":"https:\/\/packstera.lt\/ru\/wp-json\/wp\/v2\/product_cat?post=16579"},{"taxonomy":"product_tag","embeddable":true,"href":"https:\/\/packstera.lt\/ru\/wp-json\/wp\/v2\/product_tag?post=16579"}],"curies":[{"name":"WP","href":"https:\/\/api.w.org\/{rel}","templated":true}]}}