{"id":16581,"date":"2024-02-23T13:58:08","date_gmt":"2024-02-23T11:58:08","guid":{"rendered":"http:\/\/packstera.lt\/?post_type=product&#038;p=16581"},"modified":"2025-06-10T14:07:56","modified_gmt":"2025-06-10T11:07:56","slug":"%d1%83%d1%81%d1%82%d1%80%d0%be%d0%b9%d1%81%d1%82%d0%b2%d0%be-%d0%b4%d0%bb%d1%8f-%d0%b7%d0%b0%d0%bf%d0%b5%d1%87%d0%b0%d1%82%d1%8b%d0%b2%d0%b0%d0%bd%d0%b8%d1%8f-%d0%bb%d0%be%d1%82%d0%ba%d0%be%d0%b2-athe","status":"publish","type":"product","link":"https:\/\/packstera.lt\/ru\/p\/indeliu-uzlydymo-irenginys-tray-sealer-athena-dual-drive\/","title":{"rendered":"\u0417\u0430\u043f\u0430\u0439\u0449\u0438\u043a \u043b\u043e\u0442\u043a\u043e\u0432 Athena Dual Drive"},"content":{"rendered":"<p>\u0417\u0430\u043f\u0430\u0439\u0449\u0438\u043a \u043b\u043e\u0442\u043a\u043e\u0432 Athena Dual Drive <strong data-start=\"941\" data-end=\"1043\">\u2013 dviej\u0173 kamer\u0173 u\u017elydymo \u012frenginys maksimaliai gamybos kontrolei ir lankstumui<\/strong><\/p>\n<p data-start=\"1045\" data-end=\"1373\">Automatinis u\u017elydymo \u012frenginys \u201eAthena Dual Drive\u201c \u2013 tai pa\u017eangi \u201eTecnovac\u201c technologijos evoliucija, sukurta tam, kad i\u0161 esm\u0117s padidint\u0173 gamybos efektyvum\u0105 ir suteikt\u0173 operatoriui maksimal\u0173 lankstum\u0105. \u0160is modelis yra i\u0161pl\u0117stin\u0117 originaliosios \u201eAthena\u201c versijos modifikacija, kuri naudoja <strong data-start=\"1334\" data-end=\"1372\">dvigub\u0105 sandarinimo kamer\u0173 sistem\u0105<\/strong>.<\/p>\n<p data-start=\"1375\" data-end=\"1680\">Pagrindinis \u0161io \u012frenginio prana\u0161umas \u2013 galimyb\u0117 vienu metu dirbti su <strong data-start=\"1444\" data-end=\"1475\">dviem identi\u0161komis formomis<\/strong>, tokiu b\u016bdu padvigubinant pakuo\u010di\u0173 u\u017elydymo produktyvum\u0105 be papildom\u0173 investicij\u0173 \u012f antr\u0105 \u012frengin\u012f. Tai idealiai tinka auk\u0161tos apimties pakavimo procesams, kur svarbus greitis ir pastovus gamybos srautas.<\/p>\n<p data-start=\"1682\" data-end=\"2088\">Dar vienas i\u0161skirtinis bruo\u017eas \u2013 tai galimyb\u0117 naudoti <strong data-start=\"1736\" data-end=\"1780\">dvi skirtingas formas viename \u012frenginyje<\/strong>, tarp kuri\u0173 galima lengvai perjungti per <strong data-start=\"1822\" data-end=\"1856\">intuityvi\u0105 PLC valdymo sistem\u0105<\/strong>. Tokia funkcija leid\u017eia greitai pereiti nuo vieno produkto prie kito, nekei\u010diant visos formos rankiniu b\u016bdu ir nesustabdant gamybos ilgam laikui. Tai reik\u0161mingai suma\u017eina prastov\u0173 trukm\u0119 ir leid\u017eia efektyviau valdyti gamybos laik\u0105.<\/p>\n<p data-start=\"2090\" data-end=\"2173\">\u012erenginys i\u0161laiko visus pagrindinius \u201eTecnovac\u201c kokyb\u0117s ir patikimumo kriterijus:<\/p>\n<ul data-start=\"2174\" data-end=\"2300\">\n<li data-start=\"2174\" data-end=\"2205\">\n<p data-start=\"2176\" data-end=\"2205\">Auk\u0161tos kokyb\u0117s komponentai<\/p>\n<\/li>\n<li data-start=\"2206\" data-end=\"2241\">\n<p data-start=\"2208\" data-end=\"2241\">Patikima mechanin\u0117 konstrukcija<\/p>\n<\/li>\n<li data-start=\"2242\" data-end=\"2267\">\n<p data-start=\"2244\" data-end=\"2267\">Ergonomi\u0161kas dizainas<\/p>\n<\/li>\n<li data-start=\"2268\" data-end=\"2300\">\n<p data-start=\"2270\" data-end=\"2300\">Lengva prie\u017ei\u016bra ir plovimas<\/p>\n<\/li>\n<\/ul>\n<p data-start=\"2302\" data-end=\"2583\">Be to, \u201eAthena Dual Drive\u201c yra konkurencingas kainos at\u017evilgiu \u2013 jo <strong data-start=\"2370\" data-end=\"2400\">kainos ir kokyb\u0117s santykis<\/strong> yra vienas geriausi\u0173 savo klas\u0117je. D\u0117l to jis yra optimalus pasirinkimas tiek smulkesn\u0117ms \u012fmon\u0117ms, norin\u010dioms pl\u0117stis, tiek didel\u0117ms gamykloms, kurios siekia efektyvumo ir lankstumo.<\/p>\n<p data-start=\"2585\" data-end=\"2615\"><strong data-start=\"2585\" data-end=\"2613\">Pagrindiniai privalumai:<\/strong><\/p>\n<ul data-start=\"2616\" data-end=\"2914\">\n<li data-start=\"2616\" data-end=\"2674\">\n<p data-start=\"2618\" data-end=\"2674\"><strong data-start=\"2618\" data-end=\"2636\">Dviguba kamera<\/strong> padidina gamybos apimt\u012f iki 2 kart\u0173<\/p>\n<\/li>\n<li data-start=\"2675\" data-end=\"2743\">\n<p data-start=\"2677\" data-end=\"2743\"><strong data-start=\"2677\" data-end=\"2715\">Galimyb\u0117 naudoti skirtingas formas<\/strong> be fizin\u0117s formos keitimo<\/p>\n<\/li>\n<li data-start=\"2744\" data-end=\"2813\">\n<p data-start=\"2746\" data-end=\"2813\"><strong data-start=\"2746\" data-end=\"2762\">PLC valdymas<\/strong> leid\u017eia greitai ir paprastai valdyti perjungimus<\/p>\n<\/li>\n<li data-start=\"2814\" data-end=\"2870\">\n<p data-start=\"2816\" data-end=\"2870\"><strong data-start=\"2816\" data-end=\"2838\">Ma\u017eesn\u0117s prastovos<\/strong>, didesnis lankstumas gamyboje<\/p>\n<\/li>\n<li data-start=\"2871\" data-end=\"2914\">\n<p data-start=\"2873\" data-end=\"2914\"><strong data-start=\"2873\" data-end=\"2914\">Itin patraukli kaina u\u017e auk\u0161t\u0105 kokyb\u0119<\/strong><\/p>\n<\/li>\n<\/ul>\n<p data-start=\"2916\" data-end=\"3118\">\u201eAthena Dual Drive\u201c \u2013 tai prakti\u0161kas sprendimas \u012fmon\u0117ms, kurios nori padidinti u\u017elydymo na\u0161um\u0105 be dideli\u0173 papildom\u0173 investicij\u0173, bet kartu ir i\u0161laikyti galimyb\u0119 lanks\u010diai dirbti su \u012fvairiais produktais.<\/p>","protected":false},"excerpt":{"rendered":"<p>\u0417\u0430\u043f\u0430\u0439\u0449\u0438\u043a \u043b\u043e\u0442\u043a\u043e\u0432 Athena Dual Drive <strong data-start=\"128\" data-end=\"218\">\u2013 dviej\u0173 kamer\u0173 u\u017elydymo \u012frenginys didesniam lankstumui ir na\u0161umui<\/strong><br data-start=\"218\" data-end=\"221\" \/>\u201eAthena Dual Drive\u201c \u2013 tai automatinis indeli\u0173 u\u017elydymo \u012frenginys su dviem kameromis, sukurtas produktyvumui padvigubinti. \u012erenginys gali veikti su dviem identi\u0161komis formomis vienu metu, taip padvigubindamas pakuo\u010di\u0173 apdorojimo spart\u0105. Taip pat yra galimyb\u0117 naudoti skirtingas formas \u2013 vartotojas per PLC valdymo sistem\u0105 gali pasirinkti, kuri forma tuo metu turi b\u016bti aktyvi. \u0160is sprendimas leid\u017eia dirbti lanks\u010diau, ma\u017eina prastovas ir didina bendr\u0105 gamybos efektyvum\u0105. \u201eAthena Dual Drive\u201c i\u0161siskiria puikiu kainos ir kokyb\u0117s santykiu bei atitinka auk\u0161tus \u201eTecnovac\u201c kokyb\u0117s standartus, tod\u0117l yra idealus pasirinkimas \u012fmon\u0117ms, siekian\u010dioms auginti gamybinius paj\u0117gumus.<\/p>","protected":false},"featured_media":16606,"template":"","meta":[],"product_cat":[756],"product_tag":[],"class_list":{"0":"post-16581","1":"product","2":"type-product","3":"status-publish","4":"has-post-thumbnail","6":"product_cat-automatiniai-indeliu-uzlydymui","8":"first","9":"instock","10":"shipping-taxable","11":"product-type-simple"},"_links":{"self":[{"href":"https:\/\/packstera.lt\/ru\/wp-json\/wp\/v2\/product\/16581","targetHints":{"allow":["GET"]}}],"collection":[{"href":"https:\/\/packstera.lt\/ru\/wp-json\/wp\/v2\/product"}],"about":[{"href":"https:\/\/packstera.lt\/ru\/wp-json\/wp\/v2\/types\/product"}],"version-history":[{"count":4,"href":"https:\/\/packstera.lt\/ru\/wp-json\/wp\/v2\/product\/16581\/revisions"}],"predecessor-version":[{"id":17464,"href":"https:\/\/packstera.lt\/ru\/wp-json\/wp\/v2\/product\/16581\/revisions\/17464"}],"wp:featuredmedia":[{"embeddable":true,"href":"https:\/\/packstera.lt\/ru\/wp-json\/wp\/v2\/media\/16606"}],"wp:attachment":[{"href":"https:\/\/packstera.lt\/ru\/wp-json\/wp\/v2\/media?parent=16581"}],"wp:term":[{"taxonomy":"product_cat","embeddable":true,"href":"https:\/\/packstera.lt\/ru\/wp-json\/wp\/v2\/product_cat?post=16581"},{"taxonomy":"product_tag","embeddable":true,"href":"https:\/\/packstera.lt\/ru\/wp-json\/wp\/v2\/product_tag?post=16581"}],"curies":[{"name":"WP","href":"https:\/\/api.w.org\/{rel}","templated":true}]}}