{"id":16582,"date":"2024-02-23T13:58:50","date_gmt":"2024-02-23T11:58:50","guid":{"rendered":"http:\/\/packstera.lt\/?post_type=product&#038;p=16582"},"modified":"2025-06-10T10:59:44","modified_gmt":"2025-06-10T07:59:44","slug":"%d0%b7%d0%b0%d0%bf%d0%b0%d0%b9%d1%89%d0%b8%d0%ba-%d0%bb%d0%be%d1%82%d0%ba%d0%be%d0%b2-%d0%ba%d1%80%d1%8b%d1%88%d0%ba%d0%b0-%d0%b0%d1%84%d0%b8%d0%bd%d0%b0","status":"publish","type":"product","link":"https:\/\/packstera.lt\/ru\/p\/indeliu-uzlydymo-irenginys-tray-sealer-athena-lid\/","title":{"rendered":"\u0417\u0430\u043f\u0430\u0439\u0449\u0438\u043a \u043b\u043e\u0442\u043a\u043e\u0432 Athena LID"},"content":{"rendered":"<p data-start=\"1095\" data-end=\"1587\">Indeli\u0173 u\u017elydymo \u012frenginys \u201eAthena LID\u201c \u2013 tai modernus ir itin patikimas indeli\u0173 u\u017elydymo \u012frenginys, kuriame dera pa\u017eangios technologijos ir ilgamet\u0117 m\u016bs\u0173 patirtis. \u0160is modelis sukurtas kaip hibridas \u2013 jis apjungia geriausias m\u016bs\u0173 s\u0117kmingiausio \u201eAthena\u201c tray sealer modelio savybes su naujai integruota automatine dangteli\u0173 u\u017ed\u0117jimo sistema, kuri buvo sukurta m\u016bs\u0173 komandos viduje. Rezultatas \u2013 auk\u0161tos klas\u0117s ma\u0161ina, galinti visi\u0161kai automatizuotai u\u017elydyti bei u\u017edengti \u012fvairaus tipo suderinamus indelius ar pad\u0117klus.<\/p>\n<p data-start=\"1589\" data-end=\"1935\">Vienas i\u0161 pagrindini\u0173 \u201eAthena LID\u201c privalum\u0173 \u2013 jos nepriklausomos sandarinimo kameros. Kiekviena kamera veikia autonomi\u0161kai, atpa\u017e\u012fsta, ar yra \u012fd\u0117tas indelis, ir atlieka u\u017elydymo bei dangtelio u\u017ed\u0117jimo veiksmus tik tada, kai tai b\u016btina. Tai leid\u017eia optimizuoti darbo proces\u0105, suma\u017einti energijos s\u0105naudas bei pailginti komponent\u0173 tarnavimo laik\u0105.<\/p>\n<p data-start=\"1937\" data-end=\"2310\">\u012erenginys pasiekia toki\u0105 pa\u010di\u0105 maksimal\u0173 gamybos na\u0161um\u0105 kaip ir pagrindinis \u201eAthena\u201c modelis, tod\u0117l tinka tiek ma\u017eesn\u0117ms, tiek didelio masto gamybin\u0117ms linijoms. Intuityvi vartotojo s\u0105saja leid\u017eia greitai ir paprastai valdyti ma\u0161in\u0105, o greito formato keitimo funkcija leid\u017eia efektyviai pereiti nuo vieno produkto prie kito, suma\u017einant prastovas ir padidinant produktyvum\u0105.<\/p>\n<p data-start=\"2312\" data-end=\"2591\">D\u0117l savo universalumo \u201eAthena LID\u201c gali b\u016bti naudojamas \u012fvairiose pramon\u0117s \u0161akose \u2013 nuo maisto pakuo\u010di\u0173 iki kosmetikos ar technini\u0173 produkt\u0173 pakavimo. \u012erenginys lengvai pritaikomas pagal individualius kliento poreikius \u2013 tiek indeli\u0173 tip\u0173, tiek sandarinimo parametr\u0173 at\u017evilgiu.<\/p>\n<p data-start=\"2593\" data-end=\"2617\">Techniniai privalumai:<\/p>\n<ul data-start=\"2618\" data-end=\"3245\">\n<li data-start=\"2618\" data-end=\"2763\">\n<p data-start=\"2620\" data-end=\"2763\"><strong data-start=\"2620\" data-end=\"2656\">Automatinis dangteli\u0173 u\u017ed\u0117jimas:<\/strong> integruota sistema u\u017etikrina tiksl\u0173 ir patikim\u0105 dangteli\u0173 u\u017ed\u0117jim\u0105 be papildomos rankin\u0117s intervencijos.<\/p>\n<\/li>\n<li data-start=\"2764\" data-end=\"2865\">\n<p data-start=\"2766\" data-end=\"2865\"><strong data-start=\"2766\" data-end=\"2793\">Nepriklausomos kameros:<\/strong> leid\u017eia padidinti efektyvum\u0105 ir suma\u017einti nereikaling\u0105 cikl\u0173 skai\u010di\u0173.<\/p>\n<\/li>\n<li data-start=\"2866\" data-end=\"3002\">\n<p data-start=\"2868\" data-end=\"3002\"><strong data-start=\"2868\" data-end=\"2892\">Intuityvus valdymas:<\/strong> valdymo sistema su lietimui jautriu ekranu leid\u017eia lengvai koreguoti parametrus ir steb\u0117ti gamybos proces\u0105.<\/p>\n<\/li>\n<li data-start=\"3003\" data-end=\"3139\">\n<p data-start=\"3005\" data-end=\"3139\"><strong data-start=\"3005\" data-end=\"3034\">Greitas formato keitimas:<\/strong> vienu mygtuko paspaudimu galite keisti gamybos format\u0105 \u2013 idealiai tinka da\u017enai kei\u010diamiems produktams.<\/p>\n<\/li>\n<li data-start=\"3140\" data-end=\"3245\">\n<p data-start=\"3142\" data-end=\"3245\"><strong data-start=\"3142\" data-end=\"3168\">Kompakti\u0161kas dizainas:<\/strong> puikiai telpa ribotoje gamybin\u0117je erdv\u0117je, i\u0161laikant maksimal\u0173 efektyvum\u0105.<\/p>\n<\/li>\n<\/ul>\n<p data-start=\"3247\" data-end=\"3483\">Jei ie\u0161kote patikimo, lankstaus ir automatinio sprendimo indeli\u0173 u\u017elydymui bei dangteli\u0173 u\u017ed\u0117jimui, \u201eAthena LID\u201c \u2013 tai investicija, kuri greitai atsiperka tiek d\u0117l padid\u0117jusio produktyvumo, tiek d\u0117l suma\u017e\u0117jusi\u0173 eksploatacini\u0173 s\u0105naud\u0173.<\/p>","protected":false},"excerpt":{"rendered":"<p>Indeli\u0173 u\u017elydymo \u012frenginys \u201eAthena LID\u201c \u2013 tai pa\u017eangus indeli\u0173 u\u017elydymo \u012frenginys, sukurtas sujungiant m\u016bs\u0173 populiariausi\u0105 tray sealer model\u012f su naujai sukurta automatine dangteli\u0173 u\u017ed\u0117jimo sistema. \u0160i hibridin\u0117 ma\u0161ina visi\u0161kai automatizuotai u\u017elydo ir u\u017edengia \u012fvairi\u0173 tip\u0173 indelius ar pad\u0117klus, u\u017etikrindama maksimal\u0173 tikslum\u0105 ir proces\u0173 patikimum\u0105. Nepriklausomos sandarinimo kameros automati\u0161kai atpa\u017e\u012fsta \u012fd\u0117tus indelius ir vykdo atitinkamus veiksmus. Ma\u0161ina pasi\u017eymi tokiu pa\u010diu produktyvumu kaip ir originalus \u201eAthena\u201c modelis, ta\u010diau jos valdymas dar paprastesnis d\u0117l intuityvios vartotojo s\u0105sajos bei greitos formato keitimo funkcijos. Tai lankstus sprendimas moderniai gamybai.<\/p>","protected":false},"featured_media":16605,"template":"","meta":[],"product_cat":[756],"product_tag":[],"class_list":{"0":"post-16582","1":"product","2":"type-product","3":"status-publish","4":"has-post-thumbnail","6":"product_cat-automatiniai-indeliu-uzlydymui","8":"first","9":"instock","10":"shipping-taxable","11":"product-type-simple"},"_links":{"self":[{"href":"https:\/\/packstera.lt\/ru\/wp-json\/wp\/v2\/product\/16582","targetHints":{"allow":["GET"]}}],"collection":[{"href":"https:\/\/packstera.lt\/ru\/wp-json\/wp\/v2\/product"}],"about":[{"href":"https:\/\/packstera.lt\/ru\/wp-json\/wp\/v2\/types\/product"}],"version-history":[{"count":4,"href":"https:\/\/packstera.lt\/ru\/wp-json\/wp\/v2\/product\/16582\/revisions"}],"predecessor-version":[{"id":17459,"href":"https:\/\/packstera.lt\/ru\/wp-json\/wp\/v2\/product\/16582\/revisions\/17459"}],"wp:featuredmedia":[{"embeddable":true,"href":"https:\/\/packstera.lt\/ru\/wp-json\/wp\/v2\/media\/16605"}],"wp:attachment":[{"href":"https:\/\/packstera.lt\/ru\/wp-json\/wp\/v2\/media?parent=16582"}],"wp:term":[{"taxonomy":"product_cat","embeddable":true,"href":"https:\/\/packstera.lt\/ru\/wp-json\/wp\/v2\/product_cat?post=16582"},{"taxonomy":"product_tag","embeddable":true,"href":"https:\/\/packstera.lt\/ru\/wp-json\/wp\/v2\/product_tag?post=16582"}],"curies":[{"name":"WP","href":"https:\/\/api.w.org\/{rel}","templated":true}]}}