{"id":16584,"date":"2024-02-23T13:59:26","date_gmt":"2024-02-23T11:59:26","guid":{"rendered":"http:\/\/packstera.lt\/?post_type=product&#038;p=16584"},"modified":"2025-06-10T11:09:04","modified_gmt":"2025-06-10T08:09:04","slug":"%d0%b7%d0%b0%d0%bf%d0%b0%d0%b9%d1%89%d0%b8%d0%ba-%d0%bb%d0%be%d1%82%d0%ba%d0%be%d0%b2-%d0%be%d1%80%d0%b8%d0%be%d0%bd-%d0%bc%d0%b0%d0%ba%d1%81%d0%b8","status":"publish","type":"product","link":"https:\/\/packstera.lt\/ru\/p\/indeliu-uzlydymo-irenginys-tray-sealer-orion-maxi\/","title":{"rendered":"\u0417\u0430\u043f\u0430\u0439\u0449\u0438\u043a \u043b\u043e\u0442\u043a\u043e\u0432 \u041e\u0440\u0438\u043e\u043d \u041c\u0430\u043a\u0441\u0438"},"content":{"rendered":"<p>\u0417\u0430\u043f\u0430\u0439\u0449\u0438\u043a \u043b\u043e\u0442\u043a\u043e\u0432 \u041e\u0440\u0438\u043e\u043d \u041c\u0430\u043a\u0441\u0438<strong data-start=\"904\" data-end=\"1023\">\u00a0\u2013 auk\u0161\u010diausios klas\u0117s indeli\u0173 u\u017elydymo \u012frenginys didelio na\u0161umo ir higienos reikalaujantiems procesams<\/strong><\/p>\n<p data-start=\"1025\" data-end=\"1390\">\u201eOrion MAXI\u201c \u2013 tai naujausias ir pa\u017eangiausias \u201eTecnovac\u201c in-line tipo indeli\u0173 u\u017elydymo \u012frenginys, kuriame \u012fk\u016bnyta daugiau nei trij\u0173 de\u0161imtme\u010di\u0173 technologini\u0173 inovacij\u0173 patirtis. Sukurtas remiantis populiariuoju \u201eOrion\u201c modeliu, \u201eOrion MAXI\u201c pasi\u017eymi ne tik tuo pa\u010diu funkcionalumu ir patikimumu, bet ir reik\u0161mingai i\u0161pl\u0117stomis galimyb\u0117mis bei higienos standartais.<\/p>\n<p data-start=\"1392\" data-end=\"1820\">Viena pagrindini\u0173 naujovi\u0173 \u2013 visi\u0161kai atskirta apatin\u0117s kameros valdymo sistema. \u0160is in\u017einerinis sprendimas leid\u017eia i\u0161vengti tiesioginio kontakto tarp judan\u010di\u0173 mechanizm\u0173 ir aplinkos ne\u0161varum\u0173. Tuo pat metu \u012frenginyje \u012frengtas vir\u0161utin\u0117je konstrukcijos dalyje sumontuotas <strong data-start=\"1664\" data-end=\"1700\">sandarus elektros valdymo skydas<\/strong>, kuris suteikia galimyb\u0119 darbo zonoje atlikti <strong data-start=\"1747\" data-end=\"1769\">tiesiogin\u012f plovim\u0105<\/strong>, nepa\u017eeid\u017eiant joki\u0173 elektromechanini\u0173 komponent\u0173.<\/p>\n<p data-start=\"1822\" data-end=\"2105\">D\u0117l \u0161ios konstrukcijos \u201eOrion MAXI\u201c idealiai tinka \u012fmon\u0117ms, kurioms keliami auk\u0161ti sanitariniai reikalavimai \u2013 pvz., m\u0117sos, \u017euvies, pieno produkt\u0173 ar \u0161vie\u017eio maisto pakavimo sektoriams. Tiesioginio plovimo galimyb\u0117 taupo laik\u0105 ir i\u0161laiko gamybos saug\u0105 be b\u016btinyb\u0117s i\u0161ardyti \u012frengin\u012f.<\/p>\n<p data-start=\"2107\" data-end=\"2579\">Didelis privalumas \u2013 tai <strong data-start=\"2132\" data-end=\"2177\">iki 1000 mm ilgio vientisas formos blokas<\/strong>, u\u017etikrinantis ne tik tvirtum\u0105, bet ir labai auk\u0161t\u0105 u\u017elydymo na\u0161um\u0105. Tokia forma leid\u017eia apdoroti didelius kiekius pakuo\u010di\u0173 per trump\u0105 laik\u0105, neprarandant sandarinimo kokyb\u0117s. Ji visi\u0161kai suderinama tiek su \u012fprastu u\u017elydymu, tiek su <strong data-start=\"2411\" data-end=\"2453\">modifikuotos atmosferos pakavimu (MAP)<\/strong>, <strong data-start=\"2455\" data-end=\"2463\">skin<\/strong> bei <strong data-start=\"2468\" data-end=\"2487\">skin protruding<\/strong> technologijomis \u2013 tai leid\u017eia efektyviai pakuoti net sud\u0117ting\u0173 form\u0173 ar jautrius produktus.<\/p>\n<p data-start=\"2581\" data-end=\"2611\"><strong data-start=\"2581\" data-end=\"2611\">Technologiniai privalumai:<\/strong><\/p>\n<ul data-start=\"2612\" data-end=\"3044\">\n<li data-start=\"2612\" data-end=\"2699\">\n<p data-start=\"2614\" data-end=\"2699\"><strong data-start=\"2614\" data-end=\"2654\">Visi\u0161kai atskirtas kameros valdymas:<\/strong> padidina patvarum\u0105 ir suma\u017eina susid\u0117v\u0117jim\u0105.<\/p>\n<\/li>\n<li data-start=\"2700\" data-end=\"2791\">\n<p data-start=\"2702\" data-end=\"2791\"><strong data-start=\"2702\" data-end=\"2735\">Tiesioginio plovimo galimyb\u0117:<\/strong> leid\u017eia lengviau laikytis grie\u017et\u0173 higienos reikalavim\u0173.<\/p>\n<\/li>\n<li data-start=\"2792\" data-end=\"2863\">\n<p data-start=\"2794\" data-end=\"2863\"><strong data-start=\"2794\" data-end=\"2821\">Vientisa 1000 mm forma:<\/strong> idealiai tinka dideliam pakuo\u010di\u0173 srautui.<\/p>\n<\/li>\n<li data-start=\"2864\" data-end=\"2955\">\n<p data-start=\"2866\" data-end=\"2955\"><strong data-start=\"2866\" data-end=\"2903\">Pa\u017eangi pl\u0117vel\u0117s valdymo sistema:<\/strong> suma\u017eina med\u017eiag\u0173 s\u0105naudas ir sutrumpina prastovas.<\/p>\n<\/li>\n<li data-start=\"2956\" data-end=\"3044\">\n<p data-start=\"2958\" data-end=\"3044\"><strong data-start=\"2958\" data-end=\"3008\">Suderinamumas su MAP, skin ir skin protruding:<\/strong> didelis lankstumas pakuo\u010di\u0173 tipams.<\/p>\n<\/li>\n<\/ul>\n<p data-start=\"3046\" data-end=\"3410\">\u0160is \u012frenginys suprojektuotas taip, kad ne tik atitikt\u0173 auk\u0161\u010diausius pramoninius standartus, bet ir pasi\u016blyt\u0173 ilgaam\u017ei\u0161kum\u0105, efektyvum\u0105 bei maksimal\u0173 saugum\u0105. Jei ie\u0161kote sprendimo, kuris veikt\u0173 skland\u017eiai net ir intensyviausiomis s\u0105lygomis bei u\u017etikrint\u0173 itin auk\u0161t\u0105 u\u017elydymo kokyb\u0119 \u2013 \u201eOrion MAXI\u201c yra pasirinkimas, kuris pateisina investicij\u0105 ilguoju laikotarpiu.<\/p>\n<div id=\"gtx-trans\" style=\"position: absolute; left: -95px; top: 48.4453px;\">\n<div class=\"gtx-trans-icon\"><\/div>\n<\/div>","protected":false},"excerpt":{"rendered":"<p>\u0417\u0430\u043f\u0430\u0439\u0449\u0438\u043a \u043b\u043e\u0442\u043a\u043e\u0432 \u041e\u0440\u0438\u043e\u043d \u041c\u0430\u043a\u0441\u0438 <strong data-start=\"143\" data-end=\"223\">\u2013 didelio na\u0161umo indeli\u0173 u\u017elydymo \u012frenginys su pa\u017eangia apsauga<\/strong><br data-start=\"223\" data-end=\"226\" \/>\u201eOrion MAXI\u201c \u2013 tai pa\u017eangiausias \u201eTecnovac\u201c indeli\u0173 u\u017elydymo \u012frenginys, sukurtas remiantis daugiau nei 30 met\u0173 tyrim\u0173 ir pl\u0117tros patirtimi. \u0160is modelis per\u0117m\u0117 visas \u201eOrion\u201c \u012frenginio stipri\u0105sias technologijas ir dar labiau pagerino j\u0173 na\u0161um\u0105. Integruota sandarinimo kameros apatin\u0117s dalies atskyrimo sistema bei vir\u0161uje \u012fmontuotas sandarus elektros skydelis leid\u017eia tiesiogiai plauti darbo zon\u0105, visi\u0161kai apsaugant mechaninius ir elektroninius komponentus. Tvirtas iki 1000 mm ilgio vientisas formos blokas u\u017etikrina itin didel\u012f u\u017elydymo produktyvum\u0105 tiek standartiniam sandarinimui, tiek MAP, skin ar i\u0161kylan\u010diai skin pakuotei.<\/p>","protected":false},"featured_media":16603,"template":"","meta":[],"product_cat":[757],"product_tag":[],"class_list":{"0":"post-16584","1":"product","2":"type-product","3":"status-publish","4":"has-post-thumbnail","6":"product_cat-dirbantys-linijoje","8":"first","9":"instock","10":"shipping-taxable","11":"product-type-simple"},"_links":{"self":[{"href":"https:\/\/packstera.lt\/ru\/wp-json\/wp\/v2\/product\/16584","targetHints":{"allow":["GET"]}}],"collection":[{"href":"https:\/\/packstera.lt\/ru\/wp-json\/wp\/v2\/product"}],"about":[{"href":"https:\/\/packstera.lt\/ru\/wp-json\/wp\/v2\/types\/product"}],"version-history":[{"count":4,"href":"https:\/\/packstera.lt\/ru\/wp-json\/wp\/v2\/product\/16584\/revisions"}],"predecessor-version":[{"id":17463,"href":"https:\/\/packstera.lt\/ru\/wp-json\/wp\/v2\/product\/16584\/revisions\/17463"}],"wp:featuredmedia":[{"embeddable":true,"href":"https:\/\/packstera.lt\/ru\/wp-json\/wp\/v2\/media\/16603"}],"wp:attachment":[{"href":"https:\/\/packstera.lt\/ru\/wp-json\/wp\/v2\/media?parent=16584"}],"wp:term":[{"taxonomy":"product_cat","embeddable":true,"href":"https:\/\/packstera.lt\/ru\/wp-json\/wp\/v2\/product_cat?post=16584"},{"taxonomy":"product_tag","embeddable":true,"href":"https:\/\/packstera.lt\/ru\/wp-json\/wp\/v2\/product_tag?post=16584"}],"curies":[{"name":"WP","href":"https:\/\/api.w.org\/{rel}","templated":true}]}}