{"id":16802,"date":"2024-08-28T11:08:23","date_gmt":"2024-08-28T08:08:23","guid":{"rendered":"http:\/\/packstera.lt\/?post_type=product&#038;p=16802"},"modified":"2024-09-20T15:24:52","modified_gmt":"2024-09-20T12:24:52","slug":"%d0%ba%d0%be%d0%bc%d0%b1%d0%b8%d0%bd%d0%b8%d1%80%d0%be%d0%b2%d0%b0%d0%bd%d0%bd%d1%8b%d0%b5-%d0%be%d0%b1%d0%b2%d1%8f%d0%b7%d0%be%d1%87%d0%bd%d1%8b%d0%b5-%d1%83%d1%81%d1%82%d1%80%d0%be%d0%b9%d1%81%d1%82","status":"publish","type":"product","link":"https:\/\/packstera.lt\/ru\/p\/kombinuoto-surisimo-irenginiai\/","title":{"rendered":"\u041a\u043e\u043c\u0431\u0438\u043d\u0438\u0440\u043e\u0432\u0430\u043d\u043d\u044b\u0435 \u0441\u0432\u044f\u0437\u0443\u044e\u0449\u0438\u0435 \u0443\u0441\u0442\u0440\u043e\u0439\u0441\u0442\u0432\u0430 \u0434\u043b\u044f \u0431\u0435\u0442\u043e\u043d\u043d\u043e\u0439 \u043f\u0440\u043e\u043c\u044b\u0448\u043b\u0435\u043d\u043d\u043e\u0441\u0442\u0438"},"content":{"rendered":"<p>\u041a\u043e\u043c\u0431\u0438\u043d\u0438\u0440\u043e\u0432\u0430\u043d\u043d\u044b\u0435 \u043e\u0431\u0432\u044f\u0437\u043e\u0447\u043d\u044b\u0435 \u0443\u0441\u0442\u0440\u043e\u0439\u0441\u0442\u0432\u0430 \u043f\u0440\u0435\u0434\u043d\u0430\u0437\u043d\u0430\u0447\u0435\u043d\u044b \u0434\u043b\u044f \u0430\u0432\u0442\u043e\u043c\u0430\u0442\u0438\u0437\u0438\u0440\u043e\u0432\u0430\u043d\u043d\u043e\u0433\u043e \u043a\u0440\u0435\u043f\u043b\u0435\u043d\u0438\u044f \u0416\u0411\u0418 \u043d\u0430 \u043f\u043e\u0434\u0434\u043e\u043d\u0430\u0445 \u0441 \u043f\u043e\u043c\u043e\u0449\u044c\u044e \u041f\u041f, \u041f\u042d\u0422 \u0438\u043b\u0438 \u043c\u0435\u0442\u0430\u043b\u043b\u0438\u0447\u0435\u0441\u043a\u043e\u0439 \u043b\u0435\u043d\u0442\u044b. \u042d\u0442\u043e \u0443\u0441\u0442\u0440\u043e\u0439\u0441\u0442\u0432\u043e \u0447\u0440\u0435\u0437\u0432\u044b\u0447\u0430\u0439\u043d\u043e \u0433\u0438\u0431\u043a\u043e\u0435, \u043f\u043e\u0441\u043a\u043e\u043b\u044c\u043a\u0443 \u0435\u0433\u043e \u043c\u043e\u0436\u043d\u043e \u0430\u0434\u0430\u043f\u0442\u0438\u0440\u043e\u0432\u0430\u0442\u044c \u043a \u0440\u0430\u0437\u043b\u0438\u0447\u043d\u044b\u043c \u043e\u0442\u0440\u0430\u0441\u043b\u044f\u043c, \u0433\u0434\u0435 \u0442\u0440\u0435\u0431\u0443\u044e\u0442\u0441\u044f \u0440\u0430\u0437\u043b\u0438\u0447\u043d\u044b\u0435 \u0440\u0435\u0448\u0435\u043d\u0438\u044f \u043f\u043e \u043a\u0440\u0435\u043f\u043b\u0435\u043d\u0438\u044e. \u0423\u0441\u0442\u0440\u043e\u0439\u0441\u0442\u0432\u043e \u043e\u0431\u0435\u0441\u043f\u0435\u0447\u0438\u0432\u0430\u0435\u0442 \u043d\u0430\u0434\u0435\u0436\u043d\u044b\u0439 \u0438 \u044d\u0444\u0444\u0435\u043a\u0442\u0438\u0432\u043d\u044b\u0439 \u043f\u0440\u043e\u0446\u0435\u0441\u0441 \u0443\u043f\u0430\u043a\u043e\u0432\u043a\u0438, \u0438\u043c\u0435\u0435\u0442 \u0440\u0435\u0433\u0443\u043b\u0438\u0440\u0443\u0435\u043c\u0443\u044e \u0441\u0438\u043b\u0443 \u043d\u0430\u0442\u044f\u0436\u0435\u043d\u0438\u044f, \u0447\u0442\u043e \u043f\u043e\u0437\u0432\u043e\u043b\u044f\u0435\u0442 \u0430\u0434\u0430\u043f\u0442\u0438\u0440\u043e\u0432\u0430\u0442\u044c \u043f\u0435\u0440\u0435\u043f\u043b\u0435\u0442 \u043a \u0440\u0430\u0437\u043b\u0438\u0447\u043d\u044b\u043c \u0443\u043f\u0430\u043a\u043e\u0432\u043a\u0430\u043c. \u0412\u0441\u0442\u0440\u043e\u0435\u043d\u043d\u044b\u0439 \u0432\u0438\u0431\u0440\u043e\u0441\u0432\u0430\u0440\u043e\u0447\u043d\u044b\u0439 \u043c\u0435\u0445\u0430\u043d\u0438\u0437\u043c \u0438 \u0443\u0434\u043e\u0431\u043d\u0430\u044f \u043f\u0440\u043e\u0433\u0440\u0430\u043c\u043c\u043d\u0430\u044f \u043f\u0430\u043d\u0435\u043b\u044c \u0443\u043f\u0440\u0430\u0432\u043b\u0435\u043d\u0438\u044f \u043e\u0431\u0435\u0441\u043f\u0435\u0447\u0438\u0432\u0430\u044e\u0442 \u0432\u044b\u0441\u043e\u043a\u043e\u0435 \u043a\u0430\u0447\u0435\u0441\u0442\u0432\u043e \u0440\u0430\u0431\u043e\u0442\u044b \u0438 \u043f\u0440\u043e\u0441\u0442\u043e\u0442\u0443 \u0443\u043f\u0440\u0430\u0432\u043b\u0435\u043d\u0438\u044f.<\/p>\n<p>\u042d\u0442\u043e \u043e\u0434\u043d\u043e \u0438\u0437 \u0441\u0430\u043c\u044b\u0445 \u0442\u043e\u0447\u043d\u044b\u0445 \u043e\u0431\u0432\u044f\u0437\u043e\u0447\u043d\u044b\u0445 \u0443\u0441\u0442\u0440\u043e\u0439\u0441\u0442\u0432 \u043d\u0430 \u0440\u044b\u043d\u043a\u0435, \u043a\u043e\u0442\u043e\u0440\u043e\u0435 \u043f\u043e\u0437\u0432\u043e\u043b\u044f\u0435\u0442 \u043e\u0431\u0435\u0440\u043d\u0443\u0442\u044c \u0432\u0430\u0448 \u043f\u0440\u043e\u0434\u0443\u043a\u0442 \u043d\u0430 \u0432\u044b\u0441\u043e\u0442\u0435 \u0434\u0430\u0436\u0435 2 \u0441\u043c \u043d\u0430\u0434 \u043f\u043b\u043e\u0441\u043a\u043e\u0441\u0442\u044c\u044e \u0443\u043f\u0430\u043a\u043e\u0432\u043a\u0438 \u0441 \u0442\u043e\u0447\u043d\u043e\u0441\u0442\u044c\u044e +\/- 5 \u043c\u043c.<\/p>\n<p>\u0412 \u043e\u0431\u0432\u044f\u0437\u043e\u0447\u043d\u044b\u0445 \u0443\u0441\u0442\u0440\u043e\u0439\u0441\u0442\u0432\u0430\u0445 \u0438\u0441\u043f\u043e\u043b\u044c\u0437\u0443\u044e\u0442\u0441\u044f \u043e\u0431\u0432\u044f\u0437\u043e\u0447\u043d\u044b\u0435 \u0433\u043e\u043b\u043e\u0432\u043a\u0438 \u043d\u0435\u043c\u0435\u0446\u043a\u043e\u0433\u043e \u043f\u0440\u043e\u0438\u0437\u0432\u043e\u0434\u0438\u0442\u0435\u043b\u044f SANDER. \u041e\u043d\u0438 \u043c\u043e\u0433\u0443\u0442 \u0431\u044b\u0442\u044c \u0438\u043d\u0442\u0435\u0433\u0440\u0438\u0440\u043e\u0432\u0430\u043d\u044b \u0432\u043e \u043c\u043d\u043e\u0433\u0438\u0435 \u043f\u0440\u043e\u0438\u0437\u0432\u043e\u0434\u0441\u0442\u0432\u0435\u043d\u043d\u044b\u0435 \u043b\u0438\u043d\u0438\u0438, \u044f\u0432\u043b\u044f\u044e\u0442\u0441\u044f \u043d\u0430\u0434\u0435\u0436\u043d\u044b\u043c\u0438, \u0432\u044b\u0441\u043e\u043a\u043e\u043a\u0430\u0447\u0435\u0441\u0442\u0432\u0435\u043d\u043d\u044b\u043c\u0438 \u0438 \u043f\u043e\u043b\u043d\u043e\u0441\u0442\u044c\u044e \u043f\u0440\u043e\u0433\u0440\u0430\u043c\u043c\u0438\u0440\u0443\u0435\u043c\u044b\u043c\u0438.<\/p>\n<p><strong>\u0422\u0435\u0445\u043d\u0438\u0447\u0435\u0441\u043a\u0438\u0435 \u0445\u0430\u0440\u0430\u043a\u0442\u0435\u0440\u0438\u0441\u0442\u0438\u043a\u0438:<\/strong><\/p>\n<table>\n<thead>\n<tr>\n<th><strong>\u0421\u043f\u0435\u0446\u0438\u0444\u0438\u043a\u0430\u0446\u0438\u044f<\/strong><\/th>\n<th><strong>\u0417\u043d\u0430\u0447\u0435\u043d\u0438\u0435<\/strong><\/th>\n<\/tr>\n<\/thead>\n<tbody>\n<tr>\n<td><strong>\u0422\u0438\u043f \u0443\u043f\u0430\u043a\u043e\u0432\u043a\u0438<\/strong><\/td>\n<td>\u041f\u0430\u043b\u0438\u0442\u0440\u044b<\/td>\n<\/tr>\n<tr>\n<td><strong>\u041b\u0435\u043d\u0442\u0430<\/strong><\/td>\n<td>\u041f\u041f\/\u041f\u042d\u0422\/\u043c\u0435\u0442\u0430\u043b\u043b<\/td>\n<\/tr>\n<tr>\n<td><strong>\u041f\u0440\u043e\u043f\u0443\u0441\u043a\u043d\u0430\u044f \u0441\u043f\u043e\u0441\u043e\u0431\u043d\u043e\u0441\u0442\u044c<\/strong><\/td>\n<td>12\/16\/19 \u043c\u043c<\/td>\n<\/tr>\n<tr>\n<td><strong>\u0421\u0438\u043b\u0430 \u043d\u0430\u0442\u044f\u0436\u0435\u043d\u0438\u044f<\/strong><\/td>\n<td>100-4500 \u041d<\/td>\n<\/tr>\n<tr>\n<td><strong>\u0421\u043a\u043e\u0440\u043e\u0441\u0442\u044c \u0443\u043f\u0430\u043a\u043e\u0432\u043a\u0438<\/strong><\/td>\n<td>~7 \u0441\u0435\u043a\/\u0446\u0438\u043a\u043b<\/td>\n<\/tr>\n<tr>\n<td><strong>\u0421\u0438\u0441\u0442\u0435\u043c\u0430 \u0443\u043f\u0440\u0430\u0432\u043b\u0435\u043d\u0438\u044f<\/strong><\/td>\n<td>\u0421\u0418\u041c\u0415\u041d\u0421 S7\/1200<\/td>\n<\/tr>\n<tr>\n<td><strong>\u0418\u0441\u0442\u043e\u0447\u043d\u0438\u043a \u043f\u0438\u0442\u0430\u043d\u0438\u044f<\/strong><\/td>\n<td>3x 400 \u0412, 50 \u0413\u0446, 2,5 \u043a\u0412\u0442<\/td>\n<\/tr>\n<\/tbody>\n<\/table>","protected":false},"excerpt":{"rendered":"<div class=\"flex-shrink-0 flex flex-col relative items-end\">\n<div>\n<div class=\"pt-0\">\n<div class=\"gizmo-bot-avatar flex h-8 w-8 items-center justify-center overflow-hidden rounded-full\"><\/div>\n<\/div>\n<\/div>\n<\/div>\n<div class=\"group\/conversation-turn relative flex w-full min-w-0 flex-col agent-turn\">\n<div class=\"flex-col gap-1 md:gap-3\">\n<div class=\"flex max-w-full flex-col flex-grow\">\n<div class=\"min-h-[20px] text-message flex w-full flex-col items-end gap-2 break-words [.text-message+&amp;]:mt-5 overflow-x-auto whitespace-normal\" dir=\"auto\" data-message-author-role=\"assistant\" data-message-id=\"e0dc5c09-2d77-4fdd-a6e3-8921da0febdc\">\n<div class=\"flex w-full flex-col gap-1 empty:hidden first:pt-[3px]\">\n<div class=\"markdown prose w-full break-words dark:prose-invert dark\">\n<p>Kombinuoto suri\u0161imo \u012frenginiai skirti paletizuot\u0173 betono preki\u0173 tvirtinimui PP, PET juosta arba metaline juosta. Tinka pramonin\u0117ms linijoms, u\u017etikrina lankstum\u0105 ir na\u0161um\u0105. Vokietijos gamintojo SANDER ri\u0161imo galvos. Jos gali b\u016bti integruotos \u012f daugel\u012f gamybos linij\u0173, yra tvirtos ir kokybi\u0161kos, pilnai programuojamos.<\/p>\n<\/div>\n<\/div>\n<\/div>\n<\/div>\n<\/div>\n<\/div>\n","protected":false},"featured_media":16806,"template":"","meta":[],"product_cat":[582,579],"product_tag":[],"class_list":{"0":"post-16802","1":"product","2":"type-product","3":"status-publish","4":"has-post-thumbnail","6":"product_cat-pilnai-automatiniai-aprisimo-irenginiai","7":"product_cat-aprisimo-pp-pet-pla-juostomis-irenginiai","9":"first","10":"instock","11":"shipping-taxable","12":"product-type-simple"},"_links":{"self":[{"href":"https:\/\/packstera.lt\/ru\/wp-json\/wp\/v2\/product\/16802","targetHints":{"allow":["GET"]}}],"collection":[{"href":"https:\/\/packstera.lt\/ru\/wp-json\/wp\/v2\/product"}],"about":[{"href":"https:\/\/packstera.lt\/ru\/wp-json\/wp\/v2\/types\/product"}],"version-history":[{"count":5,"href":"https:\/\/packstera.lt\/ru\/wp-json\/wp\/v2\/product\/16802\/revisions"}],"predecessor-version":[{"id":17025,"href":"https:\/\/packstera.lt\/ru\/wp-json\/wp\/v2\/product\/16802\/revisions\/17025"}],"wp:featuredmedia":[{"embeddable":true,"href":"https:\/\/packstera.lt\/ru\/wp-json\/wp\/v2\/media\/16806"}],"wp:attachment":[{"href":"https:\/\/packstera.lt\/ru\/wp-json\/wp\/v2\/media?parent=16802"}],"wp:term":[{"taxonomy":"product_cat","embeddable":true,"href":"https:\/\/packstera.lt\/ru\/wp-json\/wp\/v2\/product_cat?post=16802"},{"taxonomy":"product_tag","embeddable":true,"href":"https:\/\/packstera.lt\/ru\/wp-json\/wp\/v2\/product_tag?post=16802"}],"curies":[{"name":"WP","href":"https:\/\/api.w.org\/{rel}","templated":true}]}}