{"id":17109,"date":"2025-01-22T13:08:16","date_gmt":"2025-01-22T11:08:16","guid":{"rendered":"http:\/\/packstera.lt\/?post_type=product&#038;p=17109"},"modified":"2026-02-09T15:11:25","modified_gmt":"2026-02-09T13:11:25","slug":"%d0%b2%d0%b0%d0%ba%d1%83%d1%83%d0%bc%d0%bd%d1%8b%d0%b9-%d0%bf%d0%be%d0%b4%d1%8a%d0%b5%d0%bc%d0%bd%d0%b8%d0%ba-%d0%b4%d0%bb%d1%8f-%d0%b4%d0%b5%d1%81%d0%b5%d0%bc","status":"publish","type":"product","link":"https:\/\/packstera.lt\/ru\/p\/vakuuminis-keltuvas-dezems\/","title":{"rendered":"\u0412\u0430\u043a\u0443\u0443\u043c\u043d\u044b\u0439 \u043f\u043e\u0434\u044a\u0435\u043c\u043d\u0438\u043a \u0434\u043b\u044f \u043a\u043e\u0440\u043e\u0431\u043e\u043a"},"content":{"rendered":"<p>Vakuuminis keltuvas d\u0117\u017e\u0117ms \u2013 saugus, efektyvus ir patogus sprendimas kartonini\u0173 d\u0117\u017ei\u0173 transportavimui ir krovimui. \u0160is \u012frenginys pritaikomas \u012fvairi\u0173 tip\u0173 d\u0117\u017e\u0117ms, atsi\u017evelgiant \u012f aplinkos s\u0105lygas bei d\u0117\u017e\u0117s ypatybes. S<span class=\"relative -mx-px my-[-0.2rem] rounded px-px py-[0.2rem] transition-colors duration-100 ease-in-out\">ukurtas siekiant optimizuoti d\u0117\u017ei\u0173 k\u0117limo procesus \u012fvairiose pramon\u0117s \u0161akose.<\/span> <span class=\"relative -mx-px my-[-0.2rem] rounded px-px py-[0.2rem] transition-colors duration-100 ease-in-out\">Jis leid\u017eia operatoriams saugiai ir be didelio fizinio kr\u016bvio kelti kartonines ar plastikines d\u0117\u017ees, kuri\u0173 svoris siekia iki 65 kg.<\/span> <span class=\"relative -mx-px my-[-0.2rem] rounded px-px py-[0.2rem] transition-colors duration-100 ease-in-out\">Tai ypa\u010d naudinga sand\u0117liuose, logistikos centruose ir gamybos linijose, kur da\u017enai tenka perkelti didelius kiekius pakuo\u010di\u0173.<\/span><\/p>\n<p>Nesvarbu, ar d\u0117\u017e\u0117 pagaminta i\u0161 tvirto kartono, ar yra por\u0117ta, ar ji u\u017eklijuota lipnia juosta, ar apsaugota dir\u017eeliais \u2013 vakuuminis keltuvas u\u017etikrina patikim\u0105 k\u0117lim\u0105 ir transportavim\u0105. \u0160is \u012frenginys gali lengvai perkelti d\u0117\u017ees i\u0161 vienos vietos \u012f kit\u0105, taip pat i\u0161 \u017eem\u0117s pakelti \u012f auk\u0161tesn\u0119 pozicij\u0105.<br \/>\n\u012erenginys veikia pasitelkiant vakuumo technologij\u0105, kuri leid\u017eia sugriebti d\u0117\u017e\u0119 nuo vir\u0161aus ir j\u0105 perkelti be fizin\u0117s j\u0117gos. Naudojamas pistoletinio tipo valdiklis, leid\u017eiantis operatoriui lengvai reguliuoti k\u0117limo ir nuleidimo eig\u0105 viena ranka. Kadangi k\u0117limo greitis automati\u0161kai prisitaiko prie objekto svorio, darbo procesas tampa intuityvus ir sklandus. K\u0117limo vamzd\u017eio viduje vakuumas sukuria sl\u0117gio skirtum\u0105, leid\u017eiant\u012f saugiai pakelti net ir por\u0117tus ar nevisi\u0161kai sandarius pavir\u0161ius, tod\u0117l sistema efektyviai veikia tiek su naujomis, tiek su naudotomis d\u0117\u017e\u0117mis.<\/p>\n<p class=\"\" data-start=\"1899\" data-end=\"2481\">Svarbus \u0161io sprendimo prana\u0161umas \u2013 lankstumas. Priklausomai nuo d\u0117\u017ei\u0173 tipo, galima parinkti skirting\u0173 form\u0173 ir dyd\u017ei\u0173 siurbtukus, kurie u\u017etikrina patikim\u0105 sukibim\u0105. Galima naudoti tiek viengubus, tiek dvigubus siurbimo pad\u0117klus. Jei d\u0117\u017e\u0117s turi rankenas ar yra lengvai deformuojamos, galima naudoti specialias konfig\u016bracijas, pritaikytas tokio tipo objektams. Sistema gali b\u016bti montuojama tiek prie lub\u0173 su b\u0117giniu kranu, tiek ant grindinio bok\u0161tinio krano konstrukcijos. Tai leid\u017eia sprendim\u0105 integruoti \u012f bet kokio dyd\u017eio darbo zonas \u2013 nuo ma\u017e\u0173 pakavimo viet\u0173 iki dideli\u0173 sand\u0117li\u0173<\/p>\n<p class=\"\" data-start=\"2109\" data-end=\"2408\">Siurbtuk\u0173 forma ir dydis gali b\u016bti pritaikyti konkre\u010diai d\u0117\u017ei\u0173 r\u016b\u0161iai \u2013 tai u\u017etikrina stabil\u0173 vakuumo sukibim\u0105 net ir su nevisi\u0161kai sandariais ar por\u0117tais pavir\u0161iais. Galimi viengubi arba dvigubi siurbimo pad\u0117klai, atsi\u017evelgiant \u012f objekto matmenis ir svorio pasiskirstym\u0105.<\/p>\n<p class=\"\" data-start=\"2652\" data-end=\"2681\"><strong data-start=\"2652\" data-end=\"2681\">Technin\u0117s specifikacijos:<\/strong><\/p>\n<div class=\"_tableContainer_16hzy_1\">\n<div class=\"_tableWrapper_16hzy_14 group flex w-fit flex-col-reverse\" tabindex=\"-1\">\n<table class=\"w-fit min-w-(--thread-content-width)\" data-start=\"2683\" data-end=\"3367\">\n<thead data-start=\"2683\" data-end=\"2759\">\n<tr data-start=\"2683\" data-end=\"2759\">\n<th data-start=\"2683\" data-end=\"2715\" data-col-size=\"sm\">Parametras<\/th>\n<th data-start=\"2715\" data-end=\"2759\" data-col-size=\"md\">Reik\u0161m\u0117<\/th>\n<\/tr>\n<\/thead>\n<tbody data-start=\"2836\" data-end=\"3367\">\n<tr data-start=\"2836\" data-end=\"2911\">\n<td data-start=\"2836\" data-end=\"2867\" data-col-size=\"sm\">Maks. keliamoji galia<\/td>\n<td data-col-size=\"md\" data-start=\"2867\" data-end=\"2911\">iki 65 kg<\/td>\n<\/tr>\n<tr data-start=\"2912\" data-end=\"2987\">\n<td data-start=\"2912\" data-end=\"2943\" data-col-size=\"sm\">Tinkamos d\u0117\u017ei\u0173 r\u016b\u0161ys<\/td>\n<td data-col-size=\"md\" data-start=\"2943\" data-end=\"2987\">kartonin\u0117s, plastikin\u0117s, su rankenomis<\/td>\n<\/tr>\n<tr data-start=\"2988\" data-end=\"3063\">\n<td data-start=\"2988\" data-end=\"3019\" data-col-size=\"sm\">Keliamo vamzd\u017eio skersmuo<\/td>\n<td data-col-size=\"md\" data-start=\"3019\" data-end=\"3063\">100 mm, 120 mm arba 140 mm<\/td>\n<\/tr>\n<tr data-start=\"3064\" data-end=\"3139\">\n<td data-start=\"3064\" data-end=\"3095\" data-col-size=\"sm\">Standartin\u0117 valdymo rankena<\/td>\n<td data-col-size=\"md\" data-start=\"3095\" data-end=\"3139\">Pistoletinio tipo<\/td>\n<\/tr>\n<tr data-start=\"3140\" data-end=\"3215\">\n<td data-start=\"3140\" data-end=\"3171\" data-col-size=\"sm\">Montavimas<\/td>\n<td data-col-size=\"md\" data-start=\"3171\" data-end=\"3215\">B\u0117ginis kranas, bok\u0161tinis kranas<\/td>\n<\/tr>\n<tr data-start=\"3216\" data-end=\"3291\">\n<td data-start=\"3216\" data-end=\"3247\" data-col-size=\"sm\">Vakuumo \u0161altinis<\/td>\n<td data-col-size=\"md\" data-start=\"3247\" data-end=\"3291\">3\u20135.5 kW vakuuminis siurblys<\/td>\n<\/tr>\n<tr data-start=\"3292\" data-end=\"3367\">\n<td data-start=\"3292\" data-end=\"3323\" data-col-size=\"sm\">Priedai<\/td>\n<td data-col-size=\"md\" data-start=\"3323\" data-end=\"3367\">\u012evairi\u0173 form\u0173 siurbtukai, sukimo galvut\u0117s<\/td>\n<\/tr>\n<\/tbody>\n<\/table>\n<div class=\"sticky end-(--thread-content-margin) h-0 self-end select-none\">\n<div class=\"absolute end-0 flex items-end\"><\/div>\n<\/div>\n<\/div>\n<\/div>\n<p class=\"\" data-start=\"3369\" data-end=\"3393\">Vakuuminis keltuvas d\u0117\u017e\u0117ms \u2013 tai ilgalaik\u0117 investicija \u012f saug\u0173, greit\u0105 ir na\u0161\u0173 darbo proces\u0105. Patikima konstrukcija, lankstus pritaikymas ir paprastas naudojimas daro \u0161\u012f \u012frengin\u012f idealiu pasirinkimu \u012fmon\u0117ms, kurios vertina darbuotoj\u0173 sveikat\u0105, efektyvum\u0105 ir darbo vietos ergonomik\u0105. Tai sprendimas, padedantis optimizuoti logistikos grandines, padidinti produktyvum\u0105 ir suma\u017einti ilgalaikes personalo sveikatos i\u0161laidas.<\/p>\n<p class=\"\" data-start=\"3651\" data-end=\"4033\">Vakuuminis keltuvas d\u0117\u017e\u0117ms yra puikus pasirinkimas \u012fmon\u0117ms, kurios siekia suma\u017einti darbuotoj\u0173 fizin\u0119 apkrov\u0105 ir padidinti krovos proces\u0173 efektyvum\u0105. TAU vakuumin\u0117 technologija kartu su kompakti\u0161ku dizainu ir valdymo paprastumu leid\u017eia greitai integruoti \u0161\u012f sprendim\u0105 \u012f bet kuri\u0105 darbo aplink\u0105. Tai patikimas, ilgaam\u017eis ir saugus \u012frankis \u0161iuolaikin\u0117je pramon\u0117je.<\/p>\n<p>JLM Teknik \u2013 tai daugiau nei 25 met\u0173 patirt\u012f turinti Danijos \u012fmon\u0117, kuri specializuojasi vakuumini\u0173 k\u0117limo sprendim\u0173 k\u016brime ir gamyboje. Kaip patikimas partneris, JLM Teknik gars\u0117ja auk\u0161tos kokyb\u0117s produktais, ergonomi\u0161kais sprendimais ir galimybe pritaikyti \u012frang\u0105 individualiems klient\u0173 poreikiams. J\u0173 vakuuminiai keltuvai \u201eAlpha\u201c, \u201eMy\u201c ir \u201eTau\u201c u\u017etikrina saug\u0173, efektyv\u0173 ir paprast\u0105 naudojim\u0105 kasdien\u0117je gamyboje bei logistikoje, prisidedant prie geresn\u0117s darbo aplinkos k\u016brimo.<\/p>\n<p><strong><a href=\"https:\/\/jlmteknik.dk\/wp-content\/uploads\/2024\/09\/JLM-teknik_katalog_ALFA-MY-TAU_A4-2024_en-GB_WEB.pdf\" target=\"_blank\" rel=\"noopener\">I\u0161samesn\u0119 gamintojo specifikacij\u0105 ir galimus sistem\u0173 priedus rasite \u010dia<\/a><\/strong><\/p>\n<div id=\"gtx-trans\" style=\"position: absolute; left: 832px; top: 952px;\">\n<div class=\"gtx-trans-icon\"><\/div>\n<\/div>\n","protected":false},"excerpt":{"rendered":"<p>Vakuuminis keltuvas d\u0117\u017e\u0117ms \u2013 <span class=\"relative -mx-px my-[-0.2rem] rounded px-px py-[0.2rem] transition-colors duration-100 ease-in-out\">tai ergonomi\u0161kas ir efektyvus sprendimas, skirtas saugiam ir greitam kartonini\u0173 ar plastikini\u0173 d\u0117\u017ei\u0173 k\u0117limui, kuri\u0173 svoris siekia iki 65 kg.<\/span> <span class=\"relative -mx-px my-[-0.2rem] rounded px-px py-[0.2rem] transition-colors duration-100 ease-in-out\">\u0160i sistema ypa\u010d tinka sand\u0117liavimo, logistikos ir gamybos sektoriams, kur reikalingas da\u017enas ir greitas krovini\u0173 perk\u0117limas.<\/span> <span class=\"relative -mx-px my-[-0.2rem] rounded px-px py-[0.2rem] transition-colors duration-100 ease-in-out\">D\u0117l kompakti\u0161ko dizaino ir intuityvaus valdymo, operatoriai gali lengvai ir tiksliai valdyti k\u0117limo proces\u0105, suma\u017eindami fizin\u012f kr\u016bv\u012f ir traum\u0173 rizik\u0105.<\/span> <span class=\"relative -mx-px my-[-0.2rem] rounded px-px py-[0.2rem] transition-colors duration-100 ease-in-out\">Vakuuminis keltuvas d\u0117\u017e\u0117ms u\u017etikrina auk\u0161t\u0105 darbo na\u0161um\u0105 ir saugum\u0105 net ir intensyviai naudojant.<\/span><\/p>\n","protected":false},"featured_media":17156,"template":"","meta":[],"product_cat":[549,646],"product_tag":[],"class_list":{"0":"post-17109","1":"product","2":"type-product","3":"status-publish","4":"has-post-thumbnail","6":"product_brand-jlmteknik","7":"product_cat-vakuuminiai-keltuvai","8":"product_cat-vakuumines-kelimo-sistemos","10":"first","11":"instock","12":"shipping-taxable","13":"product-type-simple"},"_links":{"self":[{"href":"https:\/\/packstera.lt\/ru\/wp-json\/wp\/v2\/product\/17109","targetHints":{"allow":["GET"]}}],"collection":[{"href":"https:\/\/packstera.lt\/ru\/wp-json\/wp\/v2\/product"}],"about":[{"href":"https:\/\/packstera.lt\/ru\/wp-json\/wp\/v2\/types\/product"}],"version-history":[{"count":6,"href":"https:\/\/packstera.lt\/ru\/wp-json\/wp\/v2\/product\/17109\/revisions"}],"predecessor-version":[{"id":17738,"href":"https:\/\/packstera.lt\/ru\/wp-json\/wp\/v2\/product\/17109\/revisions\/17738"}],"wp:featuredmedia":[{"embeddable":true,"href":"https:\/\/packstera.lt\/ru\/wp-json\/wp\/v2\/media\/17156"}],"wp:attachment":[{"href":"https:\/\/packstera.lt\/ru\/wp-json\/wp\/v2\/media?parent=17109"}],"wp:term":[{"taxonomy":"product_cat","embeddable":true,"href":"https:\/\/packstera.lt\/ru\/wp-json\/wp\/v2\/product_cat?post=17109"},{"taxonomy":"product_tag","embeddable":true,"href":"https:\/\/packstera.lt\/ru\/wp-json\/wp\/v2\/product_tag?post=17109"}],"curies":[{"name":"WP","href":"https:\/\/api.w.org\/{rel}","templated":true}]}}