{"id":17380,"date":"2025-05-08T14:18:35","date_gmt":"2025-05-08T11:18:35","guid":{"rendered":"https:\/\/packstera.lt\/?post_type=product&#038;p=17380"},"modified":"2025-05-08T14:26:39","modified_gmt":"2025-05-08T11:26:39","slug":"%d1%83%d1%81%d1%82%d1%80%d0%be%d0%b9%d1%81%d1%82%d0%b2%d0%be-%d0%bd%d0%b5%d0%bf%d1%80%d0%b5%d1%80%d1%8b%d0%b2%d0%bd%d0%be%d0%b9-%d0%bf%d0%b5%d1%87%d0%b0%d1%82%d0%b8-%d1%81-%d0%bc%d0%b0%d1%81%d0%bb","status":"publish","type":"product","link":"https:\/\/packstera.lt\/ru\/p\/nepertraukiamo-spausdinimo-irenginys-aliejiniu-rasalu-ebs-2600\/","title":{"rendered":"\u0423\u0441\u0442\u0440\u043e\u0439\u0441\u0442\u0432\u043e \u043d\u0435\u043f\u0440\u0435\u0440\u044b\u0432\u043d\u043e\u0439 \u043f\u0435\u0447\u0430\u0442\u0438 \u0441 \u043c\u0430\u0441\u043b\u044f\u043d\u044b\u043c\u0438 \u0447\u0435\u0440\u043d\u0438\u043b\u0430\u043c\u0438 EBS-2600"},"content":{"rendered":"<div data-elementor-type=\"wp-post\" data-elementor-id=\"17380\" class=\"elementor elementor-17380\">\n\t\t\t\t\t\t<section class=\"elementor-section elementor-top-section elementor-element elementor-element-455b34f7 elementor-section-boxed elementor-section-height-default elementor-section-height-default\" data-id=\"455b34f7\" data-element_type=\"section\" data-e-type=\"section\">\n\t\t\t\t\t\t<div class=\"elementor-container elementor-column-gap-default\">\n\t\t\t\t\t<div class=\"elementor-column elementor-col-100 elementor-top-column elementor-element elementor-element-3f5cf849\" data-id=\"3f5cf849\" data-element_type=\"column\" data-e-type=\"column\">\n\t\t\t<div class=\"elementor-widget-wrap elementor-element-populated\">\n\t\t\t\t\t\t<div class=\"elementor-element elementor-element-16a7f372 elementor-widget__width-initial elementor-widget elementor-widget-text-editor\" data-id=\"16a7f372\" data-element_type=\"widget\" data-e-type=\"widget\" data-widget_type=\"text-editor.default\">\n\t\t\t\t<div class=\"elementor-widget-container\">\n\t\t\t\t\t\t\t\t\t<table class=\"aligncenter\">\n<thead>\n<tr>\n<th style=\"text-align: left;\">Kategorija<\/th>\n<th style=\"text-align: left;\">\u0421\u043f\u0435\u0446\u0438\u0444\u0438\u043a\u0430\u0446\u0438\u044f<\/th>\n<\/tr>\n<\/thead>\n<tbody>\n<tr>\n<td><strong>\u0412\u044b\u0441\u043e\u0442\u0430 \u043f\u0435\u0447\u0430\u0442\u0438<\/strong><\/td>\n<td>iki 71,8 mm<\/td>\n<\/tr>\n<tr>\n<td><strong>Maksimali rai\u0161ka<\/strong><\/td>\n<td>510 dpi<\/td>\n<\/tr>\n<tr>\n<td><strong>Maks. spausdinimo greitis<\/strong><\/td>\n<td>iki 60 m\/min (esant 180 dpi)<\/td>\n<\/tr>\n<tr>\n<td><strong>Ra\u0161alo tipas<\/strong><\/td>\n<td>Aliejinis (be tirpikli\u0173)<\/td>\n<\/tr>\n<tr>\n<td><strong>Palaikomi kodai<\/strong><\/td>\n<td>1D: EAN-8, EAN-13, Code 39, Code 128 ir kt.; 2D: DataMatrix, QR, GS1 ir kt.<\/td>\n<\/tr>\n<tr>\n<td><strong>Grafika<\/strong><\/td>\n<td>Monochrominiai PNG formatu (sukurti su Paint ar kita programine \u012franga)<\/td>\n<\/tr>\n<tr>\n<td><strong>Automatin\u0117s funkcijos<\/strong><\/td>\n<td>Data, laikas, skaitikliai, kliento specifiniai duomenys<\/td>\n<\/tr>\n<tr>\n<td><strong>\u041f\u0430\u043c\u044f\u0442\u044c<\/strong><\/td>\n<td>4 GB<\/td>\n<\/tr>\n<tr>\n<td><strong>\u0423\u043f\u0440\u0430\u0432\u043b\u0435\u043d\u0438\u0435<\/strong><\/td>\n<td>Integruotas 5,7&#8243; spalvotas jutiklinis ekranas arba nuotolinis per \u017einiatinkl\u012f<\/td>\n<\/tr>\n<tr>\n<td><strong>\u0418\u043d\u0442\u0435\u0440\u0444\u0435\u0439\u0441\u044b<\/strong><\/td>\n<td>USB, Ethernet, integruotas fotodetektorius, opcionalus \u0161achtos kodavimo \u012frenginys<\/td>\n<\/tr>\n<tr>\n<td><strong>\u0422\u0435\u043b\u043e<\/strong><\/td>\n<td>\u041d\u0435\u0440\u0436\u0430\u0432\u0435\u044e\u0449\u0430\u044f \u0441\u0442\u0430\u043b\u044c<\/td>\n<\/tr>\n<tr>\n<td><strong>Matmenys (P x A x G)<\/strong><\/td>\n<td>210 x 160 x 420 mm<\/td>\n<\/tr>\n<tr>\n<td><strong>\u041c\u0430\u0441\u0441\u0430<\/strong><\/td>\n<td>4,8 kg (be ra\u0161alo)<\/td>\n<\/tr>\n<tr>\n<td><strong>Darbin\u0117 temperat\u016bra<\/strong><\/td>\n<td>nuo 5\u00b0C iki 40\u00b0C<\/td>\n<\/tr>\n<tr>\n<td><strong>Santykin\u0117 dr\u0117gm\u0117<\/strong><\/td>\n<td>10\u201385% (be kondensacijos)<\/td>\n<\/tr>\n<tr>\n<td><strong>Energijos tiekimas<\/strong><\/td>\n<td>100\u2013240 V AC, 50\u201360 Hz, maks. 0,65\u20130,3 A<\/td>\n<\/tr>\n<tr>\n<td><strong>\u041f\u043e\u0442\u0440\u0435\u0431\u043b\u0435\u043d\u0438\u0435 \u044d\u043d\u0435\u0440\u0433\u0438\u0438<\/strong><\/td>\n<td>maks. 15 W<\/td>\n<\/tr>\n<tr>\n<td><strong>Maks. atstumas iki objekto<\/strong><\/td>\n<td>ne daugiau kaip 4 mm<\/td>\n<\/tr>\n<\/tbody>\n<\/table>\t\t\t\t\t\t\t\t<\/div>\n\t\t\t\t<\/div>\n\t\t\t\t\t<\/div>\n\t\t<\/div>\n\t\t\t\t\t<\/div>\n\t\t<\/section>\n\t\t\t\t<section class=\"elementor-section elementor-top-section elementor-element elementor-element-e6b5fd5 elementor-hidden-desktop elementor-hidden-tablet elementor-hidden-mobile elementor-section-boxed elementor-section-height-default elementor-section-height-default\" data-id=\"e6b5fd5\" data-element_type=\"section\" data-e-type=\"section\">\n\t\t\t\t\t\t<div class=\"elementor-container elementor-column-gap-default\">\n\t\t\t\t\t<div class=\"elementor-column elementor-col-33 elementor-top-column elementor-element elementor-element-c0c901c\" data-id=\"c0c901c\" data-element_type=\"column\" data-e-type=\"column\">\n\t\t\t<div class=\"elementor-widget-wrap elementor-element-populated\">\n\t\t\t\t\t\t<div class=\"elementor-element elementor-element-2a39dac btn-position-bottom elementor-widget elementor-widget-razzi-image-button\" data-id=\"2a39dac\" data-element_type=\"widget\" data-e-type=\"widget\" data-widget_type=\"razzi-image-button.default\">\n\t\t\t\t<div class=\"elementor-widget-container\">\n\t\t\t\t\t<div class=\"razzi-image-button\"><img fetchpriority=\"high\" decoding=\"async\" width=\"1200\" height=\"675\" src=\"https:\/\/packstera.lt\/wp-content\/uploads\/2020\/08\/CIJ_Med__4_-1.jpg\" class=\"attachment-full size-full wp-image-15091\" alt=\"\" \/><a href=\"http:\/\/packstera.lt\/wp-content\/uploads\/2023\/01\/Boltmark_Series_II-LT-1.pdf\" target=\"_blank\" rel=\"nofollow\" class=\"razzi-image-button__link\"><\/a><a href=\"http:\/\/packstera.lt\/wp-content\/uploads\/2023\/01\/Boltmark_Series_II-LT-1.pdf\" target=\"_blank\" rel=\"nofollow\" class=\"razzi-image-button__position razzi-image-button__button\">\u041e\u043f\u0438\u0441\u0430\u043d\u0438\u0435 \u043f\u0440\u043e\u0438\u0437\u0432\u043e\u0434\u0438\u0442\u0435\u043b\u044f <span class=\"razzi-svg-icon\"><svg aria-hidden=\"true\" role=\"img\" focusable=\"false\" xmlns=\"http:\/\/www.w3.org\/2000\/svg\" width=\"24\" height=\"24\" viewbox=\"0 0 24 24\" fill=\"none\" stroke=\"currentColor\" stroke-width=\"2\" stroke-linecap=\"round\" stroke-linejoin=\"round\"><line x1=\"0\" y1=\"12\" x2=\"19\" y2=\"12\"><\/line><polyline points=\"12 5 19 12 12 19\"><\/polyline><\/svg><\/span><\/a><\/div>\t\t\t\t<\/div>\n\t\t\t\t<\/div>\n\t\t\t\t\t<\/div>\n\t\t<\/div>\n\t\t\t\t<div class=\"elementor-column elementor-col-66 elementor-top-column elementor-element elementor-element-6ad607b\" data-id=\"6ad607b\" data-element_type=\"column\" data-e-type=\"column\">\n\t\t\t<div class=\"elementor-widget-wrap\">\n\t\t\t\t\t\t\t<\/div>\n\t\t<\/div>\n\t\t\t\t\t<\/div>\n\t\t<\/section>\n\t\t\t\t<\/div>","protected":false},"excerpt":{"rendered":"<p style=\"text-align: justify;\"><span class=\"relative -mx-px my-[-0.2rem] rounded px-px py-[0.2rem] transition-colors duration-100 ease-in-out\">EBS-2600 \u2013 tai modernus, kompakti\u0161kas auk\u0161tos rai\u0161kos spausdintuvas, skirtas spausdinti ant por\u0117t\u0173 pavir\u0161i\u0173, toki\u0173 kaip medin\u0117s palet\u0117s, kartonin\u0117s d\u0117\u017e\u0117s ar kitos absorbuojan\u010dios med\u017eiagos.<\/span> <span class=\"relative -mx-px my-[-0.2rem] rounded px-px py-[0.2rem] transition-colors duration-100 ease-in-out\">Naudojant aliejinius ra\u0161alus, u\u017etikrinamas ilgaam\u017eis ir kontrastingas spaudas.<\/span> <span class=\"relative -mx-px my-[-0.2rem] rounded px-px py-[0.2rem] transition-colors duration-100 ease-in-out\">\u012erenginys pasi\u017eymi itin ma\u017eu energijos suvartojimu (maks. 15 W) ir ekologi\u0161ku veikimu, nes nenaudoja tirpikli\u0173.<\/span> <span class=\"relative -mx-px my-[-0.2rem] rounded px-px py-[0.2rem] transition-colors duration-100 ease-in-out\">Valdymas galimas per integruot\u0105 5,7 colio spalvot\u0105 jutiklin\u012f ekran\u0105 arba nuotoliniu b\u016bdu per \u017einiatinklio nar\u0161ykl\u0119.<\/span> <span class=\"relative -mx-px my-[-0.2rem] rounded px-px py-[0.2rem] transition-colors duration-100 ease-in-out\">EBS-2600 idealiai tinka logistikos, medienos apdirbimo ir pakavimo pramon\u0117s sektoriams.<\/span><\/p>\n","protected":false},"featured_media":17390,"template":"","meta":[],"product_cat":[621],"product_tag":[],"class_list":{"0":"post-17380","1":"product","2":"type-product","3":"status-publish","4":"has-post-thumbnail","6":"product_cat-rasalinis-ciurkslinis","8":"first","9":"instock","10":"shipping-taxable","11":"product-type-simple"},"_links":{"self":[{"href":"https:\/\/packstera.lt\/ru\/wp-json\/wp\/v2\/product\/17380","targetHints":{"allow":["GET"]}}],"collection":[{"href":"https:\/\/packstera.lt\/ru\/wp-json\/wp\/v2\/product"}],"about":[{"href":"https:\/\/packstera.lt\/ru\/wp-json\/wp\/v2\/types\/product"}],"version-history":[{"count":5,"href":"https:\/\/packstera.lt\/ru\/wp-json\/wp\/v2\/product\/17380\/revisions"}],"predecessor-version":[{"id":17391,"href":"https:\/\/packstera.lt\/ru\/wp-json\/wp\/v2\/product\/17380\/revisions\/17391"}],"wp:featuredmedia":[{"embeddable":true,"href":"https:\/\/packstera.lt\/ru\/wp-json\/wp\/v2\/media\/17390"}],"wp:attachment":[{"href":"https:\/\/packstera.lt\/ru\/wp-json\/wp\/v2\/media?parent=17380"}],"wp:term":[{"taxonomy":"product_cat","embeddable":true,"href":"https:\/\/packstera.lt\/ru\/wp-json\/wp\/v2\/product_cat?post=17380"},{"taxonomy":"product_tag","embeddable":true,"href":"https:\/\/packstera.lt\/ru\/wp-json\/wp\/v2\/product_tag?post=17380"}],"curies":[{"name":"WP","href":"https:\/\/api.w.org\/{rel}","templated":true}]}}