{"id":17430,"date":"2025-05-21T16:27:02","date_gmt":"2025-05-21T13:27:02","guid":{"rendered":"https:\/\/packstera.lt\/?post_type=product&#038;p=17430"},"modified":"2025-05-21T16:27:19","modified_gmt":"2025-05-21T13:27:19","slug":"paleciu-aptraukimo-tampria-plevele-irenginys","status":"publish","type":"product","link":"https:\/\/packstera.lt\/ru\/p\/paleciu-aptraukimo-tampria-plevele-irenginys\/","title":{"rendered":"Pale\u010di\u0173 aptraukimo tampria pl\u0117vele \u012frenginys"},"content":{"rendered":"<p>Pale\u010di\u0173 aptraukimo tampria pl\u0117vele \u012frenginys <strong data-start=\"99\" data-end=\"115\">Stretch Hood<\/strong> \u2013 tai moderni, efektyvi pale\u010di\u0173 pakavimo sistema, u\u017etikrinanti did\u017eiausi\u0105 krovinio stabilum\u0105, apsaug\u0105 ir i\u0161skirtin\u0119 i\u0161vaizd\u0105. \u0160i technologija naudoja <strong data-start=\"266\" data-end=\"314\">tampri\u0105 daugiasluoksn\u0119 rankov\u0117s tipo pl\u0117vel\u0119<\/strong>, kuri prisitaiko prie krovinio formos ir hermeti\u0161kai j\u012f apgaubia, saugodama nuo aplinkos veiksni\u0173: <strong data-start=\"414\" data-end=\"458\">dr\u0117gm\u0117s, dulki\u0173, UV spinduli\u0173 ir vandens<\/strong>.<\/p>\n<p class=\"\" data-start=\"463\" data-end=\"772\">Skirtingai nei kar\u0161to oro ar susitraukian\u010di\u0173 pl\u0117veli\u0173 sistemos, Stretch Hood nereikalauja \u0161ilumos ar duj\u0173 instaliacij\u0173, tod\u0117l u\u017etikrina <strong data-start=\"599\" data-end=\"630\">\u017eemesnes energijos s\u0105naudas<\/strong> ir <strong data-start=\"634\" data-end=\"679\">iki 50 % ma\u017eesnes eksploatacines i\u0161laidas<\/strong>. D\u0117l tikslaus pl\u0117vel\u0117s naudojimo suma\u017e\u0117ja atliek\u0173 kiekis ir suma\u017einamos med\u017eiag\u0173 s\u0105naudos.<\/p>\n<p class=\"\" data-start=\"774\" data-end=\"1073\">Sistema puikiai tinka <strong data-start=\"796\" data-end=\"829\">automatin\u0117ms gamybos linijoms<\/strong>, nes gali supakuoti iki <strong data-start=\"854\" data-end=\"881\">150 pale\u010di\u0173 per valand\u0105<\/strong>, dvigubai vir\u0161ydama \u012fprast\u0173 pakavimo sistem\u0173 na\u0161um\u0105. Skaidri ir lygiai priglundanti pl\u0117vel\u0117 padeda i\u0161laikyti ger\u0105 preki\u0173 matomum\u0105, br\u016bk\u0161nini\u0173 kod\u0173 nuskaitymo galimybes ir estetin\u0119 i\u0161vaizd\u0105.<\/p>\n<p class=\"\" data-start=\"1075\" data-end=\"1299\">Naudojant Stretch Hood pl\u0117vel\u0119, krovinys ne tik apsaugomas, bet ir <strong data-start=\"1142\" data-end=\"1214\">sutvirtinamas vertikaliomis bei horizontaliomis susitraukimo j\u0117gomis<\/strong>, kurios veikia kartu, siekiant u\u017etikrinti maksimal\u0173 stabilum\u0105 transportavimo metu.<\/p>\n<p class=\"\" data-start=\"1301\" data-end=\"1470\">Be to, pl\u0117vel\u0119 lengva nuimti, tod\u0117l <strong data-start=\"1337\" data-end=\"1373\">palengvinamas preki\u0173 i\u0161pakavimas<\/strong> paskirties vietoje ir leid\u017eia greitai aptikti galimus pa\u017eeidimus ar vagystes tiekimo grandin\u0117je.<\/p>\n<h4 class=\"\" data-start=\"1472\" data-end=\"1523\">Techniniai duomenys<\/h4>\n<div class=\"_tableContainer_16hzy_1\">\n<div class=\"_tableWrapper_16hzy_14 group flex w-fit flex-col-reverse\" tabindex=\"-1\">\n<table class=\"w-fit min-w-(--thread-content-width)\" data-start=\"1524\" data-end=\"2360\">\n<thead data-start=\"1524\" data-end=\"1617\">\n<tr data-start=\"1524\" data-end=\"1617\">\n<th data-start=\"1524\" data-end=\"1566\" data-col-size=\"sm\"><strong data-start=\"1526\" data-end=\"1540\">\u041f\u0430\u0440\u0430\u043c\u0435\u0442\u0440<\/strong><\/th>\n<th data-start=\"1566\" data-end=\"1617\" data-col-size=\"md\"><strong data-start=\"1568\" data-end=\"1577\">\u0426\u0435\u043d\u0438\u0442\u044c<\/strong><\/th>\n<\/tr>\n<\/thead>\n<tbody data-start=\"1710\" data-end=\"2360\">\n<tr data-start=\"1710\" data-end=\"1810\">\n<td data-start=\"1710\" data-end=\"1751\" data-col-size=\"sm\">Produkcijos paj\u0117gumas<\/td>\n<td data-col-size=\"md\" data-start=\"1751\" data-end=\"1810\">120 pale\u010di\u0173\/val. (galima pritaikyti didesniam grei\u010diui)<\/td>\n<\/tr>\n<tr data-start=\"1811\" data-end=\"1903\">\n<td data-start=\"1811\" data-end=\"1853\" data-col-size=\"sm\">Pl\u0117vel\u0117s storis<\/td>\n<td data-col-size=\"md\" data-start=\"1853\" data-end=\"1903\">60\u2013130 \u00b5m (2,4\u20135 mils)<\/td>\n<\/tr>\n<tr data-start=\"1904\" data-end=\"1994\">\n<td data-start=\"1904\" data-end=\"1945\" data-col-size=\"sm\">Maksimal\u016bs krovinio matmenys<\/td>\n<td data-col-size=\"md\" data-start=\"1945\" data-end=\"1994\">2 000 x 1 400 mm (galima pritaikyti)<\/td>\n<\/tr>\n<tr data-start=\"1995\" data-end=\"2085\">\n<td data-start=\"1995\" data-end=\"2036\" data-col-size=\"sm\">Maksimalus krovinio auk\u0161tis<\/td>\n<td data-col-size=\"md\" data-start=\"2036\" data-end=\"2085\">2 000 mm (galima pritaikyti)<\/td>\n<\/tr>\n<tr data-start=\"2086\" data-end=\"2176\">\n<td data-start=\"2086\" data-end=\"2127\" data-col-size=\"sm\">Maksimalus krovinio svoris<\/td>\n<td data-col-size=\"md\" data-start=\"2127\" data-end=\"2176\">2 000 kg (galima pritaikyti)<\/td>\n<\/tr>\n<tr data-start=\"2177\" data-end=\"2268\">\n<td data-start=\"2177\" data-end=\"2219\" data-col-size=\"sm\">Ritini\u0173 skai\u010dius<\/td>\n<td data-col-size=\"md\" data-start=\"2219\" data-end=\"2268\">1 arba 2 (priklausomai nuo poreikio)<\/td>\n<\/tr>\n<tr data-start=\"2269\" data-end=\"2360\">\n<td data-start=\"2269\" data-end=\"2311\" data-col-size=\"sm\">\u041f\u043e\u0442\u0440\u0435\u0431\u043b\u0435\u043d\u0438\u0435 \u044d\u043d\u0435\u0440\u0433\u0438\u0438<\/td>\n<td data-col-size=\"md\" data-start=\"2311\" data-end=\"2360\">\u017demos<\/td>\n<\/tr>\n<\/tbody>\n<\/table>\n<\/div>\n<\/div>\n<div id=\"gtx-trans\" style=\"position: absolute; left: 232px; top: 321.453px;\">\n<div class=\"gtx-trans-icon\"><\/div>\n<\/div>","protected":false},"excerpt":{"rendered":"<p>Pale\u010di\u0173 aptraukimo tampria pl\u0117vele \u012frenginys <strong data-start=\"2387\" data-end=\"2432\">Stretch Hood<\/strong>\u00a0\u2013 tai modernus sprendimas, u\u017etikrinantis visi\u0161k\u0105 krovinio apsaug\u0105 nuo i\u0161orini\u0173 veiksni\u0173, ma\u017eesnes pakavimo s\u0105naudas ir auk\u0161t\u0105 gamybos na\u0161um\u0105. Naudodama tampri\u0105, daugiasluoksn\u0119 pl\u0117vel\u0119, sistema leid\u017eia stabiliai ir esteti\u0161kai aptraukti iki 150 pale\u010di\u0173 per valand\u0105 \u2013 be \u0161ilumos \u0161altini\u0173 ar duj\u0173. Idealiai tinka \u012fmon\u0117ms, siekian\u010dioms efektyvumo, saugumo ir profesionalios krovinio i\u0161vaizdos.<\/p>\n<div id=\"gtx-trans\" style=\"position: absolute; left: -93px; top: -9.50391px;\">\n<div class=\"gtx-trans-icon\"><\/div>\n<\/div>","protected":false},"featured_media":17431,"template":"","meta":[],"product_cat":[768],"product_tag":[],"class_list":{"0":"post-17430","1":"product","2":"type-product","3":"status-publish","4":"has-post-thumbnail","6":"product_cat-paleciu-aptraukimo-irenginiai","8":"first","9":"instock","10":"shipping-taxable","11":"product-type-simple"},"_links":{"self":[{"href":"https:\/\/packstera.lt\/ru\/wp-json\/wp\/v2\/product\/17430","targetHints":{"allow":["GET"]}}],"collection":[{"href":"https:\/\/packstera.lt\/ru\/wp-json\/wp\/v2\/product"}],"about":[{"href":"https:\/\/packstera.lt\/ru\/wp-json\/wp\/v2\/types\/product"}],"version-history":[{"count":2,"href":"https:\/\/packstera.lt\/ru\/wp-json\/wp\/v2\/product\/17430\/revisions"}],"predecessor-version":[{"id":17433,"href":"https:\/\/packstera.lt\/ru\/wp-json\/wp\/v2\/product\/17430\/revisions\/17433"}],"wp:featuredmedia":[{"embeddable":true,"href":"https:\/\/packstera.lt\/ru\/wp-json\/wp\/v2\/media\/17431"}],"wp:attachment":[{"href":"https:\/\/packstera.lt\/ru\/wp-json\/wp\/v2\/media?parent=17430"}],"wp:term":[{"taxonomy":"product_cat","embeddable":true,"href":"https:\/\/packstera.lt\/ru\/wp-json\/wp\/v2\/product_cat?post=17430"},{"taxonomy":"product_tag","embeddable":true,"href":"https:\/\/packstera.lt\/ru\/wp-json\/wp\/v2\/product_tag?post=17430"}],"curies":[{"name":"WP","href":"https:\/\/api.w.org\/{rel}","templated":true}]}}