{"id":17443,"date":"2025-05-21T16:43:54","date_gmt":"2025-05-21T13:43:54","guid":{"rendered":"https:\/\/packstera.lt\/?post_type=product&#038;p=17443"},"modified":"2025-05-23T16:11:37","modified_gmt":"2025-05-23T13:11:37","slug":"didelio-nasumo-vakuumavimo-irenginys-su-map-galimybe-specialiems-produktams-vqm-xl-post-gassing","status":"publish","type":"product","link":"https:\/\/packstera.lt\/ru\/p\/didelio-nasumo-vakuumavimo-irenginys-su-map-galimybe-specialiems-produktams-vqm-xl-post-gassing\/","title":{"rendered":"Didelio na\u0161umo vakuumavimo \u012frenginys su MAP galimybe specialiems produktams \u2013 vQm XL POST GASSING"},"content":{"rendered":"<p>Didelio na\u0161umo vakuumavimo \u012frenginys su MAP galimybe specialiems produktams \u2013 tai itin galingas vakuumavimo \u012frenginys, skirtas darbui ekstremaliomis s\u0105lygomis, ypa\u010d tinka sud\u0117tingiems produktams, tokiems kaip k\u016bdiki\u0173 mi\u0161iniai ar smulk\u016bs milteliai, kurie link\u0119 u\u017ekim\u0161ti vakuumo kanalus. \u012erenginys pasi\u017eymi didele vakuumin\u0117s pompos galia ir u\u017etikrina efektyv\u0173 bei greit\u0105 MAP (modifikuotos atmosferos pakavimo) proces\u0105 net ir dideliuose mai\u0161uose iki 180 cm auk\u0161\u010dio.<\/p>\n<p class=\"\" data-start=\"695\" data-end=\"1016\">Pritaikius <strong data-start=\"706\" data-end=\"729\">vieno ciklo sistem\u0105<\/strong>, vQm XL pasiekia &lt;3% deguonies lyg\u012f vos per 9 minutes, o &lt;2% \u2013 per 17 minu\u010di\u0173, taip suma\u017einant azoto suvartojim\u0105 ir pakavimo laik\u0105. Vakuumavimui naudojamas gilus vakuumas, po kurio \u012fpur\u0161kiamas azotas ar kitos inertin\u0117s dujos, sukuriant optimalias saugojimo s\u0105lygas jautriems produktams.<\/p>\n<p class=\"\" data-start=\"1018\" data-end=\"1245\">\u012erenginys gali b\u016bti komplektuojamas su \u012fvairiais prijungimo antgaliais, priklausomai nuo naudojamos pakuot\u0117s tipo. Darbui su dr\u0117gnais produktais gali b\u016bti pritaikytas <strong data-start=\"1185\" data-end=\"1211\">cikloninis sausintuvas<\/strong>, apsaugantis siurbl\u012f nuo dr\u0117gm\u0117s.<\/p>\n<p class=\"\" data-start=\"1247\" data-end=\"1465\"><strong data-start=\"1247\" data-end=\"1257\">vQm XL<\/strong> yra kompakti\u0161kas, mobilus ir lengvai integruojamas \u012f esamas gamybos linijas \u2013 idealiai tinka maisto pramonei, chemijos ir farmacijos sektoriui, kur reikalingas auk\u0161tas vakuumavimo lygis ir aplinkos kontrol\u0117.<\/p>\n<hr class=\"\" data-start=\"1467\" data-end=\"1470\" \/>\n<h4 class=\"\" data-start=\"1472\" data-end=\"1505\"><strong data-start=\"1477\" data-end=\"1505\">\u0422\u0435\u0445\u043d\u0438\u0447\u0435\u0441\u043a\u0438\u0435 \u0445\u0430\u0440\u0430\u043a\u0442\u0435\u0440\u0438\u0441\u0442\u0438\u043a\u0438<\/strong><\/h4>\n<div class=\"_tableContainer_16hzy_1\">\n<div class=\"_tableWrapper_16hzy_14 group flex w-fit flex-col-reverse\" tabindex=\"-1\">\n<table class=\"w-fit min-w-(--thread-content-width)\" data-start=\"1507\" data-end=\"2409\">\n<thead data-start=\"1507\" data-end=\"1584\">\n<tr data-start=\"1507\" data-end=\"1584\">\n<th data-start=\"1507\" data-end=\"1541\" data-col-size=\"sm\">\u041f\u0430\u0440\u0430\u043c\u0435\u0442\u0440<\/th>\n<th data-start=\"1541\" data-end=\"1584\" data-col-size=\"sm\">\u0417\u043d\u0430\u0447\u0435\u043d\u0438\u0435<\/th>\n<\/tr>\n<\/thead>\n<tbody data-start=\"1660\" data-end=\"2409\">\n<tr data-start=\"1660\" data-end=\"1734\">\n<td data-start=\"1660\" data-end=\"1692\" data-col-size=\"sm\">Matmenys (P x I x A)<\/td>\n<td data-start=\"1692\" data-end=\"1734\" data-col-size=\"sm\">85 x 70 x 76 cm<\/td>\n<\/tr>\n<tr data-start=\"1735\" data-end=\"1809\">\n<td data-start=\"1735\" data-end=\"1767\" data-col-size=\"sm\">\u041c\u0430\u0441\u0441\u0430<\/td>\n<td data-start=\"1767\" data-end=\"1809\" data-col-size=\"sm\">156 kg<\/td>\n<\/tr>\n<tr data-start=\"1810\" data-end=\"1884\">\n<td data-start=\"1810\" data-end=\"1842\" data-col-size=\"sm\">Maitinimo \u012ftampa<\/td>\n<td data-start=\"1842\" data-end=\"1884\" data-col-size=\"sm\">400 V AC (50\/60 Hz)<\/td>\n<\/tr>\n<tr data-start=\"1885\" data-end=\"1959\">\n<td data-start=\"1885\" data-end=\"1917\" data-col-size=\"sm\">\u0412\u043b\u0430\u0441\u0442\u044c<\/td>\n<td data-start=\"1917\" data-end=\"1959\" data-col-size=\"sm\">18 A<\/td>\n<\/tr>\n<tr data-start=\"1960\" data-end=\"2034\">\n<td data-start=\"1960\" data-end=\"1992\" data-col-size=\"sm\">\u0423\u0440\u043e\u0432\u0435\u043d\u044c \u0448\u0443\u043c\u0430<\/td>\n<td data-start=\"1992\" data-end=\"2034\" data-col-size=\"sm\">&lt; 73 dB<\/td>\n<\/tr>\n<tr data-start=\"2035\" data-end=\"2109\">\n<td data-start=\"2035\" data-end=\"2067\" data-col-size=\"sm\">Vakuumin\u0117s pompos na\u0161umas<\/td>\n<td data-start=\"2067\" data-end=\"2109\" data-col-size=\"sm\">100 m\u00b3\/val.<\/td>\n<\/tr>\n<tr data-start=\"2110\" data-end=\"2184\">\n<td data-start=\"2110\" data-end=\"2142\" data-col-size=\"sm\">MAP galimyb\u0117<\/td>\n<td data-start=\"2142\" data-end=\"2184\" data-col-size=\"sm\">\u0414\u0430<\/td>\n<\/tr>\n<tr data-start=\"2185\" data-end=\"2259\">\n<td data-start=\"2185\" data-end=\"2217\" data-col-size=\"sm\">Maksimali gamybos trukm\u0117<\/td>\n<td data-start=\"2217\" data-end=\"2259\" data-col-size=\"sm\">Iki 12 val. per dien\u0105<\/td>\n<\/tr>\n<tr data-start=\"2260\" data-end=\"2334\">\n<td data-start=\"2260\" data-end=\"2292\" data-col-size=\"sm\">Naudojama temperat\u016bra<\/td>\n<td data-start=\"2292\" data-end=\"2334\" data-col-size=\"sm\">5 \u2013 40 \u00b0C<\/td>\n<\/tr>\n<tr data-start=\"2335\" data-end=\"2409\">\n<td data-start=\"2335\" data-end=\"2367\" data-col-size=\"sm\">\u0421\u043e\u0433\u043b\u0430\u0441\u0438\u0435<\/td>\n<td data-start=\"2367\" data-end=\"2409\" data-col-size=\"sm\">CE sertifikatas<\/td>\n<\/tr>\n<\/tbody>\n<\/table>\n<\/div>\n<\/div>","protected":false},"excerpt":{"rendered":"<p>Didelio na\u0161umo vakuumavimo \u012frenginys su MAP galimybe specialiems produktams yra skirtas efektyviam vakuumavimui ir modifikuotos atmosferos suk\u016brimui net sud\u0117tingiems produktams, tokiems kaip k\u016bdiki\u0173 mi\u0161iniai ar smulk\u016bs milteliai. Su 400 V vakuumine pompa ir 100 m\u00b3\/val. na\u0161umu, \u012frenginys pasiekia &lt;3 % deguonies vos per 9 minutes. Kompakti\u0161kas, mobilus, idealiai tinka pramonei, kur svarbus produkt\u0173 stabilumas ir pakuot\u0117s kokyb\u0117.<\/p>\n<div id=\"gtx-trans\" style=\"position: absolute; left: -58px; top: -9.50391px;\">\n<div class=\"gtx-trans-icon\"><\/div>\n<\/div>","protected":false},"featured_media":17436,"template":"","meta":[],"product_cat":[570],"product_tag":[],"class_list":{"0":"post-17443","1":"product","2":"type-product","3":"status-publish","4":"has-post-thumbnail","6":"product_cat-vakuuminio-pakavimo-irenginiai","8":"first","9":"instock","10":"shipping-taxable","11":"product-type-simple"},"_links":{"self":[{"href":"https:\/\/packstera.lt\/ru\/wp-json\/wp\/v2\/product\/17443","targetHints":{"allow":["GET"]}}],"collection":[{"href":"https:\/\/packstera.lt\/ru\/wp-json\/wp\/v2\/product"}],"about":[{"href":"https:\/\/packstera.lt\/ru\/wp-json\/wp\/v2\/types\/product"}],"version-history":[{"count":2,"href":"https:\/\/packstera.lt\/ru\/wp-json\/wp\/v2\/product\/17443\/revisions"}],"predecessor-version":[{"id":17445,"href":"https:\/\/packstera.lt\/ru\/wp-json\/wp\/v2\/product\/17443\/revisions\/17445"}],"wp:featuredmedia":[{"embeddable":true,"href":"https:\/\/packstera.lt\/ru\/wp-json\/wp\/v2\/media\/17436"}],"wp:attachment":[{"href":"https:\/\/packstera.lt\/ru\/wp-json\/wp\/v2\/media?parent=17443"}],"wp:term":[{"taxonomy":"product_cat","embeddable":true,"href":"https:\/\/packstera.lt\/ru\/wp-json\/wp\/v2\/product_cat?post=17443"},{"taxonomy":"product_tag","embeddable":true,"href":"https:\/\/packstera.lt\/ru\/wp-json\/wp\/v2\/product_tag?post=17443"}],"curies":[{"name":"WP","href":"https:\/\/api.w.org\/{rel}","templated":true}]}}