{"id":17448,"date":"2025-05-21T17:08:03","date_gmt":"2025-05-21T14:08:03","guid":{"rendered":"https:\/\/packstera.lt\/?post_type=product&#038;p=17448"},"modified":"2025-05-23T16:11:37","modified_gmt":"2025-05-23T13:11:37","slug":"impulsinis-sandarinimo-irenginys","status":"publish","type":"product","link":"https:\/\/packstera.lt\/ru\/p\/impulsinis-sandarinimo-irenginys\/","title":{"rendered":"Impulsinis sandarinimo \u012frenginys su generatoriumi \u2013 vQm Impulse Sealer"},"content":{"rendered":"<p class=\"\" data-start=\"236\" data-end=\"604\">Impulsinis sandarinimo \u012frenginys su generatoriumi \u2013\u00a0<strong data-start=\"199\" data-end=\"221\">vQm Impulse Sealer<\/strong> \u2013 tai mobilus impulsinis sandarinimo \u012frenginys, sudarytas i\u0161 valdymo generatoriaus ir sujungt\u0173 sandarinimo \u017enypli\u0173. Generatorius generuoja sandarinimo impuls\u0105, kuris perduodamas \u017enypl\u0117ms. Toks sprendimas u\u017etikrina lankstum\u0105 ir efektyvum\u0105 \u012fvairiose gamybin\u0117se aplinkose.<\/p>\n<p class=\"\" data-start=\"493\" data-end=\"790\">Abi sandarinimo \u017enypli\u0173 pus\u0117s yra kaitinamos, tod\u0117l \u012frenginys puikiai tinka net ir storesn\u0117ms pl\u0117vel\u0117ms (nuo 2 x 0,025 mm iki 2 x 0,4 mm PE). Sandarinimo spaudimas pasiekiamas vidine spyruokle, tod\u0117l \u012frenginys gali patikimai sandarinti net ir kra\u0161tines vietas, kur spaudimas da\u017enai b\u016bna netolygus.<\/p>\n<p class=\"\" data-start=\"792\" data-end=\"1056\">Sandarinimo \u017enypl\u0117s sujungtos su generatoriumi 5 metr\u0173 ilgio kabeliu, tod\u0117l \u012frenginys i\u0161lieka mobilus ir patogus naudoti net ir sud\u0117tingose darbo s\u0105lygose. D\u0117l patikimos konstrukcijos ir paprasto valdymo \u2013 tai idealus pasirinkimas pramonin\u0117ms pakuot\u0117ms sandarinti.<\/p>\n<hr class=\"\" data-start=\"1058\" data-end=\"1061\" \/>\n<h4 class=\"\" data-start=\"1063\" data-end=\"1096\"><strong data-start=\"1068\" data-end=\"1096\">\u0422\u0435\u0445\u043d\u0438\u0447\u0435\u0441\u043a\u0438\u0435 \u0445\u0430\u0440\u0430\u043a\u0442\u0435\u0440\u0438\u0441\u0442\u0438\u043a\u0438<\/strong><\/h4>\n<div class=\"_tableContainer_16hzy_1\">\n<div class=\"_tableWrapper_16hzy_14 group flex w-fit flex-col-reverse\" tabindex=\"-1\">\n<table class=\"w-fit min-w-(--thread-content-width)\" data-start=\"1098\" data-end=\"1590\">\n<thead data-start=\"1098\" data-end=\"1160\">\n<tr data-start=\"1098\" data-end=\"1160\">\n<th data-start=\"1098\" data-end=\"1124\" data-col-size=\"sm\">\u041f\u0430\u0440\u0430\u043c\u0435\u0442\u0440<\/th>\n<th data-start=\"1124\" data-end=\"1160\" data-col-size=\"sm\">\u0417\u043d\u0430\u0447\u0435\u043d\u0438\u0435<\/th>\n<\/tr>\n<\/thead>\n<tbody data-start=\"1223\" data-end=\"1590\">\n<tr data-start=\"1223\" data-end=\"1283\">\n<td data-start=\"1223\" data-end=\"1248\" data-col-size=\"sm\">Sandarinimo ilgis<\/td>\n<td data-start=\"1248\" data-end=\"1283\" data-col-size=\"sm\">340\u2013640 mm<\/td>\n<\/tr>\n<tr data-start=\"1284\" data-end=\"1344\">\n<td data-start=\"1284\" data-end=\"1309\" data-col-size=\"sm\">Sandarinimo plotis<\/td>\n<td data-start=\"1309\" data-end=\"1344\" data-col-size=\"sm\">3 mm<\/td>\n<\/tr>\n<tr data-start=\"1345\" data-end=\"1406\">\n<td data-start=\"1345\" data-end=\"1371\" data-col-size=\"sm\">Svoris (\u017enypl\u0117s)<\/td>\n<td data-start=\"1371\" data-end=\"1406\" data-col-size=\"sm\">7,0 kg<\/td>\n<\/tr>\n<tr data-start=\"1407\" data-end=\"1468\">\n<td data-start=\"1407\" data-end=\"1433\" data-col-size=\"sm\">Kabelio ilgis<\/td>\n<td data-start=\"1433\" data-end=\"1468\" data-col-size=\"sm\">5 m<\/td>\n<\/tr>\n<tr data-start=\"1469\" data-end=\"1529\">\n<td data-start=\"1469\" data-end=\"1494\" data-col-size=\"sm\">\u043a\u043e\u0440\u043c\u0438\u0442\u044c<\/td>\n<td data-start=\"1494\" data-end=\"1529\" data-col-size=\"sm\">230 V, 50 Hz<\/td>\n<\/tr>\n<tr data-start=\"1530\" data-end=\"1590\">\n<td data-start=\"1530\" data-end=\"1555\" data-col-size=\"sm\">Tinkamos med\u017eiagos<\/td>\n<td data-start=\"1555\" data-end=\"1590\" data-col-size=\"sm\">PE pl\u0117vel\u0117s iki 2 x 0,4 mm<\/td>\n<\/tr>\n<\/tbody>\n<\/table>\n<\/div>\n<\/div>\n<div class=\"_tableContainer_16hzy_1\"><\/div>\n<div id=\"gtx-trans\" style=\"position: absolute; left: 371px; top: 0.476563px;\">\n<div class=\"gtx-trans-icon\"><\/div>\n<\/div>","protected":false},"excerpt":{"rendered":"<p>Impulsinis sandarinimo \u012frenginys su generatoriumi \u2013 mobilus impulsinis sandarinimo \u012frenginys su i\u0161oriniu generatoriumi, skirtas efektyviam \u012fvairaus storio PE pl\u0117veli\u0173 sandarinimui. Abi \u017enypli\u0173 pus\u0117s yra kaitinamos, u\u017etikrinant tolyg\u0173 rezultat\u0105 net ir naudojant storesnes med\u017eiagas (iki 2 x 0,4 mm). \u012erenginys veikia su 230 V maitinimu, turi 5 m ilgio kabel\u012f ir sveria tik 7 kg \u2013 puikiai tinka pramonin\u0117ms pakuot\u0117ms ir darbui sud\u0117tingose s\u0105lygose.<\/p>","protected":false},"featured_media":17440,"template":"","meta":[],"product_cat":[570],"product_tag":[],"class_list":{"0":"post-17448","1":"product","2":"type-product","3":"status-publish","4":"has-post-thumbnail","6":"product_cat-vakuuminio-pakavimo-irenginiai","8":"first","9":"instock","10":"shipping-taxable","11":"product-type-simple"},"_links":{"self":[{"href":"https:\/\/packstera.lt\/ru\/wp-json\/wp\/v2\/product\/17448","targetHints":{"allow":["GET"]}}],"collection":[{"href":"https:\/\/packstera.lt\/ru\/wp-json\/wp\/v2\/product"}],"about":[{"href":"https:\/\/packstera.lt\/ru\/wp-json\/wp\/v2\/types\/product"}],"version-history":[{"count":3,"href":"https:\/\/packstera.lt\/ru\/wp-json\/wp\/v2\/product\/17448\/revisions"}],"predecessor-version":[{"id":17452,"href":"https:\/\/packstera.lt\/ru\/wp-json\/wp\/v2\/product\/17448\/revisions\/17452"}],"wp:featuredmedia":[{"embeddable":true,"href":"https:\/\/packstera.lt\/ru\/wp-json\/wp\/v2\/media\/17440"}],"wp:attachment":[{"href":"https:\/\/packstera.lt\/ru\/wp-json\/wp\/v2\/media?parent=17448"}],"wp:term":[{"taxonomy":"product_cat","embeddable":true,"href":"https:\/\/packstera.lt\/ru\/wp-json\/wp\/v2\/product_cat?post=17448"},{"taxonomy":"product_tag","embeddable":true,"href":"https:\/\/packstera.lt\/ru\/wp-json\/wp\/v2\/product_tag?post=17448"}],"curies":[{"name":"WP","href":"https:\/\/api.w.org\/{rel}","templated":true}]}}