{"id":17450,"date":"2025-05-21T17:09:24","date_gmt":"2025-05-21T14:09:24","guid":{"rendered":"https:\/\/packstera.lt\/?post_type=product&#038;p=17450"},"modified":"2025-06-05T11:38:24","modified_gmt":"2025-06-05T08:38:24","slug":"rankinis-sandarinimo-irenginys-didmaisiams","status":"publish","type":"product","link":"https:\/\/packstera.lt\/ru\/p\/rankinis-sandarinimo-irenginys-didmaisiams\/","title":{"rendered":"Rankinis sandarinimo \u012frenginys didmai\u0161iams \u2013 VQM HEAT SEALER"},"content":{"rendered":"<p class=\"\" data-start=\"236\" data-end=\"604\">Rankinis sandarinimo \u012frenginys didmai\u0161iams \u2013\u00a0<strong data-start=\"201\" data-end=\"220\">VQM HEAT SEALER<\/strong> \u2013 tai rankinis \u0161iluminis sandarinimo \u012frenginys, skirtas aliuminio FIBC didmai\u0161i\u0173 (big bag) sandarinimui. Abi sandarinimo \u017enypli\u0173 pus\u0117s yra kaitinamos, tod\u0117l \u0161iluma paskirstoma tolygiai ir efektyviai. Temperat\u016bra reguliuojama pagal poreik\u012f, o maksimali darbin\u0117 temperat\u016bra siekia 250 \u00b0C.<\/p>\n<p class=\"\" data-start=\"509\" data-end=\"729\">Valdymas yra itin paprastas \u2013 \u017enypl\u0117s u\u017espaud\u017eiamos ranka ir atleid\u017eiamos pasibaigus sandarinimo ciklui. D\u0117l termoizoliuotos rankenos, net ir dirbant auk\u0161toje temperat\u016broje, naudotojui u\u017etikrinamas komfortas ir saugumas.<\/p>\n<p class=\"\" data-start=\"731\" data-end=\"1010\">Kompakti\u0161kas ir lengvas \u012frenginys tinkamas naudoti tiek sand\u0117lyje, tiek gamyboje. PTFE (teflonu) padengti \u017eandikauliai u\u017etikrina \u0161var\u0173 ir tolyg\u0173 sandarinim\u0105 bei ilgaam\u017ei\u0161kum\u0105. \u012erenginys veikia prijungus prie standartinio 230 V elektros tinklo, sunaudoja nedaug energijos (450 W).<\/p>\n<hr class=\"\" data-start=\"1012\" data-end=\"1015\" \/>\n<h4 class=\"\" data-start=\"1017\" data-end=\"1050\"><strong data-start=\"1022\" data-end=\"1050\">\u0422\u0435\u0445\u043d\u0438\u0447\u0435\u0441\u043a\u0438\u0435 \u0445\u0430\u0440\u0430\u043a\u0442\u0435\u0440\u0438\u0441\u0442\u0438\u043a\u0438<\/strong><\/h4>\n<div class=\"_tableContainer_16hzy_1\">\n<div class=\"_tableWrapper_16hzy_14 group flex w-fit flex-col-reverse\" tabindex=\"-1\">\n<table class=\"w-fit min-w-(--thread-content-width)\" data-start=\"1052\" data-end=\"1664\">\n<thead data-start=\"1052\" data-end=\"1114\">\n<tr data-start=\"1052\" data-end=\"1114\">\n<th data-start=\"1052\" data-end=\"1078\" data-col-size=\"sm\">\u041f\u0430\u0440\u0430\u043c\u0435\u0442\u0440<\/th>\n<th data-start=\"1078\" data-end=\"1114\" data-col-size=\"sm\">\u0417\u043d\u0430\u0447\u0435\u043d\u0438\u0435<\/th>\n<\/tr>\n<\/thead>\n<tbody data-start=\"1177\" data-end=\"1664\">\n<tr data-start=\"1177\" data-end=\"1237\">\n<td data-start=\"1177\" data-end=\"1202\" data-col-size=\"sm\">Sandarinimo ilgis<\/td>\n<td data-start=\"1202\" data-end=\"1237\" data-col-size=\"sm\">300\u2013420 mm<\/td>\n<\/tr>\n<tr data-start=\"1238\" data-end=\"1298\">\n<td data-start=\"1238\" data-end=\"1263\" data-col-size=\"sm\">Sandarinimo plotis<\/td>\n<td data-start=\"1263\" data-end=\"1298\" data-col-size=\"sm\">10 mm<\/td>\n<\/tr>\n<tr data-start=\"1299\" data-end=\"1359\">\n<td data-start=\"1299\" data-end=\"1324\" data-col-size=\"sm\">\u017dnypli\u0173 danga<\/td>\n<td data-start=\"1324\" data-end=\"1359\" data-col-size=\"sm\">PTFE (teflono)<\/td>\n<\/tr>\n<tr data-start=\"1360\" data-end=\"1420\">\n<td data-start=\"1360\" data-end=\"1385\" data-col-size=\"sm\">\u041c\u0430\u0441\u0441\u0430<\/td>\n<td data-start=\"1385\" data-end=\"1420\" data-col-size=\"sm\">1,25\u20131,35 kg<\/td>\n<\/tr>\n<tr data-start=\"1421\" data-end=\"1481\">\n<td data-start=\"1421\" data-end=\"1446\" data-col-size=\"sm\">\u041f\u043e\u0442\u0440\u0435\u0431\u043b\u0435\u043d\u0438\u0435 \u044d\u043d\u0435\u0440\u0433\u0438\u0438<\/td>\n<td data-start=\"1446\" data-end=\"1481\" data-col-size=\"sm\">450 W<\/td>\n<\/tr>\n<tr data-start=\"1482\" data-end=\"1542\">\n<td data-start=\"1482\" data-end=\"1507\" data-col-size=\"sm\">\u043a\u043e\u0440\u043c\u0438\u0442\u044c<\/td>\n<td data-col-size=\"sm\" data-start=\"1507\" data-end=\"1542\">230 V, 50\/60 Hz<\/td>\n<\/tr>\n<tr data-start=\"1543\" data-end=\"1603\">\n<td data-start=\"1543\" data-end=\"1568\" data-col-size=\"sm\">Maks. temperat\u016bra<\/td>\n<td data-col-size=\"sm\" data-start=\"1568\" data-end=\"1603\">iki 250 \u00b0C<\/td>\n<\/tr>\n<tr data-start=\"1604\" data-end=\"1664\">\n<td data-start=\"1604\" data-end=\"1629\" data-col-size=\"sm\">\u0423\u043f\u0440\u0430\u0432\u043b\u0435\u043d\u0438\u0435<\/td>\n<td data-col-size=\"sm\" data-start=\"1629\" data-end=\"1664\">Rankinis<\/td>\n<\/tr>\n<\/tbody>\n<\/table>\n<\/div>\n<\/div>\n<div id=\"gtx-trans\" style=\"position: absolute; left: 330px; top: 48.2266px;\">\n<div class=\"gtx-trans-icon\"><\/div>\n<\/div>","protected":false},"excerpt":{"rendered":"<p>Rankinis sandarinimo \u012frenginys didmai\u0161iams \u2013 kompakti\u0161kas ir lengvai valdomas rankinis \u0161iluminis sandarinimo \u012frenginys, skirtas FIBC tipo aliuminio didmai\u0161iams. \u012erenginys leid\u017eia reguliuoti temperat\u016br\u0105 iki 250 \u00b0C, abi sandarinimo juostos yra kaitinamos, u\u017etikrinant tolyg\u0173 sandarinim\u0105. Teflonu dengti \u017enypli\u0173 pavir\u0161iai suma\u017eina prilipimo rizik\u0105, o termoizoliuota rankena apsaugo nuo perkaitimo. Veikia su 230 V \u012ftampa, sunaudoja tik 450 W energijos \u2013 patikimas sprendimas pramonei ir logistikai.<\/p>\n<div id=\"gtx-trans\" style=\"position: absolute; left: 317px; top: 38.2461px;\">\n<div class=\"gtx-trans-icon\"><\/div>\n<\/div>","protected":false},"featured_media":17441,"template":"","meta":[],"product_cat":[570],"product_tag":[],"class_list":{"0":"post-17450","1":"product","2":"type-product","3":"status-publish","4":"has-post-thumbnail","6":"product_cat-vakuuminio-pakavimo-irenginiai","8":"first","9":"instock","10":"shipping-taxable","11":"product-type-simple"},"_links":{"self":[{"href":"https:\/\/packstera.lt\/ru\/wp-json\/wp\/v2\/product\/17450","targetHints":{"allow":["GET"]}}],"collection":[{"href":"https:\/\/packstera.lt\/ru\/wp-json\/wp\/v2\/product"}],"about":[{"href":"https:\/\/packstera.lt\/ru\/wp-json\/wp\/v2\/types\/product"}],"version-history":[{"count":1,"href":"https:\/\/packstera.lt\/ru\/wp-json\/wp\/v2\/product\/17450\/revisions"}],"predecessor-version":[{"id":17453,"href":"https:\/\/packstera.lt\/ru\/wp-json\/wp\/v2\/product\/17450\/revisions\/17453"}],"wp:featuredmedia":[{"embeddable":true,"href":"https:\/\/packstera.lt\/ru\/wp-json\/wp\/v2\/media\/17441"}],"wp:attachment":[{"href":"https:\/\/packstera.lt\/ru\/wp-json\/wp\/v2\/media?parent=17450"}],"wp:term":[{"taxonomy":"product_cat","embeddable":true,"href":"https:\/\/packstera.lt\/ru\/wp-json\/wp\/v2\/product_cat?post=17450"},{"taxonomy":"product_tag","embeddable":true,"href":"https:\/\/packstera.lt\/ru\/wp-json\/wp\/v2\/product_tag?post=17450"}],"curies":[{"name":"WP","href":"https:\/\/api.w.org\/{rel}","templated":true}]}}