{"id":17490,"date":"2025-06-13T14:44:08","date_gmt":"2025-06-13T11:44:08","guid":{"rendered":"https:\/\/packstera.lt\/?post_type=product&#038;p=17490"},"modified":"2025-07-08T11:10:43","modified_gmt":"2025-07-08T08:10:43","slug":"srautinio-pakavimo-i-plievele-irenginys-su-termo-tuneliu-hs-serija","status":"publish","type":"product","link":"https:\/\/packstera.lt\/ru\/p\/srautinio-pakavimo-i-plievele-irenginys-su-termo-tuneliu-hs-serija\/","title":{"rendered":"Srautinio pakavimo \u012f plievele \u012frenginys su termo tuneliu HS serija"},"content":{"rendered":"<div data-elementor-type=\"wp-post\" data-elementor-id=\"17490\" class=\"elementor elementor-17490\">\n\t\t\t\t\t\t<section class=\"elementor-section elementor-top-section elementor-element elementor-element-f053906 elementor-section-boxed elementor-section-height-default elementor-section-height-default\" data-id=\"f053906\" data-element_type=\"section\" data-e-type=\"section\">\n\t\t\t\t\t\t<div class=\"elementor-container elementor-column-gap-default\">\n\t\t\t\t\t<div class=\"elementor-column elementor-col-100 elementor-top-column elementor-element elementor-element-35383080\" data-id=\"35383080\" data-element_type=\"column\" data-e-type=\"column\">\n\t\t\t<div class=\"elementor-widget-wrap elementor-element-populated\">\n\t\t\t\t\t\t<div class=\"elementor-element elementor-element-51dd7ad1 elementor-widget elementor-widget-text-editor\" data-id=\"51dd7ad1\" data-element_type=\"widget\" data-e-type=\"widget\" data-widget_type=\"text-editor.default\">\n\t\t\t\t<div class=\"elementor-widget-container\">\n\t\t\t\t\t\t\t\t\t<table data-sourcepos=\"13:1-22:141\"><tbody><tr data-sourcepos=\"13:1-13:141\"><th align=\"left\" data-sourcepos=\"13:1-13:36\">\u0421\u043f\u0435\u0446\u0438\u0444\u0438\u043a\u0430\u0446\u0438\u044f<\/th><th align=\"left\" data-sourcepos=\"13:38-13:80\">\u0417\u043d\u0430\u0447\u0435\u043d\u0438\u0435<\/th><th align=\"left\" data-sourcepos=\"13:82-13:139\">Papildoma informacija<\/th><\/tr><tr data-sourcepos=\"15:1-15:142\"><td align=\"left\" data-sourcepos=\"15:1-15:38\">Kry\u017emin\u0117s sandarinimo juostos plotis<\/td><td align=\"left\" data-sourcepos=\"15:40-15:82\">Nuo 500 mm iki 820 mm<\/td><td align=\"left\" data-sourcepos=\"15:84-15:140\">Prisitaikoma prie \u012fvairi\u0173 pakuot\u0117s dyd\u017ei\u0173<\/td><\/tr><tr data-sourcepos=\"16:1-16:141\"><td align=\"left\" data-sourcepos=\"16:1-16:36\">Maksimalus pakuot\u0117s auk\u0161tis<\/td><td align=\"left\" data-sourcepos=\"16:38-16:80\">Nuo 200 mm iki 350 mm<\/td><td align=\"left\" data-sourcepos=\"16:82-16:139\">Priklauso nuo konkretaus modelio ir konfig\u016bracijos<\/td><\/tr><tr data-sourcepos=\"17:1-17:142\"><td align=\"left\" data-sourcepos=\"17:1-17:36\">Maksimalus na\u0161umas<\/td><td align=\"left\" data-sourcepos=\"17:38-17:80\">Iki 9000 pakuo\u010di\u0173\/valand\u0105<\/td><td align=\"left\" data-sourcepos=\"17:82-17:140\">Su individualizuotais sprendimais<\/td><\/tr><tr data-sourcepos=\"18:1-18:140\"><td align=\"left\" data-sourcepos=\"18:1-18:36\">\u0423\u043f\u0440\u0430\u0432\u043b\u0435\u043d\u0438\u0435<\/td><td align=\"left\" data-sourcepos=\"18:38-18:80\">7 coli\u0173 spalvotas jutiklinis ekranas<\/td><td align=\"left\" data-sourcepos=\"18:82-18:138\">PLC s\u0105saja, \u201eIndustry 4.0\u201c atitikimas<\/td><\/tr><tr data-sourcepos=\"19:1-19:140\"><td align=\"left\" data-sourcepos=\"19:1-19:36\">Darbo cikl\u0173 programavimo galimyb\u0117<\/td><td align=\"left\" data-sourcepos=\"19:38-19:79\">Iki 50 skirting\u0173 darbo cikl\u0173<\/td><td align=\"left\" data-sourcepos=\"19:81-19:138\">Greitas ir patogus format\u0173 keitimas<\/td><\/tr><tr data-sourcepos=\"20:1-20:165\"><td align=\"left\" data-sourcepos=\"20:1-20:36\">Darbo ciklai<\/td><td align=\"left\" data-sourcepos=\"20:38-20:105\">Nuolatinis sandarinimas, intermitentinis arba d\u0117\u017e\u0117s judesio ciklas<\/td><td align=\"left\" data-sourcepos=\"20:107-20:163\">Didelis lankstumas pakuojant \u012fvairius produktus<\/td><\/tr><tr data-sourcepos=\"21:1-21:145\"><td align=\"left\" data-sourcepos=\"21:1-21:36\">\u0418\u0441\u043f\u043e\u043b\u044c\u0437\u0443\u0435\u0442\u0441\u044f \u043f\u043b\u0435\u043d\u043a\u0430<\/td><td align=\"left\" data-sourcepos=\"21:38-21:81\">Poliolefinas, polietilenas, polipropilenas<\/td><td align=\"left\" data-sourcepos=\"21:83-21:143\">Monoplieg\u0117 arba plok\u0161\u010dia pl\u0117vel\u0117 su PX pl\u0117vel\u0117s lankstytuvu<\/td><\/tr><tr data-sourcepos=\"22:1-22:141\"><td align=\"left\" data-sourcepos=\"22:1-22:36\">\u043a\u043e\u0440\u043c\u0438\u0442\u044c<\/td><td align=\"left\" data-sourcepos=\"22:38-22:80\">Trifazis<\/td><td align=\"left\" data-sourcepos=\"22:82-22:139\">Standartinis pramoninis maitinimas<\/td><\/tr><\/tbody><\/table><p>\u00a0<\/p>\t\t\t\t\t\t\t\t<\/div>\n\t\t\t\t<\/div>\n\t\t\t\t\t<\/div>\n\t\t<\/div>\n\t\t\t\t\t<\/div>\n\t\t<\/section>\n\t\t\t\t<section class=\"elementor-section elementor-top-section elementor-element elementor-element-f87df35 elementor-section-boxed elementor-section-height-default elementor-section-height-default\" data-id=\"f87df35\" data-element_type=\"section\" data-e-type=\"section\">\n\t\t\t\t\t\t<div class=\"elementor-container elementor-column-gap-default\">\n\t\t\t\t\t<div class=\"elementor-column elementor-col-66 elementor-top-column elementor-element elementor-element-dfdc420\" data-id=\"dfdc420\" data-element_type=\"column\" data-e-type=\"column\">\n\t\t\t<div class=\"elementor-widget-wrap elementor-element-populated\">\n\t\t\t\t\t\t<div class=\"elementor-element elementor-element-ba7a4f1 elementor-widget elementor-widget-video\" data-id=\"ba7a4f1\" data-element_type=\"widget\" data-e-type=\"widget\" data-settings=\"{&quot;youtube_url&quot;:&quot;https:\\\/\\\/www.youtube.com\\\/watch?v=iSgZZppTxzk&quot;,&quot;video_type&quot;:&quot;youtube&quot;,&quot;controls&quot;:&quot;yes&quot;}\" data-widget_type=\"video.default\">\n\t\t\t\t<div class=\"elementor-widget-container\">\n\t\t\t\t\t\t\t<div class=\"elementor-wrapper elementor-open-inline\">\n\t\t\t<div class=\"elementor-video\"><\/div>\t\t<\/div>\n\t\t\t\t\t\t<\/div>\n\t\t\t\t<\/div>\n\t\t\t\t\t<\/div>\n\t\t<\/div>\n\t\t\t\t<div class=\"elementor-column elementor-col-33 elementor-top-column elementor-element elementor-element-e37d8d7\" data-id=\"e37d8d7\" data-element_type=\"column\" data-e-type=\"column\">\n\t\t\t<div class=\"elementor-widget-wrap elementor-element-populated\">\n\t\t\t\t\t\t<div class=\"elementor-element elementor-element-433a2b0 btn-position-bottom elementor-widget elementor-widget-razzi-image-button\" data-id=\"433a2b0\" data-element_type=\"widget\" data-e-type=\"widget\" data-widget_type=\"razzi-image-button.default\">\n\t\t\t\t<div class=\"elementor-widget-container\">\n\t\t\t\t\t<div class=\"razzi-image-button\"><img fetchpriority=\"high\" decoding=\"async\" width=\"650\" height=\"495\" src=\"https:\/\/packstera.lt\/wp-content\/uploads\/2020\/07\/FP-AUTO.jpg\" class=\"attachment-full size-full wp-image-15836\" alt=\"\" \/><a href=\"https:\/\/packstera.lt\/wp-content\/uploads\/2025\/06\/serie-hs-en-es-pt.pdf\" target=\"_blank\" rel=\"nofollow\" class=\"razzi-image-button__link\"><\/a><a href=\"https:\/\/packstera.lt\/wp-content\/uploads\/2025\/06\/serie-hs-en-es-pt.pdf\" target=\"_blank\" rel=\"nofollow\" class=\"razzi-image-button__position razzi-image-button__button\">\u041e\u043f\u0438\u0441\u0430\u043d\u0438\u0435 \u043f\u0440\u043e\u0438\u0437\u0432\u043e\u0434\u0438\u0442\u0435\u043b\u044f <span class=\"razzi-svg-icon\"><svg aria-hidden=\"true\" role=\"img\" focusable=\"false\" xmlns=\"http:\/\/www.w3.org\/2000\/svg\" width=\"24\" height=\"24\" viewbox=\"0 0 24 24\" fill=\"none\" stroke=\"currentColor\" stroke-width=\"2\" stroke-linecap=\"round\" stroke-linejoin=\"round\"><line x1=\"0\" y1=\"12\" x2=\"19\" y2=\"12\"><\/line><polyline points=\"12 5 19 12 12 19\"><\/polyline><\/svg><\/span><\/a><\/div>\t\t\t\t<\/div>\n\t\t\t\t<\/div>\n\t\t\t\t\t<\/div>\n\t\t<\/div>\n\t\t\t\t\t<\/div>\n\t\t<\/section>\n\t\t\t\t<\/div>","protected":false},"excerpt":{"rendered":"<p style=\"text-align: justify;\">Srautinio pakavimo \u012f plievele \u012frenginys su termo tuneliu HS serija sukurti pagal pa\u017eangiausias \u201eIndustry 4.0\u201c koncepcijas, pasi\u017eymi puikiu kokyb\u0117s ir kainos santykiu bei moduli\u0161kumu. Visi \u0161io asortimento modeliai gali b\u016bti tiekiami su termo tuneliu arba be jo. HS serija su nuolatiniu sandarinimu ir pertraukiamu arba d\u0117\u017eut\u0117s judesio ciklu gali dirbti su poliolefinu, polietilenu, polipropilenu (sulenkta per vidur\u012f arba plok\u0161\u010dia pl\u0117vele su PX pl\u0117vel\u0117s lankstytuvu). \u0160ie \u012frenginiai idealiai tinka didel\u0117s apimties gamybai, u\u017etikrinant efektyvum\u0105 ir patikimum\u0105.<\/p>","protected":false},"featured_media":17495,"template":"","meta":[],"product_cat":[567],"product_tag":[717,716,715],"class_list":{"0":"post-17490","1":"product","2":"type-product","3":"status-publish","4":"has-post-thumbnail","6":"product_brand-smipack","7":"product_cat-pakavimo-i-termo-plevele-irenginiai","8":"product_tag-logistika","9":"product_tag-medienos","10":"product_tag-popieriaus","12":"first","13":"instock","14":"shipping-taxable","15":"product-type-simple"},"_links":{"self":[{"href":"https:\/\/packstera.lt\/ru\/wp-json\/wp\/v2\/product\/17490","targetHints":{"allow":["GET"]}}],"collection":[{"href":"https:\/\/packstera.lt\/ru\/wp-json\/wp\/v2\/product"}],"about":[{"href":"https:\/\/packstera.lt\/ru\/wp-json\/wp\/v2\/types\/product"}],"version-history":[{"count":6,"href":"https:\/\/packstera.lt\/ru\/wp-json\/wp\/v2\/product\/17490\/revisions"}],"predecessor-version":[{"id":17504,"href":"https:\/\/packstera.lt\/ru\/wp-json\/wp\/v2\/product\/17490\/revisions\/17504"}],"wp:featuredmedia":[{"embeddable":true,"href":"https:\/\/packstera.lt\/ru\/wp-json\/wp\/v2\/media\/17495"}],"wp:attachment":[{"href":"https:\/\/packstera.lt\/ru\/wp-json\/wp\/v2\/media?parent=17490"}],"wp:term":[{"taxonomy":"product_cat","embeddable":true,"href":"https:\/\/packstera.lt\/ru\/wp-json\/wp\/v2\/product_cat?post=17490"},{"taxonomy":"product_tag","embeddable":true,"href":"https:\/\/packstera.lt\/ru\/wp-json\/wp\/v2\/product_tag?post=17490"}],"curies":[{"name":"WP","href":"https:\/\/api.w.org\/{rel}","templated":true}]}}