{"id":17526,"date":"2025-07-08T11:08:07","date_gmt":"2025-07-08T08:08:07","guid":{"rendered":"https:\/\/packstera.lt\/?post_type=product&#038;p=17526"},"modified":"2025-07-08T15:11:34","modified_gmt":"2025-07-08T12:11:34","slug":"srautinio-pakavimo-masina-su-rotaciniu-sandarinimu-ir-virsutiniu-pleveles-ritiniu-fw-serija","status":"publish","type":"product","link":"https:\/\/packstera.lt\/ru\/p\/srautinio-pakavimo-masina-su-rotaciniu-sandarinimu-ir-virsutiniu-pleveles-ritiniu-fw-serija\/","title":{"rendered":"Srautinio pakavimo ma\u0161ina su rotaciniu sandarinimu ir vir\u0161utiniu pl\u0117vel\u0117s ritiniu FW serija"},"content":{"rendered":"<div data-elementor-type=\"wp-post\" data-elementor-id=\"17526\" class=\"elementor elementor-17526\">\n\t\t\t\t\t\t<section class=\"elementor-section elementor-top-section elementor-element elementor-element-f053906 elementor-section-boxed elementor-section-height-default elementor-section-height-default\" data-id=\"f053906\" data-element_type=\"section\" data-e-type=\"section\">\n\t\t\t\t\t\t<div class=\"elementor-container elementor-column-gap-default\">\n\t\t\t\t\t<div class=\"elementor-column elementor-col-100 elementor-top-column elementor-element elementor-element-35383080\" data-id=\"35383080\" data-element_type=\"column\" data-e-type=\"column\">\n\t\t\t<div class=\"elementor-widget-wrap elementor-element-populated\">\n\t\t\t\t\t\t<div class=\"elementor-element elementor-element-51dd7ad1 elementor-widget elementor-widget-text-editor\" data-id=\"51dd7ad1\" data-element_type=\"widget\" data-e-type=\"widget\" data-widget_type=\"text-editor.default\">\n\t\t\t\t<div class=\"elementor-widget-container\">\n\t\t\t\t\t\t\t\t\t<table dir=\"ltr\" border=\"1\" cellspacing=\"0\" cellpadding=\"0\" data-sheets-root=\"1\" data-sheets-baot=\"1\"><colgroup> <col width=\"100\" \/> <col width=\"100\" \/> <col width=\"100\" \/><\/colgroup><tbody><tr><td>Specifikacija\u00a0(pavyzdys: FW300E\/FW400E\/FW500E)<\/td><td>\u0417\u043d\u0430\u0447\u0435\u043d\u0438\u0435<\/td><td><div><div>Papildoma informacija<\/div><\/div><\/td><\/tr><tr><td>\u041f\u0440\u043e\u0438\u0437\u0432\u043e\u0434\u0438\u0442\u0435\u043b\u044c\u043d\u043e\u0441\u0442\u044c<\/td><td>Iki 80 produkt\u0173\/minut\u0119<\/td><td><div><div>Priklauso nuo produkto dyd\u017eio ir pl\u0117vel\u0117s<\/div><\/div><\/td><\/tr><tr><td>Kry\u017emin\u0117 sandarinimo juosta<\/td><td>250 mm<\/td><td>\u00a0<\/td><\/tr><tr><td>\u041c\u0430\u043a\u0441\u0438\u043c\u0430\u043b\u044c\u043d\u0430\u044f \u0432\u044b\u0441\u043e\u0442\u0430 \u043f\u0440\u043e\u0434\u0443\u043a\u0442\u0430<\/td><td>100 mm<\/td><td>\u00a0<\/td><\/tr><tr><td>Varikliai<\/td><td>Atskiri be\u0161epet\u0117liniai varikliai ir tvarkykl\u0117s<\/td><td><div><div>Tikslus ir sinchronizuotas veikimas<\/div><\/div><\/td><\/tr><tr><td>Automatinis pl\u0117vel\u0117s reguliavimas<\/td><td>\u0414\u0430<\/td><td><div><div>Optimalus pl\u0117vel\u0117s naudojimas<\/div><\/div><\/td><\/tr><tr><td>Pl\u0117vel\u0117s sandarinimo sistema<\/td><td>Rotacin\u0117 juosta su pastoviu \u0161ildymu<\/td><td><div><div>Auk\u0161ta sandarinimo kokyb\u0117<\/div><\/div><\/td><\/tr><tr><td>\u201eIndustry 4.0\u201c ir IoT atitikimas<\/td><td>\u0414\u0430<\/td><td><div><div>Nuotolin\u0117 steb\u0117sena ir valdymas<\/div><\/div><\/td><\/tr><tr><td>Naudojamos pl\u0117vel\u0117s<\/td><td><div><div>Paprastos arba sud\u0117tin\u0117s lanks\u010dios med\u017eiagos<\/div><\/div><\/td><td>\u00a0<\/td><\/tr><\/tbody><\/table>\t\t\t\t\t\t\t\t<\/div>\n\t\t\t\t<\/div>\n\t\t\t\t\t<\/div>\n\t\t<\/div>\n\t\t\t\t\t<\/div>\n\t\t<\/section>\n\t\t\t\t<section class=\"elementor-section elementor-top-section elementor-element elementor-element-f87df35 elementor-section-boxed elementor-section-height-default elementor-section-height-default\" data-id=\"f87df35\" data-element_type=\"section\" data-e-type=\"section\">\n\t\t\t\t\t\t<div class=\"elementor-container elementor-column-gap-default\">\n\t\t\t\t\t<div class=\"elementor-column elementor-col-66 elementor-top-column elementor-element elementor-element-dfdc420\" data-id=\"dfdc420\" data-element_type=\"column\" data-e-type=\"column\">\n\t\t\t<div class=\"elementor-widget-wrap elementor-element-populated\">\n\t\t\t\t\t\t<div class=\"elementor-element elementor-element-ba7a4f1 elementor-widget elementor-widget-video\" data-id=\"ba7a4f1\" data-element_type=\"widget\" data-e-type=\"widget\" data-settings=\"{&quot;youtube_url&quot;:&quot;https:\\\/\\\/www.youtube.com\\\/watch?v=CbRLHNJXOaQ&quot;,&quot;video_type&quot;:&quot;youtube&quot;,&quot;controls&quot;:&quot;yes&quot;}\" data-widget_type=\"video.default\">\n\t\t\t\t<div class=\"elementor-widget-container\">\n\t\t\t\t\t\t\t<div class=\"elementor-wrapper elementor-open-inline\">\n\t\t\t<div class=\"elementor-video\"><\/div>\t\t<\/div>\n\t\t\t\t\t\t<\/div>\n\t\t\t\t<\/div>\n\t\t\t\t\t<\/div>\n\t\t<\/div>\n\t\t\t\t<div class=\"elementor-column elementor-col-33 elementor-top-column elementor-element elementor-element-e37d8d7\" data-id=\"e37d8d7\" data-element_type=\"column\" data-e-type=\"column\">\n\t\t\t<div class=\"elementor-widget-wrap elementor-element-populated\">\n\t\t\t\t\t\t<div class=\"elementor-element elementor-element-433a2b0 btn-position-bottom elementor-widget elementor-widget-razzi-image-button\" data-id=\"433a2b0\" data-element_type=\"widget\" data-e-type=\"widget\" data-widget_type=\"razzi-image-button.default\">\n\t\t\t\t<div class=\"elementor-widget-container\">\n\t\t\t\t\t<div class=\"razzi-image-button\"><img fetchpriority=\"high\" decoding=\"async\" width=\"650\" height=\"495\" src=\"https:\/\/packstera.lt\/wp-content\/uploads\/2025\/07\/FW-entrylevel-300-400.jpg\" class=\"attachment-full size-full wp-image-17540\" alt=\"\" \/><a href=\"https:\/\/packstera.lt\/wp-content\/uploads\/2025\/06\/serie-fw-en-es-pt.pdf\" target=\"_blank\" rel=\"nofollow\" class=\"razzi-image-button__link\"><\/a><a href=\"https:\/\/packstera.lt\/wp-content\/uploads\/2025\/06\/serie-fw-en-es-pt.pdf\" target=\"_blank\" rel=\"nofollow\" class=\"razzi-image-button__position razzi-image-button__button\">\u041e\u043f\u0438\u0441\u0430\u043d\u0438\u0435 \u043f\u0440\u043e\u0438\u0437\u0432\u043e\u0434\u0438\u0442\u0435\u043b\u044f <span class=\"razzi-svg-icon\"><svg aria-hidden=\"true\" role=\"img\" focusable=\"false\" xmlns=\"http:\/\/www.w3.org\/2000\/svg\" width=\"24\" height=\"24\" viewbox=\"0 0 24 24\" fill=\"none\" stroke=\"currentColor\" stroke-width=\"2\" stroke-linecap=\"round\" stroke-linejoin=\"round\"><line x1=\"0\" y1=\"12\" x2=\"19\" y2=\"12\"><\/line><polyline points=\"12 5 19 12 12 19\"><\/polyline><\/svg><\/span><\/a><\/div>\t\t\t\t<\/div>\n\t\t\t\t<\/div>\n\t\t\t\t\t<\/div>\n\t\t<\/div>\n\t\t\t\t\t<\/div>\n\t\t<\/section>\n\t\t\t\t<\/div>","protected":false},"excerpt":{"rendered":"<p style=\"text-align: justify;\">Srautinio pakavimo ma\u0161ina su rotaciniu sandarinimu ir vir\u0161utiniu pl\u0117vel\u0117s ritiniu FW serija. Sukurta pagal \u201eIndustry 4.0\u201c ir daikt\u0173 interneto (IoT) technologines platformas, yra ma\u0161in\u0173 \u0161eima, u\u017ebaigianti \u201eSMIPACK\u201c asortiment\u0105. Versija su rotacine sandarinimo juostos sistema susideda i\u0161 7 modeli\u0173 (penki su vir\u0161utine rite, trys i\u0161 j\u0173 skirti pradinio lygio sektoriui, ir du su apatine rite) ir pakuoja plat\u0173 asortiment\u0105 netaisyklingos formos ir ma\u017e\u0173 matmen\u0173 produkt\u0173, kurie patenka \u012f ma\u0161in\u0105 tiek palaidi (vienos doz\u0117s), tiek i\u0161 anksto sugrupuoti (multipack). Produktai dedami \u012f pakuotes, pagamintas i\u0161 paprastos arba sud\u0117tin\u0117s lanks\u010dios med\u017eiagos, o maksimalus na\u0161umas siekia 200 produkt\u0173 per minut\u0119 (priklausomai nuo pasirinkto modelio).<\/p>","protected":false},"featured_media":17536,"template":"","meta":[],"product_cat":[567],"product_tag":[717,716,715],"class_list":{"0":"post-17526","1":"product","2":"type-product","3":"status-publish","4":"has-post-thumbnail","6":"product_brand-smipack","7":"product_cat-pakavimo-i-termo-plevele-irenginiai","8":"product_tag-logistika","9":"product_tag-medienos","10":"product_tag-popieriaus","12":"first","13":"instock","14":"shipping-taxable","15":"product-type-simple"},"_links":{"self":[{"href":"https:\/\/packstera.lt\/ru\/wp-json\/wp\/v2\/product\/17526","targetHints":{"allow":["GET"]}}],"collection":[{"href":"https:\/\/packstera.lt\/ru\/wp-json\/wp\/v2\/product"}],"about":[{"href":"https:\/\/packstera.lt\/ru\/wp-json\/wp\/v2\/types\/product"}],"version-history":[{"count":5,"href":"https:\/\/packstera.lt\/ru\/wp-json\/wp\/v2\/product\/17526\/revisions"}],"predecessor-version":[{"id":17543,"href":"https:\/\/packstera.lt\/ru\/wp-json\/wp\/v2\/product\/17526\/revisions\/17543"}],"wp:featuredmedia":[{"embeddable":true,"href":"https:\/\/packstera.lt\/ru\/wp-json\/wp\/v2\/media\/17536"}],"wp:attachment":[{"href":"https:\/\/packstera.lt\/ru\/wp-json\/wp\/v2\/media?parent=17526"}],"wp:term":[{"taxonomy":"product_cat","embeddable":true,"href":"https:\/\/packstera.lt\/ru\/wp-json\/wp\/v2\/product_cat?post=17526"},{"taxonomy":"product_tag","embeddable":true,"href":"https:\/\/packstera.lt\/ru\/wp-json\/wp\/v2\/product_tag?post=17526"}],"curies":[{"name":"WP","href":"https:\/\/api.w.org\/{rel}","templated":true}]}}