{"id":17544,"date":"2025-07-08T11:29:00","date_gmt":"2025-07-08T08:29:00","guid":{"rendered":"https:\/\/packstera.lt\/?post_type=product&#038;p=17544"},"modified":"2025-07-08T15:11:27","modified_gmt":"2025-07-08T12:11:27","slug":"rankinis-terminio-pakavimo-i-plevele-irenginys-s-serija","status":"publish","type":"product","link":"https:\/\/packstera.lt\/ru\/p\/rankinis-terminio-pakavimo-i-plevele-irenginys-s-serija\/","title":{"rendered":"Rankinis terminio pakavimo \u012f pl\u0117vel\u0119 \u012frenginys S serija"},"content":{"rendered":"<div data-elementor-type=\"wp-post\" data-elementor-id=\"17544\" class=\"elementor elementor-17544\">\n\t\t\t\t\t\t<section class=\"elementor-section elementor-top-section elementor-element elementor-element-25c89cf3 elementor-section-boxed elementor-section-height-default elementor-section-height-default\" data-id=\"25c89cf3\" data-element_type=\"section\" data-e-type=\"section\">\n\t\t\t\t\t\t<div class=\"elementor-container elementor-column-gap-default\">\n\t\t\t\t\t<div class=\"elementor-column elementor-col-100 elementor-top-column elementor-element elementor-element-14fdbee6\" data-id=\"14fdbee6\" data-element_type=\"column\" data-e-type=\"column\">\n\t\t\t<div class=\"elementor-widget-wrap elementor-element-populated\">\n\t\t\t\t\t\t<div class=\"elementor-element elementor-element-44ed75fa elementor-widget elementor-widget-text-editor\" data-id=\"44ed75fa\" data-element_type=\"widget\" data-e-type=\"widget\" data-widget_type=\"text-editor.default\">\n\t\t\t\t<div class=\"elementor-widget-container\">\n\t\t\t\t\t\t\t\t\t<table>\n<tbody>\n<tr>\n<td width=\"264\">\u0421\u0440\u0435\u0434\u043d\u044f\u044f \u043f\u0440\u043e\u0438\u0437\u0432\u043e\u0434\u0438\u0442\u0435\u043b\u044c\u043d\u043e\u0441\u0442\u044c<\/td>\n<td width=\"360\">Iki 900 cikl\u0173\/ valand\u0105. Priklausomai nuo pakuot\u0117s bei operatoriaus.<\/td>\n<\/tr>\n<tr>\n<td width=\"264\">\u0420\u0430\u0437\u043c\u0435\u0440 \u0440\u0430\u043c\u043a\u0438 \u043d\u0430\u043b\u043e\u0436\u0435\u043d\u0438\u044f<\/td>\n<td width=\"360\">560 \u0445 430 \u043c\u043c<\/td>\n<\/tr>\n<tr>\n<td width=\"264\">\u041c\u0430\u043a\u0441\u0438\u043c\u0430\u043b\u044c\u043d\u0430\u044f \u0432\u044b\u0441\u043e\u0442\u0430 \u043f\u0440\u043e\u0434\u0443\u043a\u0442\u0430<\/td>\n<td width=\"360\">260 \u043c\u043c<\/td>\n<\/tr>\n<tr>\n<td width=\"264\">\u041c\u0430\u043a\u0441\u0438\u043c\u0430\u043b\u044c\u043d\u044b\u0439 \u0440\u0430\u0437\u043c\u0435\u0440 \u0440\u0443\u043b\u043e\u043d\u0430 \u043f\u043b\u0435\u043d\u043a\u0438<\/td>\n<td width=\"360\">\u0414\u0438\u0430\u043c\u0435\u0442\u0440 600 \u043c\u043c, \u0434\u0438\u0430\u043c\u0435\u0442\u0440 \u0441\u0435\u0440\u0434\u0435\u0447\u043d\u0438\u043a\u0430 250 \u043c\u043c.<\/td>\n<\/tr>\n<tr>\n<td width=\"264\">\u0420\u0430\u0437\u043c\u0435\u0440\u044b \u0443\u0441\u0442\u0440\u043e\u0439\u0441\u0442\u0432\u0430 \u0441 \u043f\u043e\u0434\u0441\u0442\u0430\u0432\u043a\u043e\u0439<\/td>\n<td width=\"360\">(I x P x A) 1720 x 790 x 1090 mm<\/td>\n<\/tr>\n<tr>\n<td width=\"264\">\u043a\u043e\u0440\u043c\u0438\u0442\u044c<\/td>\n<td width=\"360\">220-240 \u0412, 50\/60 \u0413\u0446, 1 \u0424\u041d -N - PE<\/td>\n<\/tr>\n<tr>\n<td width=\"264\">\u0412\u043b\u0430\u0441\u0442\u044c<\/td>\n<td width=\"360\">3700 \u0412\u0442<\/td>\n<\/tr>\n<tr>\n<td width=\"264\">\u041c\u0430\u0441\u0441\u0430<\/td>\n<td width=\"360\">Apie 116 kg<\/td>\n<\/tr>\n<tr>\n<td width=\"264\">\u0418\u0441\u043f\u043e\u043b\u044c\u0437\u0443\u0435\u0442\u0441\u044f \u043f\u043b\u0435\u043d\u043a\u0430<\/td>\n<td width=\"360\">\u0414\u043e 30 \u043c\u043a\u043c<\/td>\n<\/tr>\n<\/tbody>\n<\/table>\t\t\t\t\t\t\t\t<\/div>\n\t\t\t\t<\/div>\n\t\t\t\t\t<\/div>\n\t\t<\/div>\n\t\t\t\t\t<\/div>\n\t\t<\/section>\n\t\t\t\t<section class=\"elementor-section elementor-top-section elementor-element elementor-element-30e8a38 elementor-section-boxed elementor-section-height-default elementor-section-height-default\" data-id=\"30e8a38\" data-element_type=\"section\" data-e-type=\"section\">\n\t\t\t\t\t\t<div class=\"elementor-container elementor-column-gap-default\">\n\t\t\t\t\t<div class=\"elementor-column elementor-col-66 elementor-top-column elementor-element elementor-element-0129562\" data-id=\"0129562\" data-element_type=\"column\" data-e-type=\"column\">\n\t\t\t<div class=\"elementor-widget-wrap elementor-element-populated\">\n\t\t\t\t\t\t<div class=\"elementor-element elementor-element-24fb148 elementor-widget elementor-widget-video\" data-id=\"24fb148\" data-element_type=\"widget\" data-e-type=\"widget\" data-settings=\"{&quot;youtube_url&quot;:&quot;https:\\\/\\\/youtu.be\\\/0lcrLtAf4Ek?si=hPb2CIIl8QA_K3uf&quot;,&quot;video_type&quot;:&quot;youtube&quot;,&quot;controls&quot;:&quot;yes&quot;}\" data-widget_type=\"video.default\">\n\t\t\t\t<div class=\"elementor-widget-container\">\n\t\t\t\t\t\t\t<div class=\"elementor-wrapper elementor-open-inline\">\n\t\t\t<div class=\"elementor-video\"><\/div>\t\t<\/div>\n\t\t\t\t\t\t<\/div>\n\t\t\t\t<\/div>\n\t\t\t\t\t<\/div>\n\t\t<\/div>\n\t\t\t\t<div class=\"elementor-column elementor-col-33 elementor-top-column elementor-element elementor-element-872edc8\" data-id=\"872edc8\" data-element_type=\"column\" data-e-type=\"column\">\n\t\t\t<div class=\"elementor-widget-wrap elementor-element-populated\">\n\t\t\t\t\t\t<div class=\"elementor-element elementor-element-9bbd7d5 btn-position-bottom elementor-widget elementor-widget-razzi-image-button\" data-id=\"9bbd7d5\" data-element_type=\"widget\" data-e-type=\"widget\" data-widget_type=\"razzi-image-button.default\">\n\t\t\t\t<div class=\"elementor-widget-container\">\n\t\t\t\t\t<div class=\"razzi-image-button\"><img fetchpriority=\"high\" decoding=\"async\" width=\"640\" height=\"320\" src=\"https:\/\/packstera.lt\/wp-content\/uploads\/2023\/03\/procesas-1024x512.jpg\" class=\"attachment-large size-large wp-image-15832\" alt=\"\" srcset=\"https:\/\/packstera.lt\/wp-content\/uploads\/2023\/03\/procesas-1024x512.jpg 1024w, https:\/\/packstera.lt\/wp-content\/uploads\/2023\/03\/procesas-300x150.jpg 300w, https:\/\/packstera.lt\/wp-content\/uploads\/2023\/03\/procesas-768x384.jpg 768w, https:\/\/packstera.lt\/wp-content\/uploads\/2023\/03\/procesas-18x9.jpg 18w, https:\/\/packstera.lt\/wp-content\/uploads\/2023\/03\/procesas-570x285.jpg 570w, https:\/\/packstera.lt\/wp-content\/uploads\/2023\/03\/procesas-600x300.jpg 600w, https:\/\/packstera.lt\/wp-content\/uploads\/2023\/03\/procesas-130x65.jpg 130w, https:\/\/packstera.lt\/wp-content\/uploads\/2023\/03\/procesas.jpg 1200w\" sizes=\"(max-width: 640px) 100vw, 640px\" \/><a href=\"https:\/\/packstera.lt\/wp-content\/uploads\/2025\/06\/serie-s-en-es-pt.pdf\" target=\"_blank\" rel=\"nofollow\" class=\"razzi-image-button__link\"><\/a><a href=\"https:\/\/packstera.lt\/wp-content\/uploads\/2025\/06\/serie-s-en-es-pt.pdf\" target=\"_blank\" rel=\"nofollow\" class=\"razzi-image-button__position razzi-image-button__button\">\u041e\u043f\u0438\u0441\u0430\u043d\u0438\u0435 \u043f\u0440\u043e\u0438\u0437\u0432\u043e\u0434\u0438\u0442\u0435\u043b\u044f <span class=\"razzi-svg-icon\"><svg aria-hidden=\"true\" role=\"img\" focusable=\"false\" xmlns=\"http:\/\/www.w3.org\/2000\/svg\" width=\"24\" height=\"24\" viewbox=\"0 0 24 24\" fill=\"none\" stroke=\"currentColor\" stroke-width=\"2\" stroke-linecap=\"round\" stroke-linejoin=\"round\"><line x1=\"0\" y1=\"12\" x2=\"19\" y2=\"12\"><\/line><polyline points=\"12 5 19 12 12 19\"><\/polyline><\/svg><\/span><\/a><\/div>\t\t\t\t<\/div>\n\t\t\t\t<\/div>\n\t\t\t\t\t<\/div>\n\t\t<\/div>\n\t\t\t\t\t<\/div>\n\t\t<\/section>\n\t\t\t\t<\/div>","protected":false},"excerpt":{"rendered":"<p style=\"text-align: justify;\">Rankinis terminio pakavimo \u012f pl\u0117vel\u0119 \u012frenginys S serija. L-sandarinimo gaubto pakavimo \u012frenginiai yra tinkami tiems, kuriems reikia pakavimo sprendim\u0173 ma\u017eoms gamybos apimtims. Tai yra \u201epradinio lygio\u201c pakavimo ma\u0161in\u0173 asortimento dalis, i\u0161laikanti daugum\u0105 S serijos savybi\u0173. \u0160ie \u012frenginiai pasi\u017eymi paprastu valdymu ir patikimumu, idealiai tinka ma\u017eesn\u0117ms \u012fmon\u0117ms ar specializuotoms pakavimo u\u017eduotims.<\/p>\n<p style=\"text-align: justify;\">\u041e\u0431\u043e\u0440\u0443\u0434\u043e\u0432\u0430\u043d\u0438\u0435 \u0434\u043b\u044f \u0442\u0435\u0440\u043c\u043e\u0441\u0432\u0430\u0440\u0438\u0432\u0430\u043d\u0438\u044f \u0438 \u043b\u0430\u043c\u0438\u043d\u0438\u0440\u043e\u0432\u0430\u043d\u0438\u044f Smipack \u044f\u0432\u043b\u044f\u0435\u0442\u0441\u044f \u0438\u0434\u0435\u0430\u043b\u044c\u043d\u044b\u043c \u0440\u0435\u0448\u0435\u043d\u0438\u0435\u043c \u0434\u043b\u044f \u044d\u043a\u043e\u043d\u043e\u043c\u0438\u0447\u043d\u043e\u0439 \u0443\u043f\u0430\u043a\u043e\u0432\u043a\u0438 \u043f\u0440\u043e\u0434\u0443\u043a\u0446\u0438\u0438. \u0423\u0441\u0442\u0440\u043e\u0439\u0441\u0442\u0432\u043e \u043a\u043e\u043d\u0442\u0440\u043e\u043b\u0438\u0440\u0443\u0435\u0442\u0441\u044f \u043e\u043f\u0435\u0440\u0430\u0442\u043e\u0440\u043e\u043c, \u043f\u043e\u0441\u043b\u0435 \u0440\u0430\u0437\u043c\u0435\u0449\u0435\u043d\u0438\u044f \u043f\u0440\u043e\u0434\u0443\u043a\u0442\u0430 \u043f\u0440\u043e\u0438\u0441\u0445\u043e\u0434\u0438\u0442 \u0435\u0433\u043e \u043e\u0431\u043e\u0440\u0430\u0447\u0438\u0432\u0430\u043d\u0438\u0435 \u043f\u043b\u0435\u043d\u043a\u043e\u0439. \u0418\u0434\u0435\u0430\u043b\u044c\u043d\u043e \u043f\u043e\u0434\u0445\u043e\u0434\u0438\u0442 \u0434\u043b\u044f \u0433\u0440\u0443\u043f\u043f\u0438\u0440\u043e\u0432\u043a\u0438 \u043f\u0440\u043e\u0434\u0443\u043a\u0442\u043e\u0432, \u0441\u043e\u0441\u0442\u0430\u0432\u043b\u0435\u043d\u0438\u044f \u043d\u0430\u0431\u043e\u0440\u043e\u0432, \u0434\u043b\u044f \u0433\u0438\u0431\u043a\u043e\u0441\u0442\u0438 \u0443\u043f\u0430\u043a\u043e\u0432\u043a\u0438 \u0440\u0430\u0437\u043b\u0438\u0447\u043d\u044b\u0445 \u043f\u0440\u043e\u0434\u0443\u043a\u0442\u043e\u0432.<\/p>\n<p style=\"text-align: justify;\">\u012eranga skirta pakuoti ne daugiau nei 900 pakuo\u010di\u0173\/valand\u0105. Esant didesniam pakavimo na\u0161umo poreikiui, galime pasi\u016blyti ir kit\u0173 sprendim\u0173.<\/p>","protected":false},"featured_media":17552,"template":"","meta":[],"product_cat":[567],"product_tag":[],"class_list":{"0":"post-17544","1":"product","2":"type-product","3":"status-publish","4":"has-post-thumbnail","6":"product_brand-smipack","7":"product_cat-pakavimo-i-termo-plevele-irenginiai","9":"first","10":"instock","11":"shipping-taxable","12":"product-type-simple"},"_links":{"self":[{"href":"https:\/\/packstera.lt\/ru\/wp-json\/wp\/v2\/product\/17544","targetHints":{"allow":["GET"]}}],"collection":[{"href":"https:\/\/packstera.lt\/ru\/wp-json\/wp\/v2\/product"}],"about":[{"href":"https:\/\/packstera.lt\/ru\/wp-json\/wp\/v2\/types\/product"}],"version-history":[{"count":4,"href":"https:\/\/packstera.lt\/ru\/wp-json\/wp\/v2\/product\/17544\/revisions"}],"predecessor-version":[{"id":17557,"href":"https:\/\/packstera.lt\/ru\/wp-json\/wp\/v2\/product\/17544\/revisions\/17557"}],"wp:featuredmedia":[{"embeddable":true,"href":"https:\/\/packstera.lt\/ru\/wp-json\/wp\/v2\/media\/17552"}],"wp:attachment":[{"href":"https:\/\/packstera.lt\/ru\/wp-json\/wp\/v2\/media?parent=17544"}],"wp:term":[{"taxonomy":"product_cat","embeddable":true,"href":"https:\/\/packstera.lt\/ru\/wp-json\/wp\/v2\/product_cat?post=17544"},{"taxonomy":"product_tag","embeddable":true,"href":"https:\/\/packstera.lt\/ru\/wp-json\/wp\/v2\/product_tag?post=17544"}],"curies":[{"name":"WP","href":"https:\/\/api.w.org\/{rel}","templated":true}]}}