{"id":17558,"date":"2025-07-08T14:55:31","date_gmt":"2025-07-08T11:55:31","guid":{"rendered":"https:\/\/packstera.lt\/?post_type=product&#038;p=17558"},"modified":"2025-07-08T15:11:22","modified_gmt":"2025-07-08T12:11:22","slug":"pusiau-automatinis-terminio-pakavimo-i-plevele-irenginys-fp-serija","status":"publish","type":"product","link":"https:\/\/packstera.lt\/ru\/p\/pusiau-automatinis-terminio-pakavimo-i-plevele-irenginys-fp-serija\/","title":{"rendered":"Pusiau automatinis terminio pakavimo \u012f pl\u0117vel\u0119 \u012frenginys FP serija"},"content":{"rendered":"<div data-elementor-type=\"wp-post\" data-elementor-id=\"17558\" class=\"elementor elementor-17558\">\n\t\t\t\t\t\t<section class=\"elementor-section elementor-top-section elementor-element elementor-element-25c89cf3 elementor-section-boxed elementor-section-height-default elementor-section-height-default\" data-id=\"25c89cf3\" data-element_type=\"section\" data-e-type=\"section\">\n\t\t\t\t\t\t<div class=\"elementor-container elementor-column-gap-default\">\n\t\t\t\t\t<div class=\"elementor-column elementor-col-100 elementor-top-column elementor-element elementor-element-14fdbee6\" data-id=\"14fdbee6\" data-element_type=\"column\" data-e-type=\"column\">\n\t\t\t<div class=\"elementor-widget-wrap elementor-element-populated\">\n\t\t\t\t\t\t<div class=\"elementor-element elementor-element-44ed75fa elementor-widget elementor-widget-text-editor\" data-id=\"44ed75fa\" data-element_type=\"widget\" data-e-type=\"widget\" data-widget_type=\"text-editor.default\">\n\t\t\t\t<div class=\"elementor-widget-container\">\n\t\t\t\t\t\t\t\t\t<table dir=\"ltr\" border=\"1\" cellspacing=\"0\" cellpadding=\"0\" data-sheets-root=\"1\" data-sheets-baot=\"1\"><colgroup><col width=\"100\" \/><col width=\"100\" \/><\/colgroup><tbody><tr><td>\u0421\u043f\u0435\u0446\u0438\u0444\u0438\u043a\u0430\u0446\u0438\u044f<\/td><td>\u0417\u043d\u0430\u0447\u0435\u043d\u0438\u0435<\/td><\/tr><tr><td>Kry\u017emin\u0117s sandarinimo juostos plotis<\/td><td>Nuo 500 mm iki 820 mm<\/td><\/tr><tr><td>Maksimalus pakuot\u0117s auk\u0161tis<\/td><td>Nuo 200 mm iki 350 mm<\/td><\/tr><tr><td>Maksimalus na\u0161umas<\/td><td>Iki 9000 pakuo\u010di\u0173\/valand\u0105<\/td><\/tr><tr><td>\u0423\u043f\u0440\u0430\u0432\u043b\u0435\u043d\u0438\u0435<\/td><td>7 coli\u0173 spalvotas jutiklinis ekranas<\/td><\/tr><tr><td>Darbo cikl\u0173 programavimo galimyb\u0117<\/td><td>Iki 50 skirting\u0173 darbo cikl\u0173<\/td><\/tr><tr><td>Darbo ciklai<\/td><td>Nuolatinis sandarinimas, intermitentinis arba d\u0117\u017e\u0117s judesio ciklas<\/td><\/tr><tr><td>\u0418\u0441\u043f\u043e\u043b\u044c\u0437\u0443\u0435\u0442\u0441\u044f \u043f\u043b\u0435\u043d\u043a\u0430<\/td><td>Poliolefinas, polietilenas, polipropilenas<\/td><\/tr><tr><td>\u043a\u043e\u0440\u043c\u0438\u0442\u044c<\/td><td>Trifazis<\/td><\/tr><\/tbody><\/table>\t\t\t\t\t\t\t\t<\/div>\n\t\t\t\t<\/div>\n\t\t\t\t\t<\/div>\n\t\t<\/div>\n\t\t\t\t\t<\/div>\n\t\t<\/section>\n\t\t\t\t<section class=\"elementor-section elementor-top-section elementor-element elementor-element-30e8a38 elementor-section-boxed elementor-section-height-default elementor-section-height-default\" data-id=\"30e8a38\" data-element_type=\"section\" data-e-type=\"section\">\n\t\t\t\t\t\t<div class=\"elementor-container elementor-column-gap-default\">\n\t\t\t\t\t<div class=\"elementor-column elementor-col-66 elementor-top-column elementor-element elementor-element-0129562\" data-id=\"0129562\" data-element_type=\"column\" data-e-type=\"column\">\n\t\t\t<div class=\"elementor-widget-wrap elementor-element-populated\">\n\t\t\t\t\t\t<div class=\"elementor-element elementor-element-24fb148 elementor-widget elementor-widget-video\" data-id=\"24fb148\" data-element_type=\"widget\" data-e-type=\"widget\" data-settings=\"{&quot;youtube_url&quot;:&quot;https:\\\/\\\/youtu.be\\\/LAsdt3nRDVA?si=Zqv2gUSOEGwBL7SR&quot;,&quot;video_type&quot;:&quot;youtube&quot;,&quot;controls&quot;:&quot;yes&quot;}\" data-widget_type=\"video.default\">\n\t\t\t\t<div class=\"elementor-widget-container\">\n\t\t\t\t\t\t\t<div class=\"elementor-wrapper elementor-open-inline\">\n\t\t\t<div class=\"elementor-video\"><\/div>\t\t<\/div>\n\t\t\t\t\t\t<\/div>\n\t\t\t\t<\/div>\n\t\t\t\t\t<\/div>\n\t\t<\/div>\n\t\t\t\t<div class=\"elementor-column elementor-col-33 elementor-top-column elementor-element elementor-element-872edc8\" data-id=\"872edc8\" data-element_type=\"column\" data-e-type=\"column\">\n\t\t\t<div class=\"elementor-widget-wrap elementor-element-populated\">\n\t\t\t\t\t\t<div class=\"elementor-element elementor-element-9bbd7d5 btn-position-bottom elementor-widget elementor-widget-razzi-image-button\" data-id=\"9bbd7d5\" data-element_type=\"widget\" data-e-type=\"widget\" data-widget_type=\"razzi-image-button.default\">\n\t\t\t\t<div class=\"elementor-widget-container\">\n\t\t\t\t\t<div class=\"razzi-image-button\"><img fetchpriority=\"high\" decoding=\"async\" width=\"640\" height=\"640\" src=\"https:\/\/packstera.lt\/wp-content\/uploads\/2025\/07\/FP560A-FP870A-1024x1024.jpg\" class=\"attachment-large size-large wp-image-17569\" alt=\"\" srcset=\"https:\/\/packstera.lt\/wp-content\/uploads\/2025\/07\/FP560A-FP870A-1024x1024.jpg 1024w, https:\/\/packstera.lt\/wp-content\/uploads\/2025\/07\/FP560A-FP870A-600x600.jpg 600w, https:\/\/packstera.lt\/wp-content\/uploads\/2025\/07\/FP560A-FP870A-150x150.jpg 150w, https:\/\/packstera.lt\/wp-content\/uploads\/2025\/07\/FP560A-FP870A-300x300.jpg 300w, https:\/\/packstera.lt\/wp-content\/uploads\/2025\/07\/FP560A-FP870A-768x768.jpg 768w\" sizes=\"(max-width: 640px) 100vw, 640px\" \/><a href=\"https:\/\/packstera.lt\/wp-content\/uploads\/2022\/11\/serie-fp-en-es-pt.pdf\" target=\"_blank\" rel=\"nofollow\" class=\"razzi-image-button__link\"><\/a><a href=\"https:\/\/packstera.lt\/wp-content\/uploads\/2022\/11\/serie-fp-en-es-pt.pdf\" target=\"_blank\" rel=\"nofollow\" class=\"razzi-image-button__position razzi-image-button__button\">\u041e\u043f\u0438\u0441\u0430\u043d\u0438\u0435 \u043f\u0440\u043e\u0438\u0437\u0432\u043e\u0434\u0438\u0442\u0435\u043b\u044f <span class=\"razzi-svg-icon\"><svg aria-hidden=\"true\" role=\"img\" focusable=\"false\" xmlns=\"http:\/\/www.w3.org\/2000\/svg\" width=\"24\" height=\"24\" viewbox=\"0 0 24 24\" fill=\"none\" stroke=\"currentColor\" stroke-width=\"2\" stroke-linecap=\"round\" stroke-linejoin=\"round\"><line x1=\"0\" y1=\"12\" x2=\"19\" y2=\"12\"><\/line><polyline points=\"12 5 19 12 12 19\"><\/polyline><\/svg><\/span><\/a><\/div>\t\t\t\t<\/div>\n\t\t\t\t<\/div>\n\t\t\t\t\t<\/div>\n\t\t<\/div>\n\t\t\t\t\t<\/div>\n\t\t<\/section>\n\t\t\t\t<\/div>","protected":false},"excerpt":{"rendered":"<p style=\"text-align: justify;\">Pusiau automatinis terminio pakavimo \u012f pl\u0117vel\u0119 \u012frenginys FP serija. Sukurti pagal pa\u017eangiausias \u201eIndustry 4.0\u201c koncepcijas, pasi\u017eymi puikiu kokyb\u0117s ir kainos santykiu bei moduli\u0161kumu. Visi \u0161io asortimento modeliai gali b\u016bti tiekiami su termo tuneliu arba be jo. HS serija su nuolatiniu sandarinimu ir pertraukiamu arba d\u0117\u017eut\u0117s judesio ciklu gali dirbti su poliolefinu, polietilenu, polipropilenu (sulenkta per vidur\u012f arba plok\u0161\u010dia pl\u0117vele su PX pl\u0117vel\u0117s lankstytuvu). \u0160ie \u012frenginiai idealiai tinka didel\u0117s apimties gamybai, u\u017etikrinant efektyvum\u0105 ir patikimum\u0105.<\/p>\n<p>FP serijos pusiau automatiniai ir automatiniai \u201epilnai elektriniai\u201c pakavimo \u012frenginiai su L formos sandarinimo sistema pasi\u017eymi puikiu kokyb\u0117s ir kainos santykiu bei moduli\u0161kumu. Visi \u0161ios serijos modeliai gali b\u016bti tiekiami su susitraukimo tuneliu arba be jo. \u0160i\u0173 ma\u0161in\u0173 INOX versija idealiai tinka maisto pramon\u0117s poreikiams tenkinti; ji turi ner\u016bdijan\u010dio plieno r\u0117m\u0105 (AISI 304) ir yra apr\u016bpinta konvejerio juosta, atitinkan\u010dia FDA, UE ir USDA reglamentus d\u0117l s\u0105ly\u010dio su maistu.<\/p>\n<p>Palyginti su tradiciniais L formos sandarinimo \u012frenginiais, FP serija pasi\u017eymi didesniu na\u0161umu, taip pat galimybe naudoti polietileno pl\u0117vel\u0119, be tradicini\u0173 susitraukian\u010di\u0173 pl\u0117veli\u0173, ir apima skirtingus modelius, kuri\u0173 na\u0161umas siekia iki 3600 pakuo\u010di\u0173 per valand\u0105.\u00a0Esant didesniam pakavimo na\u0161umo poreikiui, galime pasi\u016blyti ir kit\u0173 sprendim\u0173.<\/p>","protected":false},"featured_media":17566,"template":"","meta":[],"product_cat":[567],"product_tag":[],"class_list":{"0":"post-17558","1":"product","2":"type-product","3":"status-publish","4":"has-post-thumbnail","6":"product_brand-smipack","7":"product_cat-pakavimo-i-termo-plevele-irenginiai","9":"first","10":"instock","11":"shipping-taxable","12":"product-type-simple"},"_links":{"self":[{"href":"https:\/\/packstera.lt\/ru\/wp-json\/wp\/v2\/product\/17558","targetHints":{"allow":["GET"]}}],"collection":[{"href":"https:\/\/packstera.lt\/ru\/wp-json\/wp\/v2\/product"}],"about":[{"href":"https:\/\/packstera.lt\/ru\/wp-json\/wp\/v2\/types\/product"}],"version-history":[{"count":5,"href":"https:\/\/packstera.lt\/ru\/wp-json\/wp\/v2\/product\/17558\/revisions"}],"predecessor-version":[{"id":17581,"href":"https:\/\/packstera.lt\/ru\/wp-json\/wp\/v2\/product\/17558\/revisions\/17581"}],"wp:featuredmedia":[{"embeddable":true,"href":"https:\/\/packstera.lt\/ru\/wp-json\/wp\/v2\/media\/17566"}],"wp:attachment":[{"href":"https:\/\/packstera.lt\/ru\/wp-json\/wp\/v2\/media?parent=17558"}],"wp:term":[{"taxonomy":"product_cat","embeddable":true,"href":"https:\/\/packstera.lt\/ru\/wp-json\/wp\/v2\/product_cat?post=17558"},{"taxonomy":"product_tag","embeddable":true,"href":"https:\/\/packstera.lt\/ru\/wp-json\/wp\/v2\/product_tag?post=17558"}],"curies":[{"name":"WP","href":"https:\/\/api.w.org\/{rel}","templated":true}]}}