{"id":17584,"date":"2025-07-08T16:25:35","date_gmt":"2025-07-08T13:25:35","guid":{"rendered":"https:\/\/packstera.lt\/?post_type=product&#038;p=17584"},"modified":"2025-07-08T16:45:55","modified_gmt":"2025-07-08T13:45:55","slug":"pusiau-automatinis-terminio-pakavimo-i-plevele-irenginys-bp-serija","status":"publish","type":"product","link":"https:\/\/packstera.lt\/ru\/p\/pusiau-automatinis-terminio-pakavimo-i-plevele-irenginys-bp-serija\/","title":{"rendered":"Pusiau automatinis terminio pakavimo \u012f pl\u0117vel\u0119 \u012frenginys BP serija"},"content":{"rendered":"<div data-elementor-type=\"wp-post\" data-elementor-id=\"17584\" class=\"elementor elementor-17584\">\n\t\t\t\t\t\t<section class=\"elementor-section elementor-top-section elementor-element elementor-element-25c89cf3 elementor-section-boxed elementor-section-height-default elementor-section-height-default\" data-id=\"25c89cf3\" data-element_type=\"section\" data-e-type=\"section\">\n\t\t\t\t\t\t<div class=\"elementor-container elementor-column-gap-default\">\n\t\t\t\t\t<div class=\"elementor-column elementor-col-100 elementor-top-column elementor-element elementor-element-14fdbee6\" data-id=\"14fdbee6\" data-element_type=\"column\" data-e-type=\"column\">\n\t\t\t<div class=\"elementor-widget-wrap elementor-element-populated\">\n\t\t\t\t\t\t<div class=\"elementor-element elementor-element-44ed75fa elementor-widget elementor-widget-text-editor\" data-id=\"44ed75fa\" data-element_type=\"widget\" data-e-type=\"widget\" data-widget_type=\"text-editor.default\">\n\t\t\t\t<div class=\"elementor-widget-container\">\n\t\t\t\t\t\t\t\t\t<table dir=\"ltr\" border=\"1\" cellspacing=\"0\" cellpadding=\"0\" data-sheets-root=\"1\" data-sheets-baot=\"1\"><colgroup><col width=\"100\" \/><col width=\"100\" \/><\/colgroup><tbody><tr><td>\u0421\u043f\u0435\u0446\u0438\u0444\u0438\u043a\u0430\u0446\u0438\u044f<\/td><td>\u0417\u043d\u0430\u0447\u0435\u043d\u0438\u0435<\/td><\/tr><tr><td>\u041f\u0440\u043e\u0438\u0437\u0432\u043e\u0434\u0438\u0442\u0435\u043b\u044c\u043d\u043e\u0441\u0442\u044c<\/td><td>Iki 25 pakuo\u010di\u0173\/minut\u0119<\/td><\/tr><tr><td>Darbo ciklai<\/td><td>Automatinis, pusiau automatinis, laisvo pralaidumo<\/td><\/tr><tr><td>Padavimas<\/td><td>90circ arba tiesioginis<\/td><\/tr><tr><td>\u0423\u043f\u0440\u0430\u0432\u043b\u0435\u043d\u0438\u0435<\/td><td>Spalvotas jutiklinis ekranas su PLC<\/td><\/tr><tr><td>Darbo cikl\u0173 programavimo galimyb\u0117<\/td><td>Iki 20-50 skirting\u0173 darbo cikl\u0173<\/td><\/tr><tr><td>Tunelio konvejeris<\/td><td>Su kar\u0161\u010diui atspariomis stiklo pluo\u0161to juostomis<\/td><\/tr><tr><td>Daugiapakop\u0117 sistema<\/td><td>\u0414\u0430<\/td><\/tr><tr><td>\u201eIndustry 4.0\u201c atitikimas<\/td><td>\u0414\u0430<\/td><\/tr><tr><td>R\u0117mo med\u017eiaga<\/td><td>Da\u017eytas arba ner\u016bdijantis plienas (INOX versija)<\/td><\/tr><\/tbody><\/table>\t\t\t\t\t\t\t\t<\/div>\n\t\t\t\t<\/div>\n\t\t\t\t\t<\/div>\n\t\t<\/div>\n\t\t\t\t\t<\/div>\n\t\t<\/section>\n\t\t\t\t<section class=\"elementor-section elementor-top-section elementor-element elementor-element-30e8a38 elementor-section-boxed elementor-section-height-default elementor-section-height-default\" data-id=\"30e8a38\" data-element_type=\"section\" data-e-type=\"section\">\n\t\t\t\t\t\t<div class=\"elementor-container elementor-column-gap-default\">\n\t\t\t\t\t<div class=\"elementor-column elementor-col-66 elementor-top-column elementor-element elementor-element-0129562\" data-id=\"0129562\" data-element_type=\"column\" data-e-type=\"column\">\n\t\t\t<div class=\"elementor-widget-wrap elementor-element-populated\">\n\t\t\t\t\t\t<div class=\"elementor-element elementor-element-24fb148 elementor-widget elementor-widget-video\" data-id=\"24fb148\" data-element_type=\"widget\" data-e-type=\"widget\" data-settings=\"{&quot;youtube_url&quot;:&quot;https:\\\/\\\/www.youtube.com\\\/watch?v=vQXTPTWJM9k&quot;,&quot;video_type&quot;:&quot;youtube&quot;,&quot;controls&quot;:&quot;yes&quot;}\" data-widget_type=\"video.default\">\n\t\t\t\t<div class=\"elementor-widget-container\">\n\t\t\t\t\t\t\t<div class=\"elementor-wrapper elementor-open-inline\">\n\t\t\t<div class=\"elementor-video\"><\/div>\t\t<\/div>\n\t\t\t\t\t\t<\/div>\n\t\t\t\t<\/div>\n\t\t\t\t\t<\/div>\n\t\t<\/div>\n\t\t\t\t<div class=\"elementor-column elementor-col-33 elementor-top-column elementor-element elementor-element-872edc8\" data-id=\"872edc8\" data-element_type=\"column\" data-e-type=\"column\">\n\t\t\t<div class=\"elementor-widget-wrap elementor-element-populated\">\n\t\t\t\t\t\t<div class=\"elementor-element elementor-element-9bbd7d5 btn-position-bottom elementor-widget elementor-widget-razzi-image-button\" data-id=\"9bbd7d5\" data-element_type=\"widget\" data-e-type=\"widget\" data-widget_type=\"razzi-image-button.default\">\n\t\t\t\t<div class=\"elementor-widget-container\">\n\t\t\t\t\t<div class=\"razzi-image-button\"><img fetchpriority=\"high\" decoding=\"async\" width=\"640\" height=\"640\" src=\"https:\/\/packstera.lt\/wp-content\/uploads\/2025\/07\/BP-SEMI-1024x1024.jpg\" class=\"attachment-large size-large wp-image-17649\" alt=\"\" srcset=\"https:\/\/packstera.lt\/wp-content\/uploads\/2025\/07\/BP-SEMI-1024x1024.jpg 1024w, https:\/\/packstera.lt\/wp-content\/uploads\/2025\/07\/BP-SEMI-600x600.jpg 600w, https:\/\/packstera.lt\/wp-content\/uploads\/2025\/07\/BP-SEMI-150x150.jpg 150w, https:\/\/packstera.lt\/wp-content\/uploads\/2025\/07\/BP-SEMI-300x300.jpg 300w, https:\/\/packstera.lt\/wp-content\/uploads\/2025\/07\/BP-SEMI-768x768.jpg 768w\" sizes=\"(max-width: 640px) 100vw, 640px\" \/><a href=\"https:\/\/packstera.lt\/wp-content\/uploads\/2025\/06\/serie-bp-en-es-pt.pdf\" target=\"_blank\" rel=\"nofollow\" class=\"razzi-image-button__link\"><\/a><a href=\"https:\/\/packstera.lt\/wp-content\/uploads\/2025\/06\/serie-bp-en-es-pt.pdf\" target=\"_blank\" rel=\"nofollow\" class=\"razzi-image-button__position razzi-image-button__button\">\u041e\u043f\u0438\u0441\u0430\u043d\u0438\u0435 \u043f\u0440\u043e\u0438\u0437\u0432\u043e\u0434\u0438\u0442\u0435\u043b\u044f <span class=\"razzi-svg-icon\"><svg aria-hidden=\"true\" role=\"img\" focusable=\"false\" xmlns=\"http:\/\/www.w3.org\/2000\/svg\" width=\"24\" height=\"24\" viewbox=\"0 0 24 24\" fill=\"none\" stroke=\"currentColor\" stroke-width=\"2\" stroke-linecap=\"round\" stroke-linejoin=\"round\"><line x1=\"0\" y1=\"12\" x2=\"19\" y2=\"12\"><\/line><polyline points=\"12 5 19 12 12 19\"><\/polyline><\/svg><\/span><\/a><\/div>\t\t\t\t<\/div>\n\t\t\t\t<\/div>\n\t\t\t\t\t<\/div>\n\t\t<\/div>\n\t\t\t\t\t<\/div>\n\t\t<\/section>\n\t\t\t\t<\/div>","protected":false},"excerpt":{"rendered":"<p style=\"text-align: justify;\">Pusiau automatinis terminio pakavimo \u012f pl\u0117vel\u0119 \u012frenginys BP serija. Priklausomai nuo modelio, \u0161i pakavimo ma\u0161in\u0173 serija ypa\u010d tinka labai \u012fvairiems skirting\u0173 rinkos sektori\u0173 produktams pakuoti tik \u012f pl\u0117vel\u0119, pad\u0117kl\u0105 + pl\u0117vel\u0119 arba pad\u0117kl\u0105 + pl\u0117vel\u0119.\u00a0\u0160ios ma\u0161inos, apr\u016bpintos 90\u00b0 arba linijiniu padavimu, keli\u0173 st\u016bmim\u0173 sistema ir pa\u017eangiausiomis technologijomis, puikiai ir lengvai integruojamos \u012f susitraukian\u010dios pl\u0117vel\u0117s pakavimo linijas. BP serijos na\u0161umas gali siekti iki 25 pakuo\u010di\u0173 per minut\u0119.<\/p>","protected":false},"featured_media":17601,"template":"","meta":[],"product_cat":[567],"product_tag":[],"class_list":{"0":"post-17584","1":"product","2":"type-product","3":"status-publish","4":"has-post-thumbnail","6":"product_brand-smipack","7":"product_cat-pakavimo-i-termo-plevele-irenginiai","9":"first","10":"instock","11":"shipping-taxable","12":"product-type-simple"},"_links":{"self":[{"href":"https:\/\/packstera.lt\/ru\/wp-json\/wp\/v2\/product\/17584","targetHints":{"allow":["GET"]}}],"collection":[{"href":"https:\/\/packstera.lt\/ru\/wp-json\/wp\/v2\/product"}],"about":[{"href":"https:\/\/packstera.lt\/ru\/wp-json\/wp\/v2\/types\/product"}],"version-history":[{"count":6,"href":"https:\/\/packstera.lt\/ru\/wp-json\/wp\/v2\/product\/17584\/revisions"}],"predecessor-version":[{"id":17652,"href":"https:\/\/packstera.lt\/ru\/wp-json\/wp\/v2\/product\/17584\/revisions\/17652"}],"wp:featuredmedia":[{"embeddable":true,"href":"https:\/\/packstera.lt\/ru\/wp-json\/wp\/v2\/media\/17601"}],"wp:attachment":[{"href":"https:\/\/packstera.lt\/ru\/wp-json\/wp\/v2\/media?parent=17584"}],"wp:term":[{"taxonomy":"product_cat","embeddable":true,"href":"https:\/\/packstera.lt\/ru\/wp-json\/wp\/v2\/product_cat?post=17584"},{"taxonomy":"product_tag","embeddable":true,"href":"https:\/\/packstera.lt\/ru\/wp-json\/wp\/v2\/product_tag?post=17584"}],"curies":[{"name":"WP","href":"https:\/\/api.w.org\/{rel}","templated":true}]}}